{"id":759,"date":"2022-02-21T00:39:07","date_gmt":"2022-02-20T22:39:07","guid":{"rendered":"https:\/\/tdcenter.org\/?page_id=759"},"modified":"2024-06-07T15:46:52","modified_gmt":"2024-06-07T12:46:52","slug":"terms-of-use","status":"publish","type":"page","link":"https:\/\/tdcenter.org\/es\/terms-of-use\/","title":{"rendered":"T\u00e9rminos de uso"},"content":{"rendered":"<div data-elementor-type=\"wp-page\" data-elementor-id=\"759\" class=\"elementor elementor-759\" data-elementor-post-type=\"page\">\n\t\t\t\t\t\t<section class=\"elementor-section elementor-top-section elementor-element elementor-element-7ed2ce elementor-section-boxed elementor-section-height-default elementor-section-height-default\" data-id=\"7ed2ce\" data-element_type=\"section\" data-settings=\"{&quot;ekit_has_onepagescroll_dot&quot;:&quot;yes&quot;}\">\n\t\t\t\t\t\t<div class=\"elementor-container elementor-column-gap-default\">\n\t\t\t\t\t<div class=\"elementor-column elementor-col-100 elementor-top-column elementor-element elementor-element-17a8e793\" data-id=\"17a8e793\" data-element_type=\"column\">\n\t\t\t<div class=\"elementor-widget-wrap elementor-element-populated\">\n\t\t\t\t\t\t<div class=\"elementor-element elementor-element-7c4e6b45 elementor-widget elementor-widget-text-editor\" data-id=\"7c4e6b45\" data-element_type=\"widget\" data-settings=\"{&quot;ekit_we_effect_on&quot;:&quot;none&quot;}\" data-widget_type=\"text-editor.default\">\n\t\t\t\t<div class=\"elementor-widget-container\">\n\t\t\t\t\t\t\t\t\t<p><\/p>\n<h2 class=\"wp-block-heading\"><br><\/h2>\n<h2>T\u00e9rminos de uso<\/h2>\n<p><\/p>\n<p><\/p>\n<p>Este acuerdo regula el uso de los servicios de Insider (\u201cnuestro\u201d, \u201cel sitio web\u201d) por parte del usuario. Al acceder a este sitio web o utilizar nuestros servicios, usted acepta estos T\u00e9rminos en su nombre o en el de cualquier entidad que pudiera representar.<\/p>\n<p><\/p>\n<p><\/p>\n<p>Podemos actualizar o revisar estos T\u00e9rminos en cualquier momento y sin previo aviso. Le recomendamos que visite peri\u00f3dicamente esta secci\u00f3n para asegurar su cumplimiento.<\/p>\n<p><\/p>\n<p><\/p>\n<p>Para utilizar nuestro sitio web y servicios, usted debe tener al menos 18 a\u00f1os de edad. Al utilizar el sitio web y los servicios de Insider (y aceptar estos T\u00e9rminos), usted garantiza y declara que tiene al menos 18 a\u00f1os de edad.<\/p>\n<p><\/p>\n<p><\/p>\n<p>Tambi\u00e9n utilizamos cookies. Esto significa que, al utilizar nuestro sitio, usted acepta estos T\u00e9rminos y consiente nuestra pol\u00edtica de cookies de acuerdo con los t\u00e9rminos de nuestra Pol\u00edtica de Privacidad, a los que puede acceder en la secci\u00f3n de Pol\u00edtica de Privacidad de nuestro sitio web.<\/p><p>El uso de nuestro material de contenido, incluidos documentos, gr\u00e1ficos, seminarios web, estudios de caso y otros, se limita a la descarga, visualizaci\u00f3n, copia e impresi\u00f3n, siempre y cuando su uso est\u00e9 limitado a fines personales y no comerciales, y no modifique ni comercialice nuestro contenido de ninguna manera.<br><\/p>\n<p><\/p>\n<p><\/p>\n<h4 class=\"wp-block-heading\"><strong>C\u00f3mo usar este sitio web<\/strong><\/h4>\n<p><\/p>\n<p><\/p>\n<p>Usted no debe utilizar el sitio web de Insider de ninguna manera que pueda causar da\u00f1o al sitio web o afectar la accesibilidad del mismo; ni de manera alguna que sea ilegal, il\u00edcita o perjudicial, o en relaci\u00f3n con actividades ilegales, il\u00edcitas o fraudulentas.\"<\/p>\n<p><\/p>\n<p><\/p>\n<p>Usted no debe utilizar este sitio web para copiar, almacenar, alojar, transmitir, utilizar, publicar ni distribuir ning\u00fan material que consista en (o est\u00e9 vinculado a) software esp\u00eda, virus inform\u00e1tico, registrador de teclas, caballos de Troya, o cualquier otro software malicioso y perjudicial para el computador.<\/p>\n<p><\/p>\n<p><\/p>\n<p>Proporcionamos a los usuarios de nuestro sitio web informaci\u00f3n \u00fatil sobre los servicios de Insider, as\u00ed como contenido de marketing, informativo y educativo. Por lo tanto, Insider retiene todos los derechos de propiedad intelectual sobre todo el contenido publicado en nuestro sitio web, ya sea que est\u00e9 o no disponible para su uso p\u00fablico bajo estos T\u00e9rminos.<\/p>\n<p><\/p>\n<p><\/p>\n<p>El uso de nuestro material de contenido, incluidos documentos, gr\u00e1ficos, seminarios web, estudios de caso y otros, se limita a la descarga, visualizaci\u00f3n, copia e impresi\u00f3n, siempre y cuando su uso est\u00e9 limitado a fines personales y no comerciales, y no modifique ni comercialice nuestro contenido de ninguna manera.<\/p>\n<p><\/p>\n<p><\/p>\n<p>Si su uso de nuestro contenido se considera \"uso justo\" y cumple con la legislaci\u00f3n sobre derechos de autor, usted no debe utilizar, reproducir, descargar, copiar, mostrar, publicar, transmitir ni distribuir ninguna informaci\u00f3n del sitio web de Insider, en su totalidad o en parte, sin el consentimiento expreso y la autorizaci\u00f3n de los representantes legales de Insider.<\/p>\n<p><\/p>\n<p><\/p>\n<h4 class=\"wp-block-heading\"><strong>Terminaci\u00f3n del uso del sitio web<\/strong><\/h4>\n<p><\/p>\n<p><\/p>\n<p>Estos T\u00e9rminos permanecer\u00e1n en vigor mientras usted utilice el sitio web. Insider podr\u00e1, en cualquier momento, por cualquier motivo y a nuestra exclusiva discreci\u00f3n, terminar sus derechos de uso de este sitio web, o de cualquier servicio accesible a trav\u00e9s del sitio web, incluyendo su cuenta, en caso de violaci\u00f3n de estos T\u00e9rminos.<\/p>\n<p><\/p>\n<p><\/p>\n<p>Al terminarse sus derechos bajo estos T\u00e9rminos, su cuenta y el derecho de acceder y usar el sitio web se terminar\u00e1n de manera inmediata e indefinida. Cualquier terminaci\u00f3n de su cuenta puede implicar la eliminaci\u00f3n de su contenido de usuario asociado con su cuenta de nuestras bases de datos.<\/p>\n<p><\/p>\n<p><\/p>\n<h4 class=\"wp-block-heading\"><strong>Contrase\u00f1as y seguridad<\/strong><\/h4>\n<p><\/p>\n<p><\/p>\n<p>Usted, y solo usted, es responsable de mantener la confidencialidad de cualquier contrase\u00f1a(s) que se le haya proporcionado para acceder a nuestro sitio web y servicios, y es completamente responsable de todas las actividades que ocurran bajo su(s) contrase\u00f1a(s). Bajo estos T\u00e9rminos, usted acepta notificar a Insider de inmediato sobre cualquier uso no autorizado o sospechoso de su(s) contrase\u00f1a(s).<\/p>\n<p><\/p>\n<p><\/p>\n<h4 class=\"wp-block-heading\"><strong>Enlaces a sitios de terceros<\/strong><\/h4>\n<p><\/p>\n<p><\/p>\n<p>Mientras usted navega por nuestro sitio web, puede encontrar enlaces que le permiten abandonar nuestro sitio. Los sitios web enlazados no est\u00e1n bajo las regulaciones ni el control de Insider, por lo que no nos hacemos responsables del contenido de ning\u00fan sitio web enlazado ni de cualquier enlace contenido en un sitio web enlazado. Insider no es responsable de ninguna informaci\u00f3n o transmisi\u00f3n recibida de cualquier sitio web enlazado.<\/p>\n<p><\/p>\t\t\t\t\t\t\t\t<\/div>\n\t\t\t\t<\/div>\n\t\t\t\t\t<\/div>\n\t\t<\/div>\n\t\t\t\t\t<\/div>\n\t\t<\/section>\n\t\t\t\t<\/div>","protected":false},"excerpt":{"rendered":"<p>Terms of Use This agreement regulates customer\u2019s use of Insider (\u201cour\u201d, \u201cthe website\u201d) services. By accessing this website or using our services, you are accepting these Terms on your behalf or any entity you might represent. We might update or revise these Terms at any given time and without prior notice. We encourage you to [&hellip;]<\/p>","protected":false},"author":1,"featured_media":0,"parent":0,"menu_order":0,"comment_status":"closed","ping_status":"closed","template":"","meta":{"footnotes":""},"class_list":["post-759","page","type-page","status-publish","hentry"],"mb":[],"yoast_head":"<!-- This site is optimized with the Yoast SEO Premium plugin v25.6 (Yoast SEO v25.6) - https:\/\/yoast.com\/wordpress\/plugins\/seo\/ -->\n<title>Terms of Use - Transatlantic Dialogue Center<\/title>\n<meta name=\"description\" content=\"Our Terms of Use outline the rules, guidelines, and conditions for using our services and accessing our website. It covers important information such as user obligations, intellectual property rights, limitations of liability, and dispute resolution. It is essential to review and understand the Terms of Use before using our services to ensure compliance and a clear understanding of your rights and responsibilities.\" \/>\n<meta name=\"robots\" content=\"noindex, follow\" \/>\n<meta property=\"og:locale\" content=\"es_ES\" \/>\n<meta property=\"og:type\" content=\"article\" \/>\n<meta property=\"og:title\" content=\"Terms of Use\" \/>\n<meta property=\"og:description\" content=\"Transatlantic Dialogue Center (TDC) is a non-governmental and non-partisan think tank that provides high-quality policy advice to private and public clients. The network of our friends and partners includes government officials, members of parliaments, businessmen, journalists, experts and analysts.\" \/>\n<meta property=\"og:url\" content=\"https:\/\/tdcenter.org\/es\/terms-of-use\/\" \/>\n<meta property=\"og:site_name\" content=\"Transatlantic Dialogue Center\" \/>\n<meta property=\"article:publisher\" content=\"https:\/\/www.facebook.com\/Transatlantic-Dialogue-Center-105645698740463\" \/>\n<meta property=\"article:modified_time\" content=\"2024-06-07T12:46:52+00:00\" \/>\n<meta property=\"og:image\" content=\"https:\/\/tdcenter.org\/wp-content\/uploads\/2023\/02\/\u0411\u0435\u0437-\u043d\u0430\u0437\u0432\u0438-1.png\" \/>\n\t<meta property=\"og:image:width\" content=\"1084\" \/>\n\t<meta property=\"og:image:height\" content=\"1084\" \/>\n\t<meta property=\"og:image:type\" content=\"image\/png\" \/>\n<meta name=\"twitter:card\" content=\"summary_large_image\" \/>\n<meta name=\"twitter:label1\" content=\"Tiempo de lectura\" \/>\n\t<meta name=\"twitter:data1\" content=\"3 minutos\" \/>\n<script type=\"application\/ld+json\" class=\"yoast-schema-graph\">{\"@context\":\"https:\/\/schema.org\",\"@graph\":[{\"@type\":\"WebPage\",\"@id\":\"https:\/\/tdcenter.org\/terms-of-use\/\",\"url\":\"https:\/\/tdcenter.org\/terms-of-use\/\",\"name\":\"Terms of Use - Transatlantic Dialogue Center\",\"isPartOf\":{\"@id\":\"https:\/\/tdcenter.org\/#website\"},\"datePublished\":\"2022-02-20T22:39:07+00:00\",\"dateModified\":\"2024-06-07T12:46:52+00:00\",\"description\":\"Our Terms of Use outline the rules, guidelines, and conditions for using our services and accessing our website. It covers important information such as user obligations, intellectual property rights, limitations of liability, and dispute resolution. It is essential to review and understand the Terms of Use before using our services to ensure compliance and a clear understanding of your rights and responsibilities.\",\"breadcrumb\":{\"@id\":\"https:\/\/tdcenter.org\/terms-of-use\/#breadcrumb\"},\"inLanguage\":\"es\",\"potentialAction\":[{\"@type\":\"ReadAction\",\"target\":[\"https:\/\/tdcenter.org\/terms-of-use\/\"]}]},{\"@type\":\"BreadcrumbList\",\"@id\":\"https:\/\/tdcenter.org\/terms-of-use\/#breadcrumb\",\"itemListElement\":[{\"@type\":\"ListItem\",\"position\":1,\"name\":\"Home\",\"item\":\"https:\/\/tdcenter.org\/\"},{\"@type\":\"ListItem\",\"position\":2,\"name\":\"Terms of Use\"}]},{\"@type\":\"WebSite\",\"@id\":\"https:\/\/tdcenter.org\/#website\",\"url\":\"https:\/\/tdcenter.org\/\",\"name\":\"Transatlantic Dialogue Center\",\"description\":\"Promoting International Peace and Security\",\"publisher\":{\"@id\":\"https:\/\/tdcenter.org\/#organization\"},\"potentialAction\":[{\"@type\":\"SearchAction\",\"target\":{\"@type\":\"EntryPoint\",\"urlTemplate\":\"https:\/\/tdcenter.org\/?s={search_term_string}\"},\"query-input\":{\"@type\":\"PropertyValueSpecification\",\"valueRequired\":true,\"valueName\":\"search_term_string\"}}],\"inLanguage\":\"es\"},{\"@type\":\"Organization\",\"@id\":\"https:\/\/tdcenter.org\/#organization\",\"name\":\"Transatlantic Dialogue Center\",\"url\":\"https:\/\/tdcenter.org\/\",\"logo\":{\"@type\":\"ImageObject\",\"inLanguage\":\"es\",\"@id\":\"https:\/\/tdcenter.org\/#\/schema\/logo\/image\/\",\"url\":\"https:\/\/tdcenter.org\/wp-content\/uploads\/2022\/04\/google.png\",\"contentUrl\":\"https:\/\/tdcenter.org\/wp-content\/uploads\/2022\/04\/google.png\",\"width\":2568,\"height\":2487,\"caption\":\"Transatlantic Dialogue Center\"},\"image\":{\"@id\":\"https:\/\/tdcenter.org\/#\/schema\/logo\/image\/\"},\"sameAs\":[\"https:\/\/www.facebook.com\/Transatlantic-Dialogue-Center-105645698740463\",\"https:\/\/www.youtube.com\/channel\/UCpJuhU4JBfpv_jsldNOc5LA\"]}]}<\/script>\n<!-- \/ Yoast SEO Premium plugin. -->","yoast_head_json":{"title":"Terms of Use - Transatlantic Dialogue Center","description":"Our Terms of Use outline the rules, guidelines, and conditions for using our services and accessing our website. It covers important information such as user obligations, intellectual property rights, limitations of liability, and dispute resolution. It is essential to review and understand the Terms of Use before using our services to ensure compliance and a clear understanding of your rights and responsibilities.","robots":{"index":"noindex","follow":"follow"},"og_locale":"es_ES","og_type":"article","og_title":"Terms of Use","og_description":"Transatlantic Dialogue Center (TDC) is a non-governmental and non-partisan think tank that provides high-quality policy advice to private and public clients. The network of our friends and partners includes government officials, members of parliaments, businessmen, journalists, experts and analysts.","og_url":"https:\/\/tdcenter.org\/es\/terms-of-use\/","og_site_name":"Transatlantic Dialogue Center","article_publisher":"https:\/\/www.facebook.com\/Transatlantic-Dialogue-Center-105645698740463","article_modified_time":"2024-06-07T12:46:52+00:00","og_image":[{"width":1084,"height":1084,"url":"https:\/\/tdcenter.org\/wp-content\/uploads\/2023\/02\/\u0411\u0435\u0437-\u043d\u0430\u0437\u0432\u0438-1.png","type":"image\/png"}],"twitter_card":"summary_large_image","twitter_misc":{"Tiempo de lectura":"3 minutos"},"schema":{"@context":"https:\/\/schema.org","@graph":[{"@type":"WebPage","@id":"https:\/\/tdcenter.org\/terms-of-use\/","url":"https:\/\/tdcenter.org\/terms-of-use\/","name":"Terms of Use - Transatlantic Dialogue Center","isPartOf":{"@id":"https:\/\/tdcenter.org\/#website"},"datePublished":"2022-02-20T22:39:07+00:00","dateModified":"2024-06-07T12:46:52+00:00","description":"Our Terms of Use outline the rules, guidelines, and conditions for using our services and accessing our website. It covers important information such as user obligations, intellectual property rights, limitations of liability, and dispute resolution. It is essential to review and understand the Terms of Use before using our services to ensure compliance and a clear understanding of your rights and responsibilities.","breadcrumb":{"@id":"https:\/\/tdcenter.org\/terms-of-use\/#breadcrumb"},"inLanguage":"es","potentialAction":[{"@type":"ReadAction","target":["https:\/\/tdcenter.org\/terms-of-use\/"]}]},{"@type":"BreadcrumbList","@id":"https:\/\/tdcenter.org\/terms-of-use\/#breadcrumb","itemListElement":[{"@type":"ListItem","position":1,"name":"Home","item":"https:\/\/tdcenter.org\/"},{"@type":"ListItem","position":2,"name":"Terms of Use"}]},{"@type":"WebSite","@id":"https:\/\/tdcenter.org\/#website","url":"https:\/\/tdcenter.org\/","name":"Transatlantic Dialogue Center","description":"Promovemos la paz y la seguridad internacionales","publisher":{"@id":"https:\/\/tdcenter.org\/#organization"},"potentialAction":[{"@type":"SearchAction","target":{"@type":"EntryPoint","urlTemplate":"https:\/\/tdcenter.org\/?s={search_term_string}"},"query-input":{"@type":"PropertyValueSpecification","valueRequired":true,"valueName":"search_term_string"}}],"inLanguage":"es"},{"@type":"Organization","@id":"https:\/\/tdcenter.org\/#organization","name":"Transatlantic Dialogue Center","url":"https:\/\/tdcenter.org\/","logo":{"@type":"ImageObject","inLanguage":"es","@id":"https:\/\/tdcenter.org\/#\/schema\/logo\/image\/","url":"https:\/\/tdcenter.org\/wp-content\/uploads\/2022\/04\/google.png","contentUrl":"https:\/\/tdcenter.org\/wp-content\/uploads\/2022\/04\/google.png","width":2568,"height":2487,"caption":"Transatlantic Dialogue Center"},"image":{"@id":"https:\/\/tdcenter.org\/#\/schema\/logo\/image\/"},"sameAs":["https:\/\/www.facebook.com\/Transatlantic-Dialogue-Center-105645698740463","https:\/\/www.youtube.com\/channel\/UCpJuhU4JBfpv_jsldNOc5LA"]}]}},"mfb_rest_fields":["title","yoast_head","yoast_head_json","gutenberg_elementor_mode"],"_links":{"self":[{"href":"https:\/\/tdcenter.org\/es\/wp-json\/wp\/v2\/pages\/759","targetHints":{"allow":["GET"]}}],"collection":[{"href":"https:\/\/tdcenter.org\/es\/wp-json\/wp\/v2\/pages"}],"about":[{"href":"https:\/\/tdcenter.org\/es\/wp-json\/wp\/v2\/types\/page"}],"author":[{"embeddable":true,"href":"https:\/\/tdcenter.org\/es\/wp-json\/wp\/v2\/users\/1"}],"replies":[{"embeddable":true,"href":"https:\/\/tdcenter.org\/es\/wp-json\/wp\/v2\/comments?post=759"}],"version-history":[{"count":0,"href":"https:\/\/tdcenter.org\/es\/wp-json\/wp\/v2\/pages\/759\/revisions"}],"wp:attachment":[{"href":"https:\/\/tdcenter.org\/es\/wp-json\/wp\/v2\/media?parent=759"}],"curies":[{"name":"wp","href":"https:\/\/api.w.org\/{rel}","templated":true}]}}