{"id":33789,"date":"2026-01-08T15:59:23","date_gmt":"2026-01-08T13:59:23","guid":{"rendered":"https:\/\/tdcenter.org\/?page_id=33789"},"modified":"2026-01-09T12:15:24","modified_gmt":"2026-01-09T10:15:24","slug":"viktoriia-valinkevych","status":"publish","type":"page","link":"https:\/\/tdcenter.org\/es\/viktoriia-valinkevych\/","title":{"rendered":"Viktoriia Valinkevych"},"content":{"rendered":"<div data-elementor-type=\"wp-page\" data-elementor-id=\"33789\" class=\"elementor elementor-33789\" data-elementor-post-type=\"page\">\n\t\t\t\t\t\t<section class=\"elementor-section elementor-top-section elementor-element elementor-element-d827834 elementor-section-boxed elementor-section-height-default elementor-section-height-default\" data-id=\"d827834\" data-element_type=\"section\" data-settings=\"{&quot;ekit_has_onepagescroll_dot&quot;:&quot;yes&quot;}\">\n\t\t\t\t\t\t<div class=\"elementor-container elementor-column-gap-default\">\n\t\t\t\t\t<div class=\"elementor-column elementor-col-100 elementor-top-column elementor-element elementor-element-1bcd2be\" data-id=\"1bcd2be\" data-element_type=\"column\">\n\t\t\t<div class=\"elementor-widget-wrap elementor-element-populated\">\n\t\t\t\t\t\t<div class=\"elementor-element elementor-element-49e7b1d6 elementor-widget elementor-widget-heading\" data-id=\"49e7b1d6\" data-element_type=\"widget\" data-settings=\"{&quot;ekit_we_effect_on&quot;:&quot;none&quot;}\" data-widget_type=\"heading.default\">\n\t\t\t\t<div class=\"elementor-widget-container\">\n\t\t\t\t\t<h2 class=\"elementor-heading-title elementor-size-default\">Viktoriia Valinkevych<\/h2>\t\t\t\t<\/div>\n\t\t\t\t<\/div>\n\t\t\t\t\t<\/div>\n\t\t<\/div>\n\t\t\t\t\t<\/div>\n\t\t<\/section>\n\t\t\t\t<section class=\"elementor-section elementor-top-section elementor-element elementor-element-1367822 elementor-section-boxed elementor-section-height-default elementor-section-height-default\" data-id=\"1367822\" data-element_type=\"section\" data-settings=\"{&quot;ekit_has_onepagescroll_dot&quot;:&quot;yes&quot;}\">\n\t\t\t\t\t\t<div class=\"elementor-container elementor-column-gap-default\">\n\t\t\t\t\t<div class=\"elementor-column elementor-col-50 elementor-top-column elementor-element elementor-element-4251242\" data-id=\"4251242\" data-element_type=\"column\" data-settings=\"{&quot;background_background&quot;:&quot;classic&quot;}\">\n\t\t\t<div class=\"elementor-widget-wrap elementor-element-populated\">\n\t\t\t\t\t\t<div class=\"elementor-element elementor-element-a25b43c elementor-widget elementor-widget-menu-anchor\" data-id=\"a25b43c\" data-element_type=\"widget\" data-settings=\"{&quot;ekit_we_effect_on&quot;:&quot;none&quot;}\" data-widget_type=\"menu-anchor.default\">\n\t\t\t\t<div class=\"elementor-widget-container\">\n\t\t\t\t\t\t\t<div class=\"elementor-menu-anchor\" id=\"yulia-osmolovska\"><\/div>\n\t\t\t\t\t\t<\/div>\n\t\t\t\t<\/div>\n\t\t\t\t<div class=\"elementor-element elementor-element-6208a61 elementor-widget elementor-widget-image\" data-id=\"6208a61\" data-element_type=\"widget\" data-settings=\"{&quot;ekit_we_effect_on&quot;:&quot;none&quot;}\" data-widget_type=\"image.default\">\n\t\t\t\t<div class=\"elementor-widget-container\">\n\t\t\t\t\t\t\t\t\t\t\t\t\t\t\t<img fetchpriority=\"high\" decoding=\"async\" width=\"753\" height=\"1024\" src=\"https:\/\/tdcenter.org\/wp-content\/uploads\/2026\/01\/IMG_3047-scaled-e1767884624538-753x1024.jpg\" class=\"attachment-large size-large wp-image-33767\" alt=\"\" srcset=\"https:\/\/tdcenter.org\/wp-content\/uploads\/2026\/01\/IMG_3047-scaled-e1767884624538-753x1024.jpg 753w, https:\/\/tdcenter.org\/wp-content\/uploads\/2026\/01\/IMG_3047-scaled-e1767884624538-441x600.jpg 441w, https:\/\/tdcenter.org\/wp-content\/uploads\/2026\/01\/IMG_3047-scaled-e1767884624538-768x1045.jpg 768w, https:\/\/tdcenter.org\/wp-content\/uploads\/2026\/01\/IMG_3047-scaled-e1767884624538-1129x1536.jpg 1129w, https:\/\/tdcenter.org\/wp-content\/uploads\/2026\/01\/IMG_3047-scaled-e1767884624538-1506x2048.jpg 1506w, https:\/\/tdcenter.org\/wp-content\/uploads\/2026\/01\/IMG_3047-scaled-e1767884624538-9x12.jpg 9w, https:\/\/tdcenter.org\/wp-content\/uploads\/2026\/01\/IMG_3047-scaled-e1767884624538.jpg 1694w\" sizes=\"(max-width: 753px) 100vw, 753px\" \/>\t\t\t\t\t\t\t\t\t\t\t\t\t\t\t<\/div>\n\t\t\t\t<\/div>\n\t\t\t\t\t<\/div>\n\t\t<\/div>\n\t\t\t\t<div class=\"elementor-column elementor-col-50 elementor-top-column elementor-element elementor-element-d4ec0b0\" data-id=\"d4ec0b0\" data-element_type=\"column\">\n\t\t\t<div class=\"elementor-widget-wrap elementor-element-populated\">\n\t\t\t\t\t\t<div class=\"elementor-element elementor-element-782646a0 elementor-widget elementor-widget-text-editor\" data-id=\"782646a0\" data-element_type=\"widget\" data-settings=\"{&quot;ekit_we_effect_on&quot;:&quot;none&quot;}\" data-widget_type=\"text-editor.default\">\n\t\t\t\t<div class=\"elementor-widget-container\">\n\t\t\t\t\t\t\t\t\t<p><b>Viktoriia Valinkevych<\/b><span style=\"font-weight: 400;\"> es <\/span><b>Analista<\/b> <b>del Programa de Asociaci\u00f3n UE-Ucrania <\/b><span style=\"font-weight: 400;\">en el Centro de Di\u00e1logo Transatl\u00e1ntico, centr\u00e1ndose en la integraci\u00f3n europea.  Sus intereses de investigaci\u00f3n incluyen el <\/span><i><span style=\"font-weight: 400;\">Pol\u00edtica de ampliaci\u00f3n de la UE, integraci\u00f3n europea de Ucrania y reformas en curso del pa\u00eds.<\/span><\/i><\/p><p><span style=\"font-weight: 400;\">Antes de unirse al Centro, cooper\u00f3 con la <\/span><b>Misi\u00f3n del Presidente de Ucrania en la Rep\u00fablica Aut\u00f3noma de Crimea<\/b><span style=\"font-weight: 400;\"> y trabaj\u00f3 voluntariamente como redactor y traductor en varias cumbres de<\/span> <b>International Crimea Platform.<\/b><span style=\"font-weight: 400;\"> summits.\u00a0<\/span><\/p><p><span style=\"font-weight: 400;\">En la <\/span><b>ONG \"Escuela Patriotas en Media\",<\/b><span style=\"font-weight: 400;\"> Se centr\u00f3 en la gesti\u00f3n de la comunicaci\u00f3n, la traducci\u00f3n y la asistencia en la organizaci\u00f3n de eventos.  Adem\u00e1s, contribuy\u00f3 a la implementaci\u00f3n de proyectos juveniles dentro de la <\/span><b>ONG \"Fundaci\u00f3n de Iniciativas Regionales \".<\/b><span style=\"font-weight: 400;\"> Tambi\u00e9n act\u00faa ocasionalmente como Experta para la acreditaci\u00f3n de programas de estudio en la <\/span><b>Agencia Nacional de Aseguramiento de la Calidad de la Educaci\u00f3n Superior.<\/b><\/p><p><span style=\"font-weight: 400;\">Viktoriia <\/span><b>vivi\u00f3 en Suecia<\/b><span style=\"font-weight: 400;\">, donde estudi\u00f3 Ciencias Pol\u00edticas bajo programas Erasmus+ en <\/span><i><span style=\"font-weight: 400;\">Lund University.<\/span><\/i><span style=\"font-weight: 400;\"> Tiene una licenciatura y una maestr\u00eda en Relaciones Internacionales de la Universidad Nacional <\/span><i><span style=\"font-weight: 400;\">Taras Shevchenko de Kyiv.<\/span><\/i><span style=\"font-weight: 400;\"> Adem\u00e1s, llev\u00f3 a cabo dos proyectos de investigaci\u00f3n de subvenciones sobre los Balcanes Occidentales como parte de la iniciativa para estudiantes ucranianos del <\/span><i><span style=\"font-weight: 400;\">Central European University.<\/span><\/i><span style=\"font-weight: 400;\"> initiative for Ukrainian students.<\/span><\/p><p><span style=\"font-weight: 400;\">Habla ucraniano, ingl\u00e9s y alem\u00e1n.<\/span><\/p>\t\t\t\t\t\t\t\t<\/div>\n\t\t\t\t<\/div>\n\t\t\t\t<div class=\"elementor-element elementor-element-eae17b1 e-grid-align-left elementor-shape-rounded elementor-grid-0 elementor-widget elementor-widget-social-icons\" data-id=\"eae17b1\" data-element_type=\"widget\" data-settings=\"{&quot;ekit_we_effect_on&quot;:&quot;none&quot;}\" data-widget_type=\"social-icons.default\">\n\t\t\t\t<div class=\"elementor-widget-container\">\n\t\t\t\t\t\t\t<div class=\"elementor-social-icons-wrapper elementor-grid\">\n\t\t\t\t\t\t\t<span class=\"elementor-grid-item\">\n\t\t\t\t\t<a class=\"elementor-icon elementor-social-icon elementor-social-icon-linkedin-in elementor-repeater-item-90aa614\" href=\"https:\/\/www.linkedin.com\/in\/viktoriia-valinkevych-225995218\/\" target=\"_blank\">\n\t\t\t\t\t\t<span class=\"elementor-screen-only\">Linkedin-in<\/span>\n\t\t\t\t\t\t<i class=\"fab fa-linkedin-in\"><\/i>\t\t\t\t\t<\/a>\n\t\t\t\t<\/span>\n\t\t\t\t\t<\/div>\n\t\t\t\t\t\t<\/div>\n\t\t\t\t<\/div>\n\t\t\t\t\t<\/div>\n\t\t<\/div>\n\t\t\t\t\t<\/div>\n\t\t<\/section>\n\t\t\t\t<\/div>","protected":false},"excerpt":{"rendered":"<p>Viktoriia Valinkevych Viktoriia Valinkevych is an Analyst of the EU-Ukraine Partnership Program at the Transatlantic Dialogue Center, focusing on European integration. Her research interests include the EU enlargement policy, Ukraine\u2019s European integration, and the country\u2019s ongoing reforms. Before joining the Center, she cooperated with the Mission of the President of Ukraine in the Autonomous Republic [&hellip;]<\/p>","protected":false},"author":1,"featured_media":0,"parent":0,"menu_order":0,"comment_status":"closed","ping_status":"closed","template":"","meta":{"footnotes":""},"class_list":["post-33789","page","type-page","status-publish","hentry"],"mb":[],"yoast_head":"<!-- This site is optimized with the Yoast SEO Premium plugin v25.6 (Yoast SEO v25.6) - https:\/\/yoast.com\/wordpress\/plugins\/seo\/ -->\n<title>Viktoriia Valinkevych - Transatlantic Dialogue Center<\/title>\n<meta name=\"description\" content=\"As a political analyst and foreign policy expert, Maksym brings extensive knowledge and expertise in Eastern Europe, particularly Ukraine and Russia.\" \/>\n<meta name=\"robots\" content=\"index, follow, max-snippet:-1, max-image-preview:large, max-video-preview:-1\" \/>\n<link rel=\"canonical\" href=\"https:\/\/tdcenter.org\/es\/viktoriia-valinkevych\/\" \/>\n<meta property=\"og:locale\" content=\"es_ES\" \/>\n<meta property=\"og:type\" content=\"article\" \/>\n<meta property=\"og:title\" content=\"Viktoriia Valinkevych\" \/>\n<meta property=\"og:description\" content=\"Transatlantic Dialogue Center (TDC) is a non-governmental and non-partisan think tank that provides high-quality policy advice to private and public clients. The network of our friends and partners includes government officials, members of parliaments, businessmen, journalists, experts and analysts.\" \/>\n<meta property=\"og:url\" content=\"https:\/\/tdcenter.org\/es\/viktoriia-valinkevych\/\" \/>\n<meta property=\"og:site_name\" content=\"Transatlantic Dialogue Center\" \/>\n<meta property=\"article:publisher\" content=\"https:\/\/www.facebook.com\/Transatlantic-Dialogue-Center-105645698740463\" \/>\n<meta property=\"article:modified_time\" content=\"2026-01-09T10:15:24+00:00\" \/>\n<meta property=\"og:image\" content=\"https:\/\/tdcenter.org\/wp-content\/uploads\/2023\/07\/O1G_3213-768x1086-1-e1688652310933.jpg\" \/>\n\t<meta property=\"og:image:width\" content=\"768\" \/>\n\t<meta property=\"og:image:height\" content=\"746\" \/>\n\t<meta property=\"og:image:type\" content=\"image\/jpeg\" \/>\n<meta name=\"twitter:card\" content=\"summary_large_image\" \/>\n<meta name=\"twitter:label1\" content=\"Tiempo de lectura\" \/>\n\t<meta name=\"twitter:data1\" content=\"1 minuto\" \/>\n<script type=\"application\/ld+json\" class=\"yoast-schema-graph\">{\"@context\":\"https:\/\/schema.org\",\"@graph\":[{\"@type\":\"WebPage\",\"@id\":\"https:\/\/tdcenter.org\/viktoriia-valinkevych\/\",\"url\":\"https:\/\/tdcenter.org\/viktoriia-valinkevych\/\",\"name\":\"Viktoriia Valinkevych - Transatlantic Dialogue Center\",\"isPartOf\":{\"@id\":\"https:\/\/tdcenter.org\/#website\"},\"primaryImageOfPage\":{\"@id\":\"https:\/\/tdcenter.org\/viktoriia-valinkevych\/#primaryimage\"},\"image\":{\"@id\":\"https:\/\/tdcenter.org\/viktoriia-valinkevych\/#primaryimage\"},\"thumbnailUrl\":\"https:\/\/tdcenter.org\/wp-content\/uploads\/2026\/01\/IMG_3047-scaled-e1767884624538-753x1024.jpg\",\"datePublished\":\"2026-01-08T13:59:23+00:00\",\"dateModified\":\"2026-01-09T10:15:24+00:00\",\"description\":\"As a political analyst and foreign policy expert, Maksym brings extensive knowledge and expertise in Eastern Europe, particularly Ukraine and Russia.\",\"breadcrumb\":{\"@id\":\"https:\/\/tdcenter.org\/viktoriia-valinkevych\/#breadcrumb\"},\"inLanguage\":\"es\",\"potentialAction\":[{\"@type\":\"ReadAction\",\"target\":[\"https:\/\/tdcenter.org\/viktoriia-valinkevych\/\"]}]},{\"@type\":\"ImageObject\",\"inLanguage\":\"es\",\"@id\":\"https:\/\/tdcenter.org\/viktoriia-valinkevych\/#primaryimage\",\"url\":\"https:\/\/tdcenter.org\/wp-content\/uploads\/2026\/01\/IMG_3047-scaled-e1767884624538-753x1024.jpg\",\"contentUrl\":\"https:\/\/tdcenter.org\/wp-content\/uploads\/2026\/01\/IMG_3047-scaled-e1767884624538-753x1024.jpg\"},{\"@type\":\"BreadcrumbList\",\"@id\":\"https:\/\/tdcenter.org\/viktoriia-valinkevych\/#breadcrumb\",\"itemListElement\":[{\"@type\":\"ListItem\",\"position\":1,\"name\":\"Home\",\"item\":\"https:\/\/tdcenter.org\/\"},{\"@type\":\"ListItem\",\"position\":2,\"name\":\"Viktoriia Valinkevych\"}]},{\"@type\":\"WebSite\",\"@id\":\"https:\/\/tdcenter.org\/#website\",\"url\":\"https:\/\/tdcenter.org\/\",\"name\":\"Transatlantic Dialogue Center\",\"description\":\"Promoting International Peace and Security\",\"publisher\":{\"@id\":\"https:\/\/tdcenter.org\/#organization\"},\"potentialAction\":[{\"@type\":\"SearchAction\",\"target\":{\"@type\":\"EntryPoint\",\"urlTemplate\":\"https:\/\/tdcenter.org\/?s={search_term_string}\"},\"query-input\":{\"@type\":\"PropertyValueSpecification\",\"valueRequired\":true,\"valueName\":\"search_term_string\"}}],\"inLanguage\":\"es\"},{\"@type\":\"Organization\",\"@id\":\"https:\/\/tdcenter.org\/#organization\",\"name\":\"Transatlantic Dialogue Center\",\"url\":\"https:\/\/tdcenter.org\/\",\"logo\":{\"@type\":\"ImageObject\",\"inLanguage\":\"es\",\"@id\":\"https:\/\/tdcenter.org\/#\/schema\/logo\/image\/\",\"url\":\"https:\/\/tdcenter.org\/wp-content\/uploads\/2022\/04\/google.png\",\"contentUrl\":\"https:\/\/tdcenter.org\/wp-content\/uploads\/2022\/04\/google.png\",\"width\":2568,\"height\":2487,\"caption\":\"Transatlantic Dialogue Center\"},\"image\":{\"@id\":\"https:\/\/tdcenter.org\/#\/schema\/logo\/image\/\"},\"sameAs\":[\"https:\/\/www.facebook.com\/Transatlantic-Dialogue-Center-105645698740463\",\"https:\/\/www.youtube.com\/channel\/UCpJuhU4JBfpv_jsldNOc5LA\"]}]}<\/script>\n<!-- \/ Yoast SEO Premium plugin. -->","yoast_head_json":{"title":"Viktoriia Valinkevych - Transatlantic Dialogue Center","description":"As a political analyst and foreign policy expert, Maksym brings extensive knowledge and expertise in Eastern Europe, particularly Ukraine and Russia.","robots":{"index":"index","follow":"follow","max-snippet":"max-snippet:-1","max-image-preview":"max-image-preview:large","max-video-preview":"max-video-preview:-1"},"canonical":"https:\/\/tdcenter.org\/es\/viktoriia-valinkevych\/","og_locale":"es_ES","og_type":"article","og_title":"Viktoriia Valinkevych","og_description":"Transatlantic Dialogue Center (TDC) is a non-governmental and non-partisan think tank that provides high-quality policy advice to private and public clients. The network of our friends and partners includes government officials, members of parliaments, businessmen, journalists, experts and analysts.","og_url":"https:\/\/tdcenter.org\/es\/viktoriia-valinkevych\/","og_site_name":"Transatlantic Dialogue Center","article_publisher":"https:\/\/www.facebook.com\/Transatlantic-Dialogue-Center-105645698740463","article_modified_time":"2026-01-09T10:15:24+00:00","og_image":[{"width":768,"height":746,"url":"https:\/\/tdcenter.org\/wp-content\/uploads\/2023\/07\/O1G_3213-768x1086-1-e1688652310933.jpg","type":"image\/jpeg"}],"twitter_card":"summary_large_image","twitter_misc":{"Tiempo de lectura":"1 minuto"},"schema":{"@context":"https:\/\/schema.org","@graph":[{"@type":"WebPage","@id":"https:\/\/tdcenter.org\/viktoriia-valinkevych\/","url":"https:\/\/tdcenter.org\/viktoriia-valinkevych\/","name":"Viktoriia Valinkevych - Transatlantic Dialogue Center","isPartOf":{"@id":"https:\/\/tdcenter.org\/#website"},"primaryImageOfPage":{"@id":"https:\/\/tdcenter.org\/viktoriia-valinkevych\/#primaryimage"},"image":{"@id":"https:\/\/tdcenter.org\/viktoriia-valinkevych\/#primaryimage"},"thumbnailUrl":"https:\/\/tdcenter.org\/wp-content\/uploads\/2026\/01\/IMG_3047-scaled-e1767884624538-753x1024.jpg","datePublished":"2026-01-08T13:59:23+00:00","dateModified":"2026-01-09T10:15:24+00:00","description":"As a political analyst and foreign policy expert, Maksym brings extensive knowledge and expertise in Eastern Europe, particularly Ukraine and Russia.","breadcrumb":{"@id":"https:\/\/tdcenter.org\/viktoriia-valinkevych\/#breadcrumb"},"inLanguage":"es","potentialAction":[{"@type":"ReadAction","target":["https:\/\/tdcenter.org\/viktoriia-valinkevych\/"]}]},{"@type":"ImageObject","inLanguage":"es","@id":"https:\/\/tdcenter.org\/viktoriia-valinkevych\/#primaryimage","url":"https:\/\/tdcenter.org\/wp-content\/uploads\/2026\/01\/IMG_3047-scaled-e1767884624538-753x1024.jpg","contentUrl":"https:\/\/tdcenter.org\/wp-content\/uploads\/2026\/01\/IMG_3047-scaled-e1767884624538-753x1024.jpg"},{"@type":"BreadcrumbList","@id":"https:\/\/tdcenter.org\/viktoriia-valinkevych\/#breadcrumb","itemListElement":[{"@type":"ListItem","position":1,"name":"Home","item":"https:\/\/tdcenter.org\/"},{"@type":"ListItem","position":2,"name":"Viktoriia Valinkevych"}]},{"@type":"WebSite","@id":"https:\/\/tdcenter.org\/#website","url":"https:\/\/tdcenter.org\/","name":"Transatlantic Dialogue Center","description":"Promovemos la paz y la seguridad internacionales","publisher":{"@id":"https:\/\/tdcenter.org\/#organization"},"potentialAction":[{"@type":"SearchAction","target":{"@type":"EntryPoint","urlTemplate":"https:\/\/tdcenter.org\/?s={search_term_string}"},"query-input":{"@type":"PropertyValueSpecification","valueRequired":true,"valueName":"search_term_string"}}],"inLanguage":"es"},{"@type":"Organization","@id":"https:\/\/tdcenter.org\/#organization","name":"Transatlantic Dialogue Center","url":"https:\/\/tdcenter.org\/","logo":{"@type":"ImageObject","inLanguage":"es","@id":"https:\/\/tdcenter.org\/#\/schema\/logo\/image\/","url":"https:\/\/tdcenter.org\/wp-content\/uploads\/2022\/04\/google.png","contentUrl":"https:\/\/tdcenter.org\/wp-content\/uploads\/2022\/04\/google.png","width":2568,"height":2487,"caption":"Transatlantic Dialogue Center"},"image":{"@id":"https:\/\/tdcenter.org\/#\/schema\/logo\/image\/"},"sameAs":["https:\/\/www.facebook.com\/Transatlantic-Dialogue-Center-105645698740463","https:\/\/www.youtube.com\/channel\/UCpJuhU4JBfpv_jsldNOc5LA"]}]}},"mfb_rest_fields":["title","yoast_head","yoast_head_json","gutenberg_elementor_mode"],"_links":{"self":[{"href":"https:\/\/tdcenter.org\/es\/wp-json\/wp\/v2\/pages\/33789","targetHints":{"allow":["GET"]}}],"collection":[{"href":"https:\/\/tdcenter.org\/es\/wp-json\/wp\/v2\/pages"}],"about":[{"href":"https:\/\/tdcenter.org\/es\/wp-json\/wp\/v2\/types\/page"}],"author":[{"embeddable":true,"href":"https:\/\/tdcenter.org\/es\/wp-json\/wp\/v2\/users\/1"}],"replies":[{"embeddable":true,"href":"https:\/\/tdcenter.org\/es\/wp-json\/wp\/v2\/comments?post=33789"}],"version-history":[{"count":10,"href":"https:\/\/tdcenter.org\/es\/wp-json\/wp\/v2\/pages\/33789\/revisions"}],"predecessor-version":[{"id":33881,"href":"https:\/\/tdcenter.org\/es\/wp-json\/wp\/v2\/pages\/33789\/revisions\/33881"}],"wp:attachment":[{"href":"https:\/\/tdcenter.org\/es\/wp-json\/wp\/v2\/media?parent=33789"}],"curies":[{"name":"wp","href":"https:\/\/api.w.org\/{rel}","templated":true}]}}