{"id":33729,"date":"2026-01-08T15:03:59","date_gmt":"2026-01-08T13:03:59","guid":{"rendered":"https:\/\/tdcenter.org\/?page_id=33729"},"modified":"2026-01-08T15:24:32","modified_gmt":"2026-01-08T13:24:32","slug":"dariia-yaremchuk","status":"publish","type":"page","link":"https:\/\/tdcenter.org\/es\/dariia-yaremchuk\/","title":{"rendered":"Dariia Yaremchuk"},"content":{"rendered":"<div data-elementor-type=\"wp-page\" data-elementor-id=\"33729\" class=\"elementor elementor-33729\" data-elementor-post-type=\"page\">\n\t\t\t\t\t\t<section class=\"elementor-section elementor-top-section elementor-element elementor-element-d827834 elementor-section-boxed elementor-section-height-default elementor-section-height-default\" data-id=\"d827834\" data-element_type=\"section\" data-settings=\"{&quot;ekit_has_onepagescroll_dot&quot;:&quot;yes&quot;}\">\n\t\t\t\t\t\t<div class=\"elementor-container elementor-column-gap-default\">\n\t\t\t\t\t<div class=\"elementor-column elementor-col-100 elementor-top-column elementor-element elementor-element-1bcd2be\" data-id=\"1bcd2be\" data-element_type=\"column\">\n\t\t\t<div class=\"elementor-widget-wrap elementor-element-populated\">\n\t\t\t\t\t\t<div class=\"elementor-element elementor-element-49e7b1d6 elementor-widget elementor-widget-heading\" data-id=\"49e7b1d6\" data-element_type=\"widget\" data-settings=\"{&quot;ekit_we_effect_on&quot;:&quot;none&quot;}\" data-widget_type=\"heading.default\">\n\t\t\t\t<div class=\"elementor-widget-container\">\n\t\t\t\t\t<h2 class=\"elementor-heading-title elementor-size-default\">Dariia Yaremchuk<\/h2>\t\t\t\t<\/div>\n\t\t\t\t<\/div>\n\t\t\t\t\t<\/div>\n\t\t<\/div>\n\t\t\t\t\t<\/div>\n\t\t<\/section>\n\t\t\t\t<section class=\"elementor-section elementor-top-section elementor-element elementor-element-1367822 elementor-section-boxed elementor-section-height-default elementor-section-height-default\" data-id=\"1367822\" data-element_type=\"section\" data-settings=\"{&quot;ekit_has_onepagescroll_dot&quot;:&quot;yes&quot;}\">\n\t\t\t\t\t\t<div class=\"elementor-container elementor-column-gap-default\">\n\t\t\t\t\t<div class=\"elementor-column elementor-col-50 elementor-top-column elementor-element elementor-element-4251242\" data-id=\"4251242\" data-element_type=\"column\" data-settings=\"{&quot;background_background&quot;:&quot;classic&quot;}\">\n\t\t\t<div class=\"elementor-widget-wrap elementor-element-populated\">\n\t\t\t\t\t\t<div class=\"elementor-element elementor-element-a25b43c elementor-widget elementor-widget-menu-anchor\" data-id=\"a25b43c\" data-element_type=\"widget\" data-settings=\"{&quot;ekit_we_effect_on&quot;:&quot;none&quot;}\" data-widget_type=\"menu-anchor.default\">\n\t\t\t\t<div class=\"elementor-widget-container\">\n\t\t\t\t\t\t\t<div class=\"elementor-menu-anchor\" id=\"yulia-osmolovska\"><\/div>\n\t\t\t\t\t\t<\/div>\n\t\t\t\t<\/div>\n\t\t\t\t<div class=\"elementor-element elementor-element-6208a61 elementor-widget elementor-widget-image\" data-id=\"6208a61\" data-element_type=\"widget\" data-settings=\"{&quot;ekit_we_effect_on&quot;:&quot;none&quot;}\" data-widget_type=\"image.default\">\n\t\t\t\t<div class=\"elementor-widget-container\">\n\t\t\t\t\t\t\t\t\t\t\t\t\t\t\t<img fetchpriority=\"high\" decoding=\"async\" width=\"678\" height=\"1024\" src=\"https:\/\/tdcenter.org\/wp-content\/uploads\/2025\/08\/IMG_0179-678x1024.jpg\" class=\"attachment-large size-large wp-image-31358\" alt=\"\" srcset=\"https:\/\/tdcenter.org\/wp-content\/uploads\/2025\/08\/IMG_0179-678x1024.jpg 678w, https:\/\/tdcenter.org\/wp-content\/uploads\/2025\/08\/IMG_0179-397x600.jpg 397w, https:\/\/tdcenter.org\/wp-content\/uploads\/2025\/08\/IMG_0179-768x1160.jpg 768w, https:\/\/tdcenter.org\/wp-content\/uploads\/2025\/08\/IMG_0179-1017x1536.jpg 1017w, https:\/\/tdcenter.org\/wp-content\/uploads\/2025\/08\/IMG_0179-1356x2048.jpg 1356w, https:\/\/tdcenter.org\/wp-content\/uploads\/2025\/08\/IMG_0179-8x12.jpg 8w, https:\/\/tdcenter.org\/wp-content\/uploads\/2025\/08\/IMG_0179-scaled.jpg 1695w\" sizes=\"(max-width: 678px) 100vw, 678px\" \/>\t\t\t\t\t\t\t\t\t\t\t\t\t\t\t<\/div>\n\t\t\t\t<\/div>\n\t\t\t\t\t<\/div>\n\t\t<\/div>\n\t\t\t\t<div class=\"elementor-column elementor-col-50 elementor-top-column elementor-element elementor-element-d4ec0b0\" data-id=\"d4ec0b0\" data-element_type=\"column\">\n\t\t\t<div class=\"elementor-widget-wrap elementor-element-populated\">\n\t\t\t\t\t\t<div class=\"elementor-element elementor-element-782646a0 elementor-widget elementor-widget-text-editor\" data-id=\"782646a0\" data-element_type=\"widget\" data-settings=\"{&quot;ekit_we_effect_on&quot;:&quot;none&quot;}\" data-widget_type=\"text-editor.default\">\n\t\t\t\t<div class=\"elementor-widget-container\">\n\t\t\t\t\t\t\t\t\t<p><b>Dariia Yaremchuk<\/b><span style=\"font-weight: 400;\"> es <\/span><b>Asistente de Proyecto del Programa de Cooperaci\u00f3n con Alemania<\/b><span style=\"font-weight: 400;\"> en el Centro de Di\u00e1logo Transatl\u00e1ntico, donde apoya la comunicaci\u00f3n, la traducci\u00f3n y la implementaci\u00f3n de proyectos.\u00a0<\/span><\/p><p><span style=\"font-weight: 400;\">Traduce materiales anal\u00edticos y res\u00famenes de noticias semanales al alem\u00e1n y es responsable de su preparaci\u00f3n editorial, formato y publicaci\u00f3n.  Ella gestiona la difusi\u00f3n de estos materiales en el sitio web del Centro y supervisa las distribuciones de correo electr\u00f3nico dirigidas para llegar a los socios.  Dariia tambi\u00e9n coordina la comunicaci\u00f3n con los voluntarios y contribuye a documentar y presentar las actividades en curso del programa.  Adem\u00e1s, colabora en la organizaci\u00f3n de eventos e iniciativas relacionadas con proyectos dentro del programa de asociaci\u00f3n.<\/span><\/p><p><span style=\"font-weight: 400;\">Antes de unirse al Centro, colabor\u00f3 con una notar\u00eda en traducci\u00f3n legal y realiz\u00f3 una pasant\u00eda en la oficina de traducci\u00f3n <\/span><b>\u201cL\u2019agency.\u201d <\/b><span style=\"font-weight: 400;\">Tambi\u00e9n ha trabajado como tutora privada de alem\u00e1n, apoyando a estudiantes de diferentes niveles de competencia.  Su experiencia profesional incluye subtitular pel\u00edculas para el <\/span><b>Molodist Film Festival 2024.<\/b> <span style=\"font-weight: 400;\">Participa regularmente en programas acad\u00e9micos internacionales e iniciativas de formaci\u00f3n.  Tambi\u00e9n es miembro de la <\/span><b>Asociaci\u00f3n de Termin\u00f3logos Germano-Ucranianos Nuterm.<\/b><\/p><p><span style=\"font-weight: 400;\">Dariia tiene una licenciatura en Traducci\u00f3n (alem\u00e1n e ingl\u00e9s) con honores de<\/span><i><span style=\"font-weight: 400;\">la Universidad Nacional Tar\u00e1s Shevchenko de Kyiv<\/span><\/i><span style=\"font-weight: 400;\"> y actualmente cursa una maestr\u00eda en Traducci\u00f3n Especializada y Gesti\u00f3n Intercultural.\u00a0<\/span><\/p><p><span style=\"font-weight: 400;\">Dariia<\/span><b> vivi\u00f3 en Alemania<\/b><span style=\"font-weight: 400;\">, donde estudi\u00f3 en <\/span><i><span style=\"font-weight: 400;\">Otto-Friedrich University Bamberg<\/span><\/i><span style=\"font-weight: 400;\"> como estudiante de intercambio acad\u00e9mico y ha participado en seminarios del <\/span><i><span style=\"font-weight: 400;\">Central European Academy<\/span><\/i><span style=\"font-weight: 400;\">, sobre comunicaci\u00f3n intercultural y transcultural en <\/span><i><span style=\"font-weight: 400;\">Ruhr University Bochum<\/span><\/i><span style=\"font-weight: 400;\">, y el curso sobre tecnolog\u00edas digitales para el idioma dentro del proyecto del <\/span><i><span style=\"font-weight: 400;\">Friedrich Schiller University of Jena<\/span><\/i><span style=\"font-weight: 400;\">.\u00a0<\/span><\/p><p><span style=\"font-weight: 400;\">Habla ucraniano, ingl\u00e9s y alem\u00e1n.<\/span><\/p>\t\t\t\t\t\t\t\t<\/div>\n\t\t\t\t<\/div>\n\t\t\t\t<div class=\"elementor-element elementor-element-eae17b1 e-grid-align-left elementor-shape-rounded elementor-grid-0 elementor-widget elementor-widget-social-icons\" data-id=\"eae17b1\" data-element_type=\"widget\" data-settings=\"{&quot;ekit_we_effect_on&quot;:&quot;none&quot;}\" data-widget_type=\"social-icons.default\">\n\t\t\t\t<div class=\"elementor-widget-container\">\n\t\t\t\t\t\t\t<div class=\"elementor-social-icons-wrapper elementor-grid\" role=\"list\">\n\t\t\t\t\t\t\t<span class=\"elementor-grid-item\" role=\"listitem\">\n\t\t\t\t\t<a class=\"elementor-icon elementor-social-icon elementor-social-icon-facebook elementor-repeater-item-82eec36\" href=\"https:\/\/www.facebook.com\/profile.php?id=100017295101678\" target=\"_blank\">\n\t\t\t\t\t\t<span class=\"elementor-screen-only\">Facebook<\/span>\n\t\t\t\t\t\t<i class=\"fab fa-facebook\"><\/i>\t\t\t\t\t<\/a>\n\t\t\t\t<\/span>\n\t\t\t\t\t\t\t<span class=\"elementor-grid-item\" role=\"listitem\">\n\t\t\t\t\t<a class=\"elementor-icon elementor-social-icon elementor-social-icon-linkedin-in elementor-repeater-item-90aa614\" href=\"https:\/\/www.linkedin.com\/in\/%D0%B4%D0%B0%D1%80%D1%96%D1%8F-%D1%8F%D1%80%D0%B5%D0%BC%D1%87%D1%83%D0%BA-a203793a5\/\" target=\"_blank\">\n\t\t\t\t\t\t<span class=\"elementor-screen-only\">Linkedin-in<\/span>\n\t\t\t\t\t\t<i class=\"fab fa-linkedin-in\"><\/i>\t\t\t\t\t<\/a>\n\t\t\t\t<\/span>\n\t\t\t\t\t<\/div>\n\t\t\t\t\t\t<\/div>\n\t\t\t\t<\/div>\n\t\t\t\t\t<\/div>\n\t\t<\/div>\n\t\t\t\t\t<\/div>\n\t\t<\/section>\n\t\t\t\t<\/div>","protected":false},"excerpt":{"rendered":"<p>Dariia Yaremchuk Dariia Yaremchuk is a Project Assistant for the German-Ukrainian Partnership Program at the Transatlantic Dialogue Center, where she supports communication, translation, and project implementation.\u00a0 She translates analytical materials and weekly news briefings into German and is responsible for their editorial preparation, formatting, and publication. She manages the dissemination of these materials on the [&hellip;]<\/p>","protected":false},"author":1,"featured_media":0,"parent":0,"menu_order":0,"comment_status":"closed","ping_status":"closed","template":"","meta":{"footnotes":""},"class_list":["post-33729","page","type-page","status-publish","hentry"],"mb":[],"yoast_head":"<!-- This site is optimized with the Yoast SEO Premium plugin v25.6 (Yoast SEO v25.6) - https:\/\/yoast.com\/wordpress\/plugins\/seo\/ -->\n<title>Dariia Yaremchuk - Transatlantic Dialogue Center<\/title>\n<meta name=\"description\" content=\"As a political analyst and foreign policy expert, Maksym brings extensive knowledge and expertise in Eastern Europe, particularly Ukraine and Russia.\" \/>\n<meta name=\"robots\" content=\"index, follow, max-snippet:-1, max-image-preview:large, max-video-preview:-1\" \/>\n<link rel=\"canonical\" href=\"https:\/\/tdcenter.org\/es\/dariia-yaremchuk\/\" \/>\n<meta property=\"og:locale\" content=\"es_ES\" \/>\n<meta property=\"og:type\" content=\"article\" \/>\n<meta property=\"og:title\" content=\"Dariia Yaremchuk\" \/>\n<meta property=\"og:description\" content=\"Transatlantic Dialogue Center (TDC) is a non-governmental and non-partisan think tank that provides high-quality policy advice to private and public clients. The network of our friends and partners includes government officials, members of parliaments, businessmen, journalists, experts and analysts.\" \/>\n<meta property=\"og:url\" content=\"https:\/\/tdcenter.org\/es\/dariia-yaremchuk\/\" \/>\n<meta property=\"og:site_name\" content=\"Transatlantic Dialogue Center\" \/>\n<meta property=\"article:publisher\" content=\"https:\/\/www.facebook.com\/Transatlantic-Dialogue-Center-105645698740463\" \/>\n<meta property=\"article:modified_time\" content=\"2026-01-08T13:24:32+00:00\" \/>\n<meta property=\"og:image\" content=\"https:\/\/tdcenter.org\/wp-content\/uploads\/2023\/07\/O1G_3213-768x1086-1-e1688652310933.jpg\" \/>\n\t<meta property=\"og:image:width\" content=\"768\" \/>\n\t<meta property=\"og:image:height\" content=\"746\" \/>\n\t<meta property=\"og:image:type\" content=\"image\/jpeg\" \/>\n<meta name=\"twitter:card\" content=\"summary_large_image\" \/>\n<meta name=\"twitter:label1\" content=\"Tiempo de lectura\" \/>\n\t<meta name=\"twitter:data1\" content=\"2 minutos\" \/>\n<script type=\"application\/ld+json\" class=\"yoast-schema-graph\">{\"@context\":\"https:\/\/schema.org\",\"@graph\":[{\"@type\":\"WebPage\",\"@id\":\"https:\/\/tdcenter.org\/dariia-yaremchuk\/\",\"url\":\"https:\/\/tdcenter.org\/dariia-yaremchuk\/\",\"name\":\"Dariia Yaremchuk - Transatlantic Dialogue Center\",\"isPartOf\":{\"@id\":\"https:\/\/tdcenter.org\/#website\"},\"primaryImageOfPage\":{\"@id\":\"https:\/\/tdcenter.org\/dariia-yaremchuk\/#primaryimage\"},\"image\":{\"@id\":\"https:\/\/tdcenter.org\/dariia-yaremchuk\/#primaryimage\"},\"thumbnailUrl\":\"https:\/\/tdcenter.org\/wp-content\/uploads\/2025\/08\/IMG_0179-678x1024.jpg\",\"datePublished\":\"2026-01-08T13:03:59+00:00\",\"dateModified\":\"2026-01-08T13:24:32+00:00\",\"description\":\"As a political analyst and foreign policy expert, Maksym brings extensive knowledge and expertise in Eastern Europe, particularly Ukraine and Russia.\",\"breadcrumb\":{\"@id\":\"https:\/\/tdcenter.org\/dariia-yaremchuk\/#breadcrumb\"},\"inLanguage\":\"es\",\"potentialAction\":[{\"@type\":\"ReadAction\",\"target\":[\"https:\/\/tdcenter.org\/dariia-yaremchuk\/\"]}]},{\"@type\":\"ImageObject\",\"inLanguage\":\"es\",\"@id\":\"https:\/\/tdcenter.org\/dariia-yaremchuk\/#primaryimage\",\"url\":\"https:\/\/tdcenter.org\/wp-content\/uploads\/2025\/08\/IMG_0179-678x1024.jpg\",\"contentUrl\":\"https:\/\/tdcenter.org\/wp-content\/uploads\/2025\/08\/IMG_0179-678x1024.jpg\"},{\"@type\":\"BreadcrumbList\",\"@id\":\"https:\/\/tdcenter.org\/dariia-yaremchuk\/#breadcrumb\",\"itemListElement\":[{\"@type\":\"ListItem\",\"position\":1,\"name\":\"Home\",\"item\":\"https:\/\/tdcenter.org\/\"},{\"@type\":\"ListItem\",\"position\":2,\"name\":\"Dariia Yaremchuk\"}]},{\"@type\":\"WebSite\",\"@id\":\"https:\/\/tdcenter.org\/#website\",\"url\":\"https:\/\/tdcenter.org\/\",\"name\":\"Transatlantic Dialogue Center\",\"description\":\"Promoting International Peace and Security\",\"publisher\":{\"@id\":\"https:\/\/tdcenter.org\/#organization\"},\"potentialAction\":[{\"@type\":\"SearchAction\",\"target\":{\"@type\":\"EntryPoint\",\"urlTemplate\":\"https:\/\/tdcenter.org\/?s={search_term_string}\"},\"query-input\":{\"@type\":\"PropertyValueSpecification\",\"valueRequired\":true,\"valueName\":\"search_term_string\"}}],\"inLanguage\":\"es\"},{\"@type\":\"Organization\",\"@id\":\"https:\/\/tdcenter.org\/#organization\",\"name\":\"Transatlantic Dialogue Center\",\"url\":\"https:\/\/tdcenter.org\/\",\"logo\":{\"@type\":\"ImageObject\",\"inLanguage\":\"es\",\"@id\":\"https:\/\/tdcenter.org\/#\/schema\/logo\/image\/\",\"url\":\"https:\/\/tdcenter.org\/wp-content\/uploads\/2022\/04\/google.png\",\"contentUrl\":\"https:\/\/tdcenter.org\/wp-content\/uploads\/2022\/04\/google.png\",\"width\":2568,\"height\":2487,\"caption\":\"Transatlantic Dialogue Center\"},\"image\":{\"@id\":\"https:\/\/tdcenter.org\/#\/schema\/logo\/image\/\"},\"sameAs\":[\"https:\/\/www.facebook.com\/Transatlantic-Dialogue-Center-105645698740463\",\"https:\/\/www.youtube.com\/channel\/UCpJuhU4JBfpv_jsldNOc5LA\"]}]}<\/script>\n<!-- \/ Yoast SEO Premium plugin. -->","yoast_head_json":{"title":"Dariia Yaremchuk - Transatlantic Dialogue Center","description":"As a political analyst and foreign policy expert, Maksym brings extensive knowledge and expertise in Eastern Europe, particularly Ukraine and Russia.","robots":{"index":"index","follow":"follow","max-snippet":"max-snippet:-1","max-image-preview":"max-image-preview:large","max-video-preview":"max-video-preview:-1"},"canonical":"https:\/\/tdcenter.org\/es\/dariia-yaremchuk\/","og_locale":"es_ES","og_type":"article","og_title":"Dariia Yaremchuk","og_description":"Transatlantic Dialogue Center (TDC) is a non-governmental and non-partisan think tank that provides high-quality policy advice to private and public clients. The network of our friends and partners includes government officials, members of parliaments, businessmen, journalists, experts and analysts.","og_url":"https:\/\/tdcenter.org\/es\/dariia-yaremchuk\/","og_site_name":"Transatlantic Dialogue Center","article_publisher":"https:\/\/www.facebook.com\/Transatlantic-Dialogue-Center-105645698740463","article_modified_time":"2026-01-08T13:24:32+00:00","og_image":[{"width":768,"height":746,"url":"https:\/\/tdcenter.org\/wp-content\/uploads\/2023\/07\/O1G_3213-768x1086-1-e1688652310933.jpg","type":"image\/jpeg"}],"twitter_card":"summary_large_image","twitter_misc":{"Tiempo de lectura":"2 minutos"},"schema":{"@context":"https:\/\/schema.org","@graph":[{"@type":"WebPage","@id":"https:\/\/tdcenter.org\/dariia-yaremchuk\/","url":"https:\/\/tdcenter.org\/dariia-yaremchuk\/","name":"Dariia Yaremchuk - Transatlantic Dialogue Center","isPartOf":{"@id":"https:\/\/tdcenter.org\/#website"},"primaryImageOfPage":{"@id":"https:\/\/tdcenter.org\/dariia-yaremchuk\/#primaryimage"},"image":{"@id":"https:\/\/tdcenter.org\/dariia-yaremchuk\/#primaryimage"},"thumbnailUrl":"https:\/\/tdcenter.org\/wp-content\/uploads\/2025\/08\/IMG_0179-678x1024.jpg","datePublished":"2026-01-08T13:03:59+00:00","dateModified":"2026-01-08T13:24:32+00:00","description":"As a political analyst and foreign policy expert, Maksym brings extensive knowledge and expertise in Eastern Europe, particularly Ukraine and Russia.","breadcrumb":{"@id":"https:\/\/tdcenter.org\/dariia-yaremchuk\/#breadcrumb"},"inLanguage":"es","potentialAction":[{"@type":"ReadAction","target":["https:\/\/tdcenter.org\/dariia-yaremchuk\/"]}]},{"@type":"ImageObject","inLanguage":"es","@id":"https:\/\/tdcenter.org\/dariia-yaremchuk\/#primaryimage","url":"https:\/\/tdcenter.org\/wp-content\/uploads\/2025\/08\/IMG_0179-678x1024.jpg","contentUrl":"https:\/\/tdcenter.org\/wp-content\/uploads\/2025\/08\/IMG_0179-678x1024.jpg"},{"@type":"BreadcrumbList","@id":"https:\/\/tdcenter.org\/dariia-yaremchuk\/#breadcrumb","itemListElement":[{"@type":"ListItem","position":1,"name":"Home","item":"https:\/\/tdcenter.org\/"},{"@type":"ListItem","position":2,"name":"Dariia Yaremchuk"}]},{"@type":"WebSite","@id":"https:\/\/tdcenter.org\/#website","url":"https:\/\/tdcenter.org\/","name":"Transatlantic Dialogue Center","description":"Promovemos la paz y la seguridad internacionales","publisher":{"@id":"https:\/\/tdcenter.org\/#organization"},"potentialAction":[{"@type":"SearchAction","target":{"@type":"EntryPoint","urlTemplate":"https:\/\/tdcenter.org\/?s={search_term_string}"},"query-input":{"@type":"PropertyValueSpecification","valueRequired":true,"valueName":"search_term_string"}}],"inLanguage":"es"},{"@type":"Organization","@id":"https:\/\/tdcenter.org\/#organization","name":"Transatlantic Dialogue Center","url":"https:\/\/tdcenter.org\/","logo":{"@type":"ImageObject","inLanguage":"es","@id":"https:\/\/tdcenter.org\/#\/schema\/logo\/image\/","url":"https:\/\/tdcenter.org\/wp-content\/uploads\/2022\/04\/google.png","contentUrl":"https:\/\/tdcenter.org\/wp-content\/uploads\/2022\/04\/google.png","width":2568,"height":2487,"caption":"Transatlantic Dialogue Center"},"image":{"@id":"https:\/\/tdcenter.org\/#\/schema\/logo\/image\/"},"sameAs":["https:\/\/www.facebook.com\/Transatlantic-Dialogue-Center-105645698740463","https:\/\/www.youtube.com\/channel\/UCpJuhU4JBfpv_jsldNOc5LA"]}]}},"mfb_rest_fields":["title","yoast_head","yoast_head_json","gutenberg_elementor_mode"],"_links":{"self":[{"href":"https:\/\/tdcenter.org\/es\/wp-json\/wp\/v2\/pages\/33729","targetHints":{"allow":["GET"]}}],"collection":[{"href":"https:\/\/tdcenter.org\/es\/wp-json\/wp\/v2\/pages"}],"about":[{"href":"https:\/\/tdcenter.org\/es\/wp-json\/wp\/v2\/types\/page"}],"author":[{"embeddable":true,"href":"https:\/\/tdcenter.org\/es\/wp-json\/wp\/v2\/users\/1"}],"replies":[{"embeddable":true,"href":"https:\/\/tdcenter.org\/es\/wp-json\/wp\/v2\/comments?post=33729"}],"version-history":[{"count":10,"href":"https:\/\/tdcenter.org\/es\/wp-json\/wp\/v2\/pages\/33729\/revisions"}],"predecessor-version":[{"id":33765,"href":"https:\/\/tdcenter.org\/es\/wp-json\/wp\/v2\/pages\/33729\/revisions\/33765"}],"wp:attachment":[{"href":"https:\/\/tdcenter.org\/es\/wp-json\/wp\/v2\/media?parent=33729"}],"curies":[{"name":"wp","href":"https:\/\/api.w.org\/{rel}","templated":true}]}}