{"id":33713,"date":"2026-01-08T14:48:38","date_gmt":"2026-01-08T12:48:38","guid":{"rendered":"https:\/\/tdcenter.org\/?page_id=33713"},"modified":"2026-01-19T12:47:04","modified_gmt":"2026-01-19T10:47:04","slug":"maksym-chebotarev","status":"publish","type":"page","link":"https:\/\/tdcenter.org\/es\/maksym-chebotarev\/","title":{"rendered":"Maksym Chebotarov"},"content":{"rendered":"<div data-elementor-type=\"wp-page\" data-elementor-id=\"33713\" class=\"elementor elementor-33713\" data-elementor-post-type=\"page\">\n\t\t\t\t\t\t<section class=\"elementor-section elementor-top-section elementor-element elementor-element-d827834 elementor-section-boxed elementor-section-height-default elementor-section-height-default\" data-id=\"d827834\" data-element_type=\"section\" data-settings=\"{&quot;ekit_has_onepagescroll_dot&quot;:&quot;yes&quot;}\">\n\t\t\t\t\t\t<div class=\"elementor-container elementor-column-gap-default\">\n\t\t\t\t\t<div class=\"elementor-column elementor-col-100 elementor-top-column elementor-element elementor-element-1bcd2be\" data-id=\"1bcd2be\" data-element_type=\"column\">\n\t\t\t<div class=\"elementor-widget-wrap elementor-element-populated\">\n\t\t\t\t\t\t<div class=\"elementor-element elementor-element-49e7b1d6 elementor-widget elementor-widget-heading\" data-id=\"49e7b1d6\" data-element_type=\"widget\" data-settings=\"{&quot;ekit_we_effect_on&quot;:&quot;none&quot;}\" data-widget_type=\"heading.default\">\n\t\t\t\t<div class=\"elementor-widget-container\">\n\t\t\t\t\t<h2 class=\"elementor-heading-title elementor-size-default\">Maksym Chebotarov<\/h2>\t\t\t\t<\/div>\n\t\t\t\t<\/div>\n\t\t\t\t\t<\/div>\n\t\t<\/div>\n\t\t\t\t\t<\/div>\n\t\t<\/section>\n\t\t\t\t<section class=\"elementor-section elementor-top-section elementor-element elementor-element-1367822 elementor-section-boxed elementor-section-height-default elementor-section-height-default\" data-id=\"1367822\" data-element_type=\"section\" data-settings=\"{&quot;ekit_has_onepagescroll_dot&quot;:&quot;yes&quot;}\">\n\t\t\t\t\t\t<div class=\"elementor-container elementor-column-gap-default\">\n\t\t\t\t\t<div class=\"elementor-column elementor-col-50 elementor-top-column elementor-element elementor-element-4251242\" data-id=\"4251242\" data-element_type=\"column\" data-settings=\"{&quot;background_background&quot;:&quot;classic&quot;}\">\n\t\t\t<div class=\"elementor-widget-wrap elementor-element-populated\">\n\t\t\t\t\t\t<div class=\"elementor-element elementor-element-a25b43c elementor-widget elementor-widget-menu-anchor\" data-id=\"a25b43c\" data-element_type=\"widget\" data-settings=\"{&quot;ekit_we_effect_on&quot;:&quot;none&quot;}\" data-widget_type=\"menu-anchor.default\">\n\t\t\t\t<div class=\"elementor-widget-container\">\n\t\t\t\t\t\t\t<div class=\"elementor-menu-anchor\" id=\"yulia-osmolovska\"><\/div>\n\t\t\t\t\t\t<\/div>\n\t\t\t\t<\/div>\n\t\t\t\t<div class=\"elementor-element elementor-element-6208a61 elementor-widget elementor-widget-image\" data-id=\"6208a61\" data-element_type=\"widget\" data-settings=\"{&quot;ekit_we_effect_on&quot;:&quot;none&quot;}\" data-widget_type=\"image.default\">\n\t\t\t\t<div class=\"elementor-widget-container\">\n\t\t\t\t\t\t\t\t\t\t\t\t\t\t\t<img fetchpriority=\"high\" decoding=\"async\" width=\"730\" height=\"1024\" src=\"https:\/\/tdcenter.org\/wp-content\/uploads\/2025\/02\/IMG_1346-scaled-e1739361944850-730x1024.jpg\" class=\"attachment-large size-large wp-image-27810\" alt=\"\" srcset=\"https:\/\/tdcenter.org\/wp-content\/uploads\/2025\/02\/IMG_1346-scaled-e1739361944850-730x1024.jpg 730w, https:\/\/tdcenter.org\/wp-content\/uploads\/2025\/02\/IMG_1346-scaled-e1739361944850-428x600.jpg 428w, https:\/\/tdcenter.org\/wp-content\/uploads\/2025\/02\/IMG_1346-scaled-e1739361944850-768x1078.jpg 768w, https:\/\/tdcenter.org\/wp-content\/uploads\/2025\/02\/IMG_1346-scaled-e1739361944850-1095x1536.jpg 1095w, https:\/\/tdcenter.org\/wp-content\/uploads\/2025\/02\/IMG_1346-scaled-e1739361944850-9x12.jpg 9w, https:\/\/tdcenter.org\/wp-content\/uploads\/2025\/02\/IMG_1346-scaled-e1739361944850.jpg 1280w\" sizes=\"(max-width: 730px) 100vw, 730px\" \/>\t\t\t\t\t\t\t\t\t\t\t\t\t\t\t<\/div>\n\t\t\t\t<\/div>\n\t\t\t\t\t<\/div>\n\t\t<\/div>\n\t\t\t\t<div class=\"elementor-column elementor-col-50 elementor-top-column elementor-element elementor-element-d4ec0b0\" data-id=\"d4ec0b0\" data-element_type=\"column\">\n\t\t\t<div class=\"elementor-widget-wrap elementor-element-populated\">\n\t\t\t\t\t\t<div class=\"elementor-element elementor-element-782646a0 elementor-widget elementor-widget-text-editor\" data-id=\"782646a0\" data-element_type=\"widget\" data-settings=\"{&quot;ekit_we_effect_on&quot;:&quot;none&quot;}\" data-widget_type=\"text-editor.default\">\n\t\t\t\t<div class=\"elementor-widget-container\">\n\t\t\t\t\t\t\t\t\t<p><b>Maksym Chebotarov<\/b><span style=\"font-weight: 400;\"> es<\/span><b> Coordinador del Programa de Cooperaci\u00f3n EE.UU.- Ucrania <\/b><span style=\"font-weight: 400;\">en<\/span> <span style=\"font-weight: 400;\">el Centro de Di\u00e1logo Transatl\u00e1ntico, donde supervisa iniciativas de investigaci\u00f3n y pol\u00edticas centradas en la cooperaci\u00f3n en materia de seguridad transatl\u00e1ntica, la resiliencia democr\u00e1tica y el papel estrat\u00e9gico de Ucrania en el orden global en evoluci\u00f3n.  Maksym realiza visitas de promoci\u00f3n a Estados Unidos, fomentando el di\u00e1logo entre las partes interesadas estadounidenses y ucranianas.<\/span><\/p><p><span style=\"font-weight: 400;\">Sus \u00e1reas de inter\u00e9s profesional incluyen <\/span><i><span style=\"font-weight: 400;\">Relaciones entre Estados Unidos y Ucrania, gobernanza en tiempos de guerra, pol\u00edtica de defensa y seguridad, amenazas h\u00edbridas, competencia entre grandes potencias y planificaci\u00f3n estrat\u00e9gica, as\u00ed como desarrollo regional y gesti\u00f3n de la escalada<\/span><\/i><span style=\"font-weight: 400;\">Maksym contribuye a los documentos de investigaci\u00f3n estrat\u00e9gica y a los materiales de promoci\u00f3n de TDC, cuyo objetivo es fortalecer la comprensi\u00f3n transatl\u00e1ntica de la transformaci\u00f3n de Ucrania y sus necesidades de seguridad a largo plazo.<\/span><\/p><p><span style=\"font-weight: 400;\">Antes de unirse a TDC, trabaj\u00f3 como Analista de Inteligencia en <\/span><b>British Audere Group<\/b><span style=\"font-weight: 400;\">, produciendo evaluaciones de inteligencia de todas las fuentes y an\u00e1lisis de riesgos, y como Gerente de Operaciones en<\/span><b> la agencia de noticias francesa Agence France Presse<\/b><span style=\"font-weight: 400;\">, coordinando las operaciones de campo y las comunicaciones en la Ucrania en tiempos de guerra.<\/span><\/p><p>Maksym estudi\u00f3 <b>la Ley de la UE <\/b>y<b> Gobernanza <\/b>en <em>Bordeaux University<\/em> (France) and <em>Mykolas Romeris University<\/em> (Lituania), y posee una <b>Licenciatura <\/b>in<b> Derecho interno ucraniano <\/b>from <em>Universidad Nacional de Derecho Yaroslav el Sabio <\/em>(Ucrania), especializado en derecho penal internacional, justicia penal, crimen organizado, estudios forenses e investigaciones criminales.<\/p><p><span style=\"font-weight: 400;\">Maksym fue publicado en medios internacionales como <\/span><i><span style=\"font-weight: 400;\">Inside Story<\/span><\/i><span style=\"font-weight: 400;\"> (Grecia), <\/span><i><span style=\"font-weight: 400;\">BeijingNews, The Paper (<\/span><\/i><span style=\"font-weight: 400;\">RPC<\/span><i><span style=\"font-weight: 400;\">)<\/span><\/i><span style=\"font-weight: 400;\">.<\/span><\/p><p><span style=\"font-weight: 400;\">Habla ucraniano e ingl\u00e9s.<\/span><\/p>\t\t\t\t\t\t\t\t<\/div>\n\t\t\t\t<\/div>\n\t\t\t\t<div class=\"elementor-element elementor-element-eae17b1 e-grid-align-left elementor-shape-rounded elementor-grid-0 elementor-widget elementor-widget-social-icons\" data-id=\"eae17b1\" data-element_type=\"widget\" data-settings=\"{&quot;ekit_we_effect_on&quot;:&quot;none&quot;}\" data-widget_type=\"social-icons.default\">\n\t\t\t\t<div class=\"elementor-widget-container\">\n\t\t\t\t\t\t\t<div class=\"elementor-social-icons-wrapper elementor-grid\">\n\t\t\t\t\t\t\t<span class=\"elementor-grid-item\">\n\t\t\t\t\t<a class=\"elementor-icon elementor-social-icon elementor-social-icon-linkedin-in elementor-repeater-item-90aa614\" href=\"https:\/\/www.linkedin.com\/in\/m-chebotarov\/\" target=\"_blank\">\n\t\t\t\t\t\t<span class=\"elementor-screen-only\">Linkedin-in<\/span>\n\t\t\t\t\t\t<i class=\"fab fa-linkedin-in\"><\/i>\t\t\t\t\t<\/a>\n\t\t\t\t<\/span>\n\t\t\t\t\t<\/div>\n\t\t\t\t\t\t<\/div>\n\t\t\t\t<\/div>\n\t\t\t\t\t<\/div>\n\t\t<\/div>\n\t\t\t\t\t<\/div>\n\t\t<\/section>\n\t\t\t\t<\/div>","protected":false},"excerpt":{"rendered":"<p>Maksym Chebotarov Maksym Chebotarov is the Coordinator of the U.S.\u2013Ukraine Partnership Program at the Transatlantic Dialogue Center, where he oversees research and policy initiatives focused on transatlantic security cooperation, democratic resilience, and Ukraine\u2019s strategic role in the evolving global order. Maksym undertakes advocacy visits to the US, fostering dialogue between U.S. and Ukrainian stakeholders. His [&hellip;]<\/p>","protected":false},"author":1,"featured_media":0,"parent":0,"menu_order":0,"comment_status":"closed","ping_status":"closed","template":"","meta":{"footnotes":""},"class_list":["post-33713","page","type-page","status-publish","hentry"],"mb":[],"yoast_head":"<!-- This site is optimized with the Yoast SEO Premium plugin v25.6 (Yoast SEO v25.6) - https:\/\/yoast.com\/wordpress\/plugins\/seo\/ -->\n<title>Maksym Chebotarov - Transatlantic Dialogue Center<\/title>\n<meta name=\"description\" content=\"As a political analyst and foreign policy expert, Maksym brings extensive knowledge and expertise in Eastern Europe, particularly Ukraine and Russia.\" \/>\n<meta name=\"robots\" content=\"index, follow, max-snippet:-1, max-image-preview:large, max-video-preview:-1\" \/>\n<link rel=\"canonical\" href=\"https:\/\/tdcenter.org\/es\/maksym-chebotarev\/\" \/>\n<meta property=\"og:locale\" content=\"es_ES\" \/>\n<meta property=\"og:type\" content=\"article\" \/>\n<meta property=\"og:title\" content=\"Maksym Chebotarov\" \/>\n<meta property=\"og:description\" content=\"Transatlantic Dialogue Center (TDC) is a non-governmental and non-partisan think tank that provides high-quality policy advice to private and public clients. The network of our friends and partners includes government officials, members of parliaments, businessmen, journalists, experts and analysts.\" \/>\n<meta property=\"og:url\" content=\"https:\/\/tdcenter.org\/es\/maksym-chebotarev\/\" \/>\n<meta property=\"og:site_name\" content=\"Transatlantic Dialogue Center\" \/>\n<meta property=\"article:publisher\" content=\"https:\/\/www.facebook.com\/Transatlantic-Dialogue-Center-105645698740463\" \/>\n<meta property=\"article:modified_time\" content=\"2026-01-19T10:47:04+00:00\" \/>\n<meta property=\"og:image\" content=\"https:\/\/tdcenter.org\/wp-content\/uploads\/2023\/07\/O1G_3213-768x1086-1-e1688652310933.jpg\" \/>\n\t<meta property=\"og:image:width\" content=\"768\" \/>\n\t<meta property=\"og:image:height\" content=\"746\" \/>\n\t<meta property=\"og:image:type\" content=\"image\/jpeg\" \/>\n<meta name=\"twitter:card\" content=\"summary_large_image\" \/>\n<meta name=\"twitter:label1\" content=\"Tiempo de lectura\" \/>\n\t<meta name=\"twitter:data1\" content=\"2 minutos\" \/>\n<script type=\"application\/ld+json\" class=\"yoast-schema-graph\">{\"@context\":\"https:\/\/schema.org\",\"@graph\":[{\"@type\":\"WebPage\",\"@id\":\"https:\/\/tdcenter.org\/maksym-chebotarev\/\",\"url\":\"https:\/\/tdcenter.org\/maksym-chebotarev\/\",\"name\":\"Maksym Chebotarov - Transatlantic Dialogue Center\",\"isPartOf\":{\"@id\":\"https:\/\/tdcenter.org\/#website\"},\"primaryImageOfPage\":{\"@id\":\"https:\/\/tdcenter.org\/maksym-chebotarev\/#primaryimage\"},\"image\":{\"@id\":\"https:\/\/tdcenter.org\/maksym-chebotarev\/#primaryimage\"},\"thumbnailUrl\":\"https:\/\/tdcenter.org\/wp-content\/uploads\/2025\/02\/IMG_1346-scaled-e1739361944850-730x1024.jpg\",\"datePublished\":\"2026-01-08T12:48:38+00:00\",\"dateModified\":\"2026-01-19T10:47:04+00:00\",\"description\":\"As a political analyst and foreign policy expert, Maksym brings extensive knowledge and expertise in Eastern Europe, particularly Ukraine and Russia.\",\"breadcrumb\":{\"@id\":\"https:\/\/tdcenter.org\/maksym-chebotarev\/#breadcrumb\"},\"inLanguage\":\"es\",\"potentialAction\":[{\"@type\":\"ReadAction\",\"target\":[\"https:\/\/tdcenter.org\/maksym-chebotarev\/\"]}]},{\"@type\":\"ImageObject\",\"inLanguage\":\"es\",\"@id\":\"https:\/\/tdcenter.org\/maksym-chebotarev\/#primaryimage\",\"url\":\"https:\/\/tdcenter.org\/wp-content\/uploads\/2025\/02\/IMG_1346-scaled-e1739361944850-730x1024.jpg\",\"contentUrl\":\"https:\/\/tdcenter.org\/wp-content\/uploads\/2025\/02\/IMG_1346-scaled-e1739361944850-730x1024.jpg\"},{\"@type\":\"BreadcrumbList\",\"@id\":\"https:\/\/tdcenter.org\/maksym-chebotarev\/#breadcrumb\",\"itemListElement\":[{\"@type\":\"ListItem\",\"position\":1,\"name\":\"Home\",\"item\":\"https:\/\/tdcenter.org\/\"},{\"@type\":\"ListItem\",\"position\":2,\"name\":\"Maksym Chebotarov\"}]},{\"@type\":\"WebSite\",\"@id\":\"https:\/\/tdcenter.org\/#website\",\"url\":\"https:\/\/tdcenter.org\/\",\"name\":\"Transatlantic Dialogue Center\",\"description\":\"Promoting International Peace and Security\",\"publisher\":{\"@id\":\"https:\/\/tdcenter.org\/#organization\"},\"potentialAction\":[{\"@type\":\"SearchAction\",\"target\":{\"@type\":\"EntryPoint\",\"urlTemplate\":\"https:\/\/tdcenter.org\/?s={search_term_string}\"},\"query-input\":{\"@type\":\"PropertyValueSpecification\",\"valueRequired\":true,\"valueName\":\"search_term_string\"}}],\"inLanguage\":\"es\"},{\"@type\":\"Organization\",\"@id\":\"https:\/\/tdcenter.org\/#organization\",\"name\":\"Transatlantic Dialogue Center\",\"url\":\"https:\/\/tdcenter.org\/\",\"logo\":{\"@type\":\"ImageObject\",\"inLanguage\":\"es\",\"@id\":\"https:\/\/tdcenter.org\/#\/schema\/logo\/image\/\",\"url\":\"https:\/\/tdcenter.org\/wp-content\/uploads\/2022\/04\/google.png\",\"contentUrl\":\"https:\/\/tdcenter.org\/wp-content\/uploads\/2022\/04\/google.png\",\"width\":2568,\"height\":2487,\"caption\":\"Transatlantic Dialogue Center\"},\"image\":{\"@id\":\"https:\/\/tdcenter.org\/#\/schema\/logo\/image\/\"},\"sameAs\":[\"https:\/\/www.facebook.com\/Transatlantic-Dialogue-Center-105645698740463\",\"https:\/\/www.youtube.com\/channel\/UCpJuhU4JBfpv_jsldNOc5LA\"]}]}<\/script>\n<!-- \/ Yoast SEO Premium plugin. -->","yoast_head_json":{"title":"Maksym Chebotarov - Transatlantic Dialogue Center","description":"As a political analyst and foreign policy expert, Maksym brings extensive knowledge and expertise in Eastern Europe, particularly Ukraine and Russia.","robots":{"index":"index","follow":"follow","max-snippet":"max-snippet:-1","max-image-preview":"max-image-preview:large","max-video-preview":"max-video-preview:-1"},"canonical":"https:\/\/tdcenter.org\/es\/maksym-chebotarev\/","og_locale":"es_ES","og_type":"article","og_title":"Maksym Chebotarov","og_description":"Transatlantic Dialogue Center (TDC) is a non-governmental and non-partisan think tank that provides high-quality policy advice to private and public clients. The network of our friends and partners includes government officials, members of parliaments, businessmen, journalists, experts and analysts.","og_url":"https:\/\/tdcenter.org\/es\/maksym-chebotarev\/","og_site_name":"Transatlantic Dialogue Center","article_publisher":"https:\/\/www.facebook.com\/Transatlantic-Dialogue-Center-105645698740463","article_modified_time":"2026-01-19T10:47:04+00:00","og_image":[{"width":768,"height":746,"url":"https:\/\/tdcenter.org\/wp-content\/uploads\/2023\/07\/O1G_3213-768x1086-1-e1688652310933.jpg","type":"image\/jpeg"}],"twitter_card":"summary_large_image","twitter_misc":{"Tiempo de lectura":"2 minutos"},"schema":{"@context":"https:\/\/schema.org","@graph":[{"@type":"WebPage","@id":"https:\/\/tdcenter.org\/maksym-chebotarev\/","url":"https:\/\/tdcenter.org\/maksym-chebotarev\/","name":"Maksym Chebotarov - Transatlantic Dialogue Center","isPartOf":{"@id":"https:\/\/tdcenter.org\/#website"},"primaryImageOfPage":{"@id":"https:\/\/tdcenter.org\/maksym-chebotarev\/#primaryimage"},"image":{"@id":"https:\/\/tdcenter.org\/maksym-chebotarev\/#primaryimage"},"thumbnailUrl":"https:\/\/tdcenter.org\/wp-content\/uploads\/2025\/02\/IMG_1346-scaled-e1739361944850-730x1024.jpg","datePublished":"2026-01-08T12:48:38+00:00","dateModified":"2026-01-19T10:47:04+00:00","description":"As a political analyst and foreign policy expert, Maksym brings extensive knowledge and expertise in Eastern Europe, particularly Ukraine and Russia.","breadcrumb":{"@id":"https:\/\/tdcenter.org\/maksym-chebotarev\/#breadcrumb"},"inLanguage":"es","potentialAction":[{"@type":"ReadAction","target":["https:\/\/tdcenter.org\/maksym-chebotarev\/"]}]},{"@type":"ImageObject","inLanguage":"es","@id":"https:\/\/tdcenter.org\/maksym-chebotarev\/#primaryimage","url":"https:\/\/tdcenter.org\/wp-content\/uploads\/2025\/02\/IMG_1346-scaled-e1739361944850-730x1024.jpg","contentUrl":"https:\/\/tdcenter.org\/wp-content\/uploads\/2025\/02\/IMG_1346-scaled-e1739361944850-730x1024.jpg"},{"@type":"BreadcrumbList","@id":"https:\/\/tdcenter.org\/maksym-chebotarev\/#breadcrumb","itemListElement":[{"@type":"ListItem","position":1,"name":"Home","item":"https:\/\/tdcenter.org\/"},{"@type":"ListItem","position":2,"name":"Maksym Chebotarov"}]},{"@type":"WebSite","@id":"https:\/\/tdcenter.org\/#website","url":"https:\/\/tdcenter.org\/","name":"Transatlantic Dialogue Center","description":"Promovemos la paz y la seguridad internacionales","publisher":{"@id":"https:\/\/tdcenter.org\/#organization"},"potentialAction":[{"@type":"SearchAction","target":{"@type":"EntryPoint","urlTemplate":"https:\/\/tdcenter.org\/?s={search_term_string}"},"query-input":{"@type":"PropertyValueSpecification","valueRequired":true,"valueName":"search_term_string"}}],"inLanguage":"es"},{"@type":"Organization","@id":"https:\/\/tdcenter.org\/#organization","name":"Transatlantic Dialogue Center","url":"https:\/\/tdcenter.org\/","logo":{"@type":"ImageObject","inLanguage":"es","@id":"https:\/\/tdcenter.org\/#\/schema\/logo\/image\/","url":"https:\/\/tdcenter.org\/wp-content\/uploads\/2022\/04\/google.png","contentUrl":"https:\/\/tdcenter.org\/wp-content\/uploads\/2022\/04\/google.png","width":2568,"height":2487,"caption":"Transatlantic Dialogue Center"},"image":{"@id":"https:\/\/tdcenter.org\/#\/schema\/logo\/image\/"},"sameAs":["https:\/\/www.facebook.com\/Transatlantic-Dialogue-Center-105645698740463","https:\/\/www.youtube.com\/channel\/UCpJuhU4JBfpv_jsldNOc5LA"]}]}},"mfb_rest_fields":["title","yoast_head","yoast_head_json","gutenberg_elementor_mode"],"_links":{"self":[{"href":"https:\/\/tdcenter.org\/es\/wp-json\/wp\/v2\/pages\/33713","targetHints":{"allow":["GET"]}}],"collection":[{"href":"https:\/\/tdcenter.org\/es\/wp-json\/wp\/v2\/pages"}],"about":[{"href":"https:\/\/tdcenter.org\/es\/wp-json\/wp\/v2\/types\/page"}],"author":[{"embeddable":true,"href":"https:\/\/tdcenter.org\/es\/wp-json\/wp\/v2\/users\/1"}],"replies":[{"embeddable":true,"href":"https:\/\/tdcenter.org\/es\/wp-json\/wp\/v2\/comments?post=33713"}],"version-history":[{"count":11,"href":"https:\/\/tdcenter.org\/es\/wp-json\/wp\/v2\/pages\/33713\/revisions"}],"predecessor-version":[{"id":33985,"href":"https:\/\/tdcenter.org\/es\/wp-json\/wp\/v2\/pages\/33713\/revisions\/33985"}],"wp:attachment":[{"href":"https:\/\/tdcenter.org\/es\/wp-json\/wp\/v2\/media?parent=33713"}],"curies":[{"name":"wp","href":"https:\/\/api.w.org\/{rel}","templated":true}]}}