{"id":33675,"date":"2026-01-07T18:20:54","date_gmt":"2026-01-07T16:20:54","guid":{"rendered":"https:\/\/tdcenter.org\/?page_id=33675"},"modified":"2026-01-07T18:37:57","modified_gmt":"2026-01-07T16:37:57","slug":"oleksandr-slyvchuk","status":"publish","type":"page","link":"https:\/\/tdcenter.org\/es\/oleksandr-slyvchuk\/","title":{"rendered":"Oleksandr Slyvchuk"},"content":{"rendered":"<div data-elementor-type=\"wp-page\" data-elementor-id=\"33675\" class=\"elementor elementor-33675\" data-elementor-post-type=\"page\">\n\t\t\t\t\t\t<section class=\"elementor-section elementor-top-section elementor-element elementor-element-d827834 elementor-section-boxed elementor-section-height-default elementor-section-height-default\" data-id=\"d827834\" data-element_type=\"section\" data-settings=\"{&quot;ekit_has_onepagescroll_dot&quot;:&quot;yes&quot;}\">\n\t\t\t\t\t\t<div class=\"elementor-container elementor-column-gap-default\">\n\t\t\t\t\t<div class=\"elementor-column elementor-col-100 elementor-top-column elementor-element elementor-element-1bcd2be\" data-id=\"1bcd2be\" data-element_type=\"column\">\n\t\t\t<div class=\"elementor-widget-wrap elementor-element-populated\">\n\t\t\t\t\t\t<div class=\"elementor-element elementor-element-49e7b1d6 elementor-widget elementor-widget-heading\" data-id=\"49e7b1d6\" data-element_type=\"widget\" data-settings=\"{&quot;ekit_we_effect_on&quot;:&quot;none&quot;}\" data-widget_type=\"heading.default\">\n\t\t\t\t<div class=\"elementor-widget-container\">\n\t\t\t\t\t<h2 class=\"elementor-heading-title elementor-size-default\">Oleksandr Slyvchuk<\/h2>\t\t\t\t<\/div>\n\t\t\t\t<\/div>\n\t\t\t\t\t<\/div>\n\t\t<\/div>\n\t\t\t\t\t<\/div>\n\t\t<\/section>\n\t\t\t\t<section class=\"elementor-section elementor-top-section elementor-element elementor-element-1367822 elementor-section-boxed elementor-section-height-default elementor-section-height-default\" data-id=\"1367822\" data-element_type=\"section\" data-settings=\"{&quot;ekit_has_onepagescroll_dot&quot;:&quot;yes&quot;}\">\n\t\t\t\t\t\t<div class=\"elementor-container elementor-column-gap-default\">\n\t\t\t\t\t<div class=\"elementor-column elementor-col-50 elementor-top-column elementor-element elementor-element-4251242\" data-id=\"4251242\" data-element_type=\"column\" data-settings=\"{&quot;background_background&quot;:&quot;classic&quot;}\">\n\t\t\t<div class=\"elementor-widget-wrap elementor-element-populated\">\n\t\t\t\t\t\t<div class=\"elementor-element elementor-element-a25b43c elementor-widget elementor-widget-menu-anchor\" data-id=\"a25b43c\" data-element_type=\"widget\" data-settings=\"{&quot;ekit_we_effect_on&quot;:&quot;none&quot;}\" data-widget_type=\"menu-anchor.default\">\n\t\t\t\t<div class=\"elementor-widget-container\">\n\t\t\t\t\t\t\t<div class=\"elementor-menu-anchor\" id=\"yulia-osmolovska\"><\/div>\n\t\t\t\t\t\t<\/div>\n\t\t\t\t<\/div>\n\t\t\t\t<div class=\"elementor-element elementor-element-6208a61 elementor-widget elementor-widget-image\" data-id=\"6208a61\" data-element_type=\"widget\" data-settings=\"{&quot;ekit_we_effect_on&quot;:&quot;none&quot;}\" data-widget_type=\"image.default\">\n\t\t\t\t<div class=\"elementor-widget-container\">\n\t\t\t\t\t\t\t\t\t\t\t\t\t\t\t<img fetchpriority=\"high\" decoding=\"async\" width=\"800\" height=\"912\" src=\"https:\/\/tdcenter.org\/wp-content\/uploads\/2026\/01\/O1G_3085-scaled-e1672235248690-898x1024.jpg\" class=\"attachment-large size-large wp-image-33677\" alt=\"\" srcset=\"https:\/\/tdcenter.org\/wp-content\/uploads\/2026\/01\/O1G_3085-scaled-e1672235248690-898x1024.jpg 898w, https:\/\/tdcenter.org\/wp-content\/uploads\/2026\/01\/O1G_3085-scaled-e1672235248690-526x600.jpg 526w, https:\/\/tdcenter.org\/wp-content\/uploads\/2026\/01\/O1G_3085-scaled-e1672235248690-768x876.jpg 768w, https:\/\/tdcenter.org\/wp-content\/uploads\/2026\/01\/O1G_3085-scaled-e1672235248690-1347x1536.jpg 1347w, https:\/\/tdcenter.org\/wp-content\/uploads\/2026\/01\/O1G_3085-scaled-e1672235248690-11x12.jpg 11w, https:\/\/tdcenter.org\/wp-content\/uploads\/2026\/01\/O1G_3085-scaled-e1672235248690.jpg 1459w\" sizes=\"(max-width: 800px) 100vw, 800px\" \/>\t\t\t\t\t\t\t\t\t\t\t\t\t\t\t<\/div>\n\t\t\t\t<\/div>\n\t\t\t\t\t<\/div>\n\t\t<\/div>\n\t\t\t\t<div class=\"elementor-column elementor-col-50 elementor-top-column elementor-element elementor-element-d4ec0b0\" data-id=\"d4ec0b0\" data-element_type=\"column\">\n\t\t\t<div class=\"elementor-widget-wrap elementor-element-populated\">\n\t\t\t\t\t\t<div class=\"elementor-element elementor-element-782646a0 elementor-widget elementor-widget-text-editor\" data-id=\"782646a0\" data-element_type=\"widget\" data-settings=\"{&quot;ekit_we_effect_on&quot;:&quot;none&quot;}\" data-widget_type=\"text-editor.default\">\n\t\t\t\t<div class=\"elementor-widget-container\">\n\t\t\t\t\t\t\t\t\t<p><b>Oleksandr Slyvchuk<\/b><span style=\"font-weight: 400;\"> es <\/span><b>Coordinador del Programa de Cooperaci\u00f3n para Espa\u00f1a y Latinoam\u00e9rica<\/b><span style=\"font-weight: 400;\"> en el Centro de Di\u00e1logo Transatl\u00e1ntico, donde dirige proyectos de investigaci\u00f3n y promoci\u00f3n con socios en <\/span><b>Espa\u00f1a, Argentina, Chile y Brasil.<\/b><span style=\"font-weight: 400;\">\u00a0<\/span><\/p><p><span style=\"font-weight: 400;\">Su trabajo se centra en fortalecer la cooperaci\u00f3n con las partes interesadas de habla hispana y en promover asociaciones en Espa\u00f1a y Am\u00e9rica Latina mediante la organizaci\u00f3n de conferencias internacionales y la coordinaci\u00f3n de campa\u00f1as de comunicaci\u00f3n para audiencias de habla hispana sobre la situaci\u00f3n actual de Ucrania.<\/span><span style=\"font-weight: 400;\">\u00a0<\/span><\/p><p><span style=\"font-weight: 400;\">Sus intereses de investigaci\u00f3n incluyen <\/span><i><span style=\"font-weight: 400;\">Pol\u00edtica exterior espa\u00f1ola, seguridad internacional, pol\u00edtica exterior ucraniana, conflictos armados y Europa del Este.\u00a0<\/span><\/i><\/p><p><span style=\"font-weight: 400;\">Los an\u00e1lisis y comentarios de Oleksandr han sido publicados por <\/span><i><span style=\"font-weight: 400;\">El Pa\u00eds y El Mundo<\/span><\/i><span style=\"font-weight: 400;\"> (Espa\u00f1a), <\/span><i><span style=\"font-weight: 400;\">Infobae<\/span><\/i><span style=\"font-weight: 400;\"> (Argentina), <\/span><i><span style=\"font-weight: 400;\">La Tercera<\/span><\/i><span style=\"font-weight: 400;\"> (Chile), <\/span><i><span style=\"font-weight: 400;\">Estad\u00e3o<\/span><\/i><span style=\"font-weight: 400;\"> (Brasil).\u00a0<\/span><\/p><p><span style=\"font-weight: 400;\">Antes de unirse al Centro, fue Profesor Visitante de Relaciones Internacionales en la <\/span><b>Academia de Kyiv-Mohyla<\/b><span style=\"font-weight: 400;\"> (Ucrania).  Oleksandr tambi\u00e9n trabaj\u00f3 en el <\/span><b>Instituto Ucraniano de Pol\u00edtica Internacional<\/b><span style=\"font-weight: 400;\">, donde contribuy\u00f3 a proyectos sobre el desarrollo regional de Ucrania en el marco de la integraci\u00f3n en la UE.<\/span><\/p><p><span style=\"font-weight: 400;\">Oleksandr est\u00e1 actualmente<\/span><b> en Espa\u00f1a<\/b><span style=\"font-weight: 400;\"> cursando un doctorado en Relaciones Internacionales en la <\/span><i><span style=\"font-weight: 400;\">Universidad Aut\u00f3noma de Barcelona<\/span><\/i><span style=\"font-weight: 400;\">. Vivi\u00f3 tambi\u00e9n<\/span><b> en<\/b> <b>la Rep\u00fablica Checa<\/b><span style=\"font-weight: 400;\"> durante varios a\u00f1os, donde curs\u00f3 su maestr\u00eda en Ciencias Pol\u00edticas en<\/span><i><span style=\"font-weight: 400;\"> Universidad de Masaryk<\/span><\/i><span style=\"font-weight: 400;\">. Oleksandr tiene una licenciatura en Relaciones Internacionales de <\/span><i><span style=\"font-weight: 400;\">Universidad Nacional Tar\u00e1s Shevchenko de Kyiv<\/span><\/i><span style=\"font-weight: 400;\">.\u00a0<\/span><\/p><p><span style=\"font-weight: 400;\">Habla espa\u00f1ol, ingl\u00e9s y ucraniano con fluidez.<\/span><\/p><p dir=\"ltr\" style=\"line-height: 1.38; text-align: justify; margin-top: 0pt; margin-bottom: 0pt;\"><br style=\"font-weight: 400;\" \/><br \/><\/p>\t\t\t\t\t\t\t\t<\/div>\n\t\t\t\t<\/div>\n\t\t\t\t<div class=\"elementor-element elementor-element-eae17b1 e-grid-align-left elementor-shape-rounded elementor-grid-0 elementor-widget elementor-widget-social-icons\" data-id=\"eae17b1\" data-element_type=\"widget\" data-settings=\"{&quot;ekit_we_effect_on&quot;:&quot;none&quot;}\" data-widget_type=\"social-icons.default\">\n\t\t\t\t<div class=\"elementor-widget-container\">\n\t\t\t\t\t\t\t<div class=\"elementor-social-icons-wrapper elementor-grid\" role=\"list\">\n\t\t\t\t\t\t\t<span class=\"elementor-grid-item\" role=\"listitem\">\n\t\t\t\t\t<a class=\"elementor-icon elementor-social-icon elementor-social-icon-twitter elementor-repeater-item-b0e655f\" href=\"https:\/\/twitter.com\/O_Slyvchuk\" target=\"_blank\">\n\t\t\t\t\t\t<span class=\"elementor-screen-only\">Twitter<\/span>\n\t\t\t\t\t\t<i class=\"fab fa-twitter\"><\/i>\t\t\t\t\t<\/a>\n\t\t\t\t<\/span>\n\t\t\t\t\t\t\t<span class=\"elementor-grid-item\" role=\"listitem\">\n\t\t\t\t\t<a class=\"elementor-icon elementor-social-icon elementor-social-icon-instagram elementor-repeater-item-82eec36\" href=\"https:\/\/www.instagram.com\/oleksandr.slyvchuk\/\" target=\"_blank\">\n\t\t\t\t\t\t<span class=\"elementor-screen-only\">Instagram<\/span>\n\t\t\t\t\t\t<i class=\"fab fa-instagram\"><\/i>\t\t\t\t\t<\/a>\n\t\t\t\t<\/span>\n\t\t\t\t\t\t\t<span class=\"elementor-grid-item\" role=\"listitem\">\n\t\t\t\t\t<a class=\"elementor-icon elementor-social-icon elementor-social-icon-linkedin-in elementor-repeater-item-90aa614\" href=\"https:\/\/www.linkedin.com\/in\/oleksandr-slyvchuk-5195301a1\/\" target=\"_blank\">\n\t\t\t\t\t\t<span class=\"elementor-screen-only\">Linkedin-in<\/span>\n\t\t\t\t\t\t<i class=\"fab fa-linkedin-in\"><\/i>\t\t\t\t\t<\/a>\n\t\t\t\t<\/span>\n\t\t\t\t\t<\/div>\n\t\t\t\t\t\t<\/div>\n\t\t\t\t<\/div>\n\t\t\t\t\t<\/div>\n\t\t<\/div>\n\t\t\t\t\t<\/div>\n\t\t<\/section>\n\t\t\t\t<\/div>","protected":false},"excerpt":{"rendered":"<p>Oleksandr Slyvchuk Oleksandr Slyvchuk is the Coordinator of the Spain and Latin America Cooperation Program at the Transatlantic Dialogue Center, where he leads research and advocacy projects with partners in Spain, Argentina, Chile, and Brazil.\u00a0 His work focuses on strengthening cooperation with Spanish-speaking stakeholders and advancing partnerships across Spain and Latin America through organizing international [&hellip;]<\/p>","protected":false},"author":1,"featured_media":0,"parent":0,"menu_order":0,"comment_status":"closed","ping_status":"closed","template":"","meta":{"footnotes":""},"class_list":["post-33675","page","type-page","status-publish","hentry"],"mb":[],"yoast_head":"<!-- This site is optimized with the Yoast SEO Premium plugin v25.6 (Yoast SEO v25.6) - https:\/\/yoast.com\/wordpress\/plugins\/seo\/ -->\n<title>Oleksandr Slyvchuk - Transatlantic Dialogue Center<\/title>\n<meta name=\"description\" content=\"As a political analyst and foreign policy expert, Maksym brings extensive knowledge and expertise in Eastern Europe, particularly Ukraine and Russia.\" \/>\n<meta name=\"robots\" content=\"index, follow, max-snippet:-1, max-image-preview:large, max-video-preview:-1\" \/>\n<link rel=\"canonical\" href=\"https:\/\/tdcenter.org\/es\/oleksandr-slyvchuk\/\" \/>\n<meta property=\"og:locale\" content=\"es_ES\" \/>\n<meta property=\"og:type\" content=\"article\" \/>\n<meta property=\"og:title\" content=\"Oleksandr Slyvchuk\" \/>\n<meta property=\"og:description\" content=\"Transatlantic Dialogue Center (TDC) is a non-governmental and non-partisan think tank that provides high-quality policy advice to private and public clients. The network of our friends and partners includes government officials, members of parliaments, businessmen, journalists, experts and analysts.\" \/>\n<meta property=\"og:url\" content=\"https:\/\/tdcenter.org\/es\/oleksandr-slyvchuk\/\" \/>\n<meta property=\"og:site_name\" content=\"Transatlantic Dialogue Center\" \/>\n<meta property=\"article:publisher\" content=\"https:\/\/www.facebook.com\/Transatlantic-Dialogue-Center-105645698740463\" \/>\n<meta property=\"article:modified_time\" content=\"2026-01-07T16:37:57+00:00\" \/>\n<meta property=\"og:image\" content=\"https:\/\/tdcenter.org\/wp-content\/uploads\/2023\/07\/O1G_3213-768x1086-1-e1688652310933.jpg\" \/>\n\t<meta property=\"og:image:width\" content=\"768\" \/>\n\t<meta property=\"og:image:height\" content=\"746\" \/>\n\t<meta property=\"og:image:type\" content=\"image\/jpeg\" \/>\n<meta name=\"twitter:card\" content=\"summary_large_image\" \/>\n<meta name=\"twitter:label1\" content=\"Tiempo de lectura\" \/>\n\t<meta name=\"twitter:data1\" content=\"2 minutos\" \/>\n<script type=\"application\/ld+json\" class=\"yoast-schema-graph\">{\"@context\":\"https:\/\/schema.org\",\"@graph\":[{\"@type\":\"WebPage\",\"@id\":\"https:\/\/tdcenter.org\/oleksandr-slyvchuk\/\",\"url\":\"https:\/\/tdcenter.org\/oleksandr-slyvchuk\/\",\"name\":\"Oleksandr Slyvchuk - Transatlantic Dialogue Center\",\"isPartOf\":{\"@id\":\"https:\/\/tdcenter.org\/#website\"},\"primaryImageOfPage\":{\"@id\":\"https:\/\/tdcenter.org\/oleksandr-slyvchuk\/#primaryimage\"},\"image\":{\"@id\":\"https:\/\/tdcenter.org\/oleksandr-slyvchuk\/#primaryimage\"},\"thumbnailUrl\":\"https:\/\/tdcenter.org\/wp-content\/uploads\/2026\/01\/O1G_3085-scaled-e1672235248690-898x1024.jpg\",\"datePublished\":\"2026-01-07T16:20:54+00:00\",\"dateModified\":\"2026-01-07T16:37:57+00:00\",\"description\":\"As a political analyst and foreign policy expert, Maksym brings extensive knowledge and expertise in Eastern Europe, particularly Ukraine and Russia.\",\"breadcrumb\":{\"@id\":\"https:\/\/tdcenter.org\/oleksandr-slyvchuk\/#breadcrumb\"},\"inLanguage\":\"es\",\"potentialAction\":[{\"@type\":\"ReadAction\",\"target\":[\"https:\/\/tdcenter.org\/oleksandr-slyvchuk\/\"]}]},{\"@type\":\"ImageObject\",\"inLanguage\":\"es\",\"@id\":\"https:\/\/tdcenter.org\/oleksandr-slyvchuk\/#primaryimage\",\"url\":\"https:\/\/tdcenter.org\/wp-content\/uploads\/2026\/01\/O1G_3085-scaled-e1672235248690-898x1024.jpg\",\"contentUrl\":\"https:\/\/tdcenter.org\/wp-content\/uploads\/2026\/01\/O1G_3085-scaled-e1672235248690-898x1024.jpg\"},{\"@type\":\"BreadcrumbList\",\"@id\":\"https:\/\/tdcenter.org\/oleksandr-slyvchuk\/#breadcrumb\",\"itemListElement\":[{\"@type\":\"ListItem\",\"position\":1,\"name\":\"Home\",\"item\":\"https:\/\/tdcenter.org\/\"},{\"@type\":\"ListItem\",\"position\":2,\"name\":\"Oleksandr Slyvchuk\"}]},{\"@type\":\"WebSite\",\"@id\":\"https:\/\/tdcenter.org\/#website\",\"url\":\"https:\/\/tdcenter.org\/\",\"name\":\"Transatlantic Dialogue Center\",\"description\":\"Promoting International Peace and Security\",\"publisher\":{\"@id\":\"https:\/\/tdcenter.org\/#organization\"},\"potentialAction\":[{\"@type\":\"SearchAction\",\"target\":{\"@type\":\"EntryPoint\",\"urlTemplate\":\"https:\/\/tdcenter.org\/?s={search_term_string}\"},\"query-input\":{\"@type\":\"PropertyValueSpecification\",\"valueRequired\":true,\"valueName\":\"search_term_string\"}}],\"inLanguage\":\"es\"},{\"@type\":\"Organization\",\"@id\":\"https:\/\/tdcenter.org\/#organization\",\"name\":\"Transatlantic Dialogue Center\",\"url\":\"https:\/\/tdcenter.org\/\",\"logo\":{\"@type\":\"ImageObject\",\"inLanguage\":\"es\",\"@id\":\"https:\/\/tdcenter.org\/#\/schema\/logo\/image\/\",\"url\":\"https:\/\/tdcenter.org\/wp-content\/uploads\/2022\/04\/google.png\",\"contentUrl\":\"https:\/\/tdcenter.org\/wp-content\/uploads\/2022\/04\/google.png\",\"width\":2568,\"height\":2487,\"caption\":\"Transatlantic Dialogue Center\"},\"image\":{\"@id\":\"https:\/\/tdcenter.org\/#\/schema\/logo\/image\/\"},\"sameAs\":[\"https:\/\/www.facebook.com\/Transatlantic-Dialogue-Center-105645698740463\",\"https:\/\/www.youtube.com\/channel\/UCpJuhU4JBfpv_jsldNOc5LA\"]}]}<\/script>\n<!-- \/ Yoast SEO Premium plugin. -->","yoast_head_json":{"title":"Oleksandr Slyvchuk - Transatlantic Dialogue Center","description":"As a political analyst and foreign policy expert, Maksym brings extensive knowledge and expertise in Eastern Europe, particularly Ukraine and Russia.","robots":{"index":"index","follow":"follow","max-snippet":"max-snippet:-1","max-image-preview":"max-image-preview:large","max-video-preview":"max-video-preview:-1"},"canonical":"https:\/\/tdcenter.org\/es\/oleksandr-slyvchuk\/","og_locale":"es_ES","og_type":"article","og_title":"Oleksandr Slyvchuk","og_description":"Transatlantic Dialogue Center (TDC) is a non-governmental and non-partisan think tank that provides high-quality policy advice to private and public clients. The network of our friends and partners includes government officials, members of parliaments, businessmen, journalists, experts and analysts.","og_url":"https:\/\/tdcenter.org\/es\/oleksandr-slyvchuk\/","og_site_name":"Transatlantic Dialogue Center","article_publisher":"https:\/\/www.facebook.com\/Transatlantic-Dialogue-Center-105645698740463","article_modified_time":"2026-01-07T16:37:57+00:00","og_image":[{"width":768,"height":746,"url":"https:\/\/tdcenter.org\/wp-content\/uploads\/2023\/07\/O1G_3213-768x1086-1-e1688652310933.jpg","type":"image\/jpeg"}],"twitter_card":"summary_large_image","twitter_misc":{"Tiempo de lectura":"2 minutos"},"schema":{"@context":"https:\/\/schema.org","@graph":[{"@type":"WebPage","@id":"https:\/\/tdcenter.org\/oleksandr-slyvchuk\/","url":"https:\/\/tdcenter.org\/oleksandr-slyvchuk\/","name":"Oleksandr Slyvchuk - Transatlantic Dialogue Center","isPartOf":{"@id":"https:\/\/tdcenter.org\/#website"},"primaryImageOfPage":{"@id":"https:\/\/tdcenter.org\/oleksandr-slyvchuk\/#primaryimage"},"image":{"@id":"https:\/\/tdcenter.org\/oleksandr-slyvchuk\/#primaryimage"},"thumbnailUrl":"https:\/\/tdcenter.org\/wp-content\/uploads\/2026\/01\/O1G_3085-scaled-e1672235248690-898x1024.jpg","datePublished":"2026-01-07T16:20:54+00:00","dateModified":"2026-01-07T16:37:57+00:00","description":"As a political analyst and foreign policy expert, Maksym brings extensive knowledge and expertise in Eastern Europe, particularly Ukraine and Russia.","breadcrumb":{"@id":"https:\/\/tdcenter.org\/oleksandr-slyvchuk\/#breadcrumb"},"inLanguage":"es","potentialAction":[{"@type":"ReadAction","target":["https:\/\/tdcenter.org\/oleksandr-slyvchuk\/"]}]},{"@type":"ImageObject","inLanguage":"es","@id":"https:\/\/tdcenter.org\/oleksandr-slyvchuk\/#primaryimage","url":"https:\/\/tdcenter.org\/wp-content\/uploads\/2026\/01\/O1G_3085-scaled-e1672235248690-898x1024.jpg","contentUrl":"https:\/\/tdcenter.org\/wp-content\/uploads\/2026\/01\/O1G_3085-scaled-e1672235248690-898x1024.jpg"},{"@type":"BreadcrumbList","@id":"https:\/\/tdcenter.org\/oleksandr-slyvchuk\/#breadcrumb","itemListElement":[{"@type":"ListItem","position":1,"name":"Home","item":"https:\/\/tdcenter.org\/"},{"@type":"ListItem","position":2,"name":"Oleksandr Slyvchuk"}]},{"@type":"WebSite","@id":"https:\/\/tdcenter.org\/#website","url":"https:\/\/tdcenter.org\/","name":"Transatlantic Dialogue Center","description":"Promovemos la paz y la seguridad internacionales","publisher":{"@id":"https:\/\/tdcenter.org\/#organization"},"potentialAction":[{"@type":"SearchAction","target":{"@type":"EntryPoint","urlTemplate":"https:\/\/tdcenter.org\/?s={search_term_string}"},"query-input":{"@type":"PropertyValueSpecification","valueRequired":true,"valueName":"search_term_string"}}],"inLanguage":"es"},{"@type":"Organization","@id":"https:\/\/tdcenter.org\/#organization","name":"Transatlantic Dialogue Center","url":"https:\/\/tdcenter.org\/","logo":{"@type":"ImageObject","inLanguage":"es","@id":"https:\/\/tdcenter.org\/#\/schema\/logo\/image\/","url":"https:\/\/tdcenter.org\/wp-content\/uploads\/2022\/04\/google.png","contentUrl":"https:\/\/tdcenter.org\/wp-content\/uploads\/2022\/04\/google.png","width":2568,"height":2487,"caption":"Transatlantic Dialogue Center"},"image":{"@id":"https:\/\/tdcenter.org\/#\/schema\/logo\/image\/"},"sameAs":["https:\/\/www.facebook.com\/Transatlantic-Dialogue-Center-105645698740463","https:\/\/www.youtube.com\/channel\/UCpJuhU4JBfpv_jsldNOc5LA"]}]}},"mfb_rest_fields":["title","yoast_head","yoast_head_json","gutenberg_elementor_mode"],"_links":{"self":[{"href":"https:\/\/tdcenter.org\/es\/wp-json\/wp\/v2\/pages\/33675","targetHints":{"allow":["GET"]}}],"collection":[{"href":"https:\/\/tdcenter.org\/es\/wp-json\/wp\/v2\/pages"}],"about":[{"href":"https:\/\/tdcenter.org\/es\/wp-json\/wp\/v2\/types\/page"}],"author":[{"embeddable":true,"href":"https:\/\/tdcenter.org\/es\/wp-json\/wp\/v2\/users\/1"}],"replies":[{"embeddable":true,"href":"https:\/\/tdcenter.org\/es\/wp-json\/wp\/v2\/comments?post=33675"}],"version-history":[{"count":7,"href":"https:\/\/tdcenter.org\/es\/wp-json\/wp\/v2\/pages\/33675\/revisions"}],"predecessor-version":[{"id":33685,"href":"https:\/\/tdcenter.org\/es\/wp-json\/wp\/v2\/pages\/33675\/revisions\/33685"}],"wp:attachment":[{"href":"https:\/\/tdcenter.org\/es\/wp-json\/wp\/v2\/media?parent=33675"}],"curies":[{"name":"wp","href":"https:\/\/api.w.org\/{rel}","templated":true}]}}