{"id":33647,"date":"2026-01-07T18:13:29","date_gmt":"2026-01-07T16:13:29","guid":{"rendered":"https:\/\/tdcenter.org\/?page_id=33647"},"modified":"2026-01-07T18:16:22","modified_gmt":"2026-01-07T16:16:22","slug":"alina-rohach","status":"publish","type":"page","link":"https:\/\/tdcenter.org\/es\/alina-rohach\/","title":{"rendered":"Alina Rohach"},"content":{"rendered":"<div data-elementor-type=\"wp-page\" data-elementor-id=\"33647\" class=\"elementor elementor-33647\" data-elementor-post-type=\"page\">\n\t\t\t\t\t\t<section class=\"elementor-section elementor-top-section elementor-element elementor-element-d827834 elementor-section-boxed elementor-section-height-default elementor-section-height-default\" data-id=\"d827834\" data-element_type=\"section\" data-settings=\"{&quot;ekit_has_onepagescroll_dot&quot;:&quot;yes&quot;}\">\n\t\t\t\t\t\t<div class=\"elementor-container elementor-column-gap-default\">\n\t\t\t\t\t<div class=\"elementor-column elementor-col-100 elementor-top-column elementor-element elementor-element-1bcd2be\" data-id=\"1bcd2be\" data-element_type=\"column\">\n\t\t\t<div class=\"elementor-widget-wrap elementor-element-populated\">\n\t\t\t\t\t\t<div class=\"elementor-element elementor-element-49e7b1d6 elementor-widget elementor-widget-heading\" data-id=\"49e7b1d6\" data-element_type=\"widget\" data-settings=\"{&quot;ekit_we_effect_on&quot;:&quot;none&quot;}\" data-widget_type=\"heading.default\">\n\t\t\t\t<div class=\"elementor-widget-container\">\n\t\t\t\t\t<h2 class=\"elementor-heading-title elementor-size-default\">Alina Rohach<\/h2>\t\t\t\t<\/div>\n\t\t\t\t<\/div>\n\t\t\t\t\t<\/div>\n\t\t<\/div>\n\t\t\t\t\t<\/div>\n\t\t<\/section>\n\t\t\t\t<section class=\"elementor-section elementor-top-section elementor-element elementor-element-1367822 elementor-section-boxed elementor-section-height-default elementor-section-height-default\" data-id=\"1367822\" data-element_type=\"section\" data-settings=\"{&quot;ekit_has_onepagescroll_dot&quot;:&quot;yes&quot;}\">\n\t\t\t\t\t\t<div class=\"elementor-container elementor-column-gap-default\">\n\t\t\t\t\t<div class=\"elementor-column elementor-col-50 elementor-top-column elementor-element elementor-element-4251242\" data-id=\"4251242\" data-element_type=\"column\" data-settings=\"{&quot;background_background&quot;:&quot;classic&quot;}\">\n\t\t\t<div class=\"elementor-widget-wrap elementor-element-populated\">\n\t\t\t\t\t\t<div class=\"elementor-element elementor-element-a25b43c elementor-widget elementor-widget-menu-anchor\" data-id=\"a25b43c\" data-element_type=\"widget\" data-settings=\"{&quot;ekit_we_effect_on&quot;:&quot;none&quot;}\" data-widget_type=\"menu-anchor.default\">\n\t\t\t\t<div class=\"elementor-widget-container\">\n\t\t\t\t\t\t\t<div class=\"elementor-menu-anchor\" id=\"yulia-osmolovska\"><\/div>\n\t\t\t\t\t\t<\/div>\n\t\t\t\t<\/div>\n\t\t\t\t<div class=\"elementor-element elementor-element-6208a61 elementor-widget elementor-widget-image\" data-id=\"6208a61\" data-element_type=\"widget\" data-settings=\"{&quot;ekit_we_effect_on&quot;:&quot;none&quot;}\" data-widget_type=\"image.default\">\n\t\t\t\t<div class=\"elementor-widget-container\">\n\t\t\t\t\t\t\t\t\t\t\t\t\t\t\t<img fetchpriority=\"high\" decoding=\"async\" width=\"678\" height=\"1024\" src=\"https:\/\/tdcenter.org\/wp-content\/uploads\/2026\/01\/IMG_1232-678x1024.jpg\" class=\"attachment-large size-large wp-image-33654\" alt=\"\" srcset=\"https:\/\/tdcenter.org\/wp-content\/uploads\/2026\/01\/IMG_1232-678x1024.jpg 678w, https:\/\/tdcenter.org\/wp-content\/uploads\/2026\/01\/IMG_1232-397x600.jpg 397w, https:\/\/tdcenter.org\/wp-content\/uploads\/2026\/01\/IMG_1232-768x1161.jpg 768w, https:\/\/tdcenter.org\/wp-content\/uploads\/2026\/01\/IMG_1232-8x12.jpg 8w, https:\/\/tdcenter.org\/wp-content\/uploads\/2026\/01\/IMG_1232.jpg 847w\" sizes=\"(max-width: 678px) 100vw, 678px\" \/>\t\t\t\t\t\t\t\t\t\t\t\t\t\t\t<\/div>\n\t\t\t\t<\/div>\n\t\t\t\t\t<\/div>\n\t\t<\/div>\n\t\t\t\t<div class=\"elementor-column elementor-col-50 elementor-top-column elementor-element elementor-element-d4ec0b0\" data-id=\"d4ec0b0\" data-element_type=\"column\">\n\t\t\t<div class=\"elementor-widget-wrap elementor-element-populated\">\n\t\t\t\t\t\t<div class=\"elementor-element elementor-element-782646a0 elementor-widget elementor-widget-text-editor\" data-id=\"782646a0\" data-element_type=\"widget\" data-settings=\"{&quot;ekit_we_effect_on&quot;:&quot;none&quot;}\" data-widget_type=\"text-editor.default\">\n\t\t\t\t<div class=\"elementor-widget-container\">\n\t\t\t\t\t\t\t\t\t<p><b>Alina Rohach<\/b><span style=\"font-weight: 400;\"> es <\/span><b>Gerente de Proyecto del Programa de Cooperaci\u00f3n Espa\u00f1a y Latinoam\u00e9rica.<\/b><span style=\"font-weight: 400;\"> Se centra en desarrollar iniciativas que fortalezcan la visibilidad y las asociaciones de Ucrania en los pa\u00edses de habla hispana.\u00a0<\/span><\/p><p><span style=\"font-weight: 400;\">Alina realiza visitas de promoci\u00f3n a <\/span><b>Espa\u00f1a, Argentina, Chile y Uruguay<\/b><span style=\"font-weight: 400;\">, interactuando con responsables pol\u00edticos, periodistas, acad\u00e9micos y representantes de la sociedad civil.  Estas visitas incluyen eventos p\u00fablicos, conferencias universitarias y reuniones con partes interesadas destinadas a fomentar el di\u00e1logo informado y crear conciencia sobre Ucrania en medio de la agresi\u00f3n continua de Rusia.  Tambi\u00e9n coordina visitas a Ucrania para las partes interesadas latinoamericanas, facilitando la participaci\u00f3n directa y la comprensi\u00f3n de primera mano de las realidades de Ucrania.<\/span><\/p><p><span style=\"font-weight: 400;\">Habla regularmente en discusiones acad\u00e9micas y de expertos sobre Ucrania, y ha coorganizado conferencias internacionales en Madrid y Barcelona para fortalecer el di\u00e1logo entre Ucrania y el mundo hispanohablante.  Adem\u00e1s de sus responsabilidades gerenciales, escribe columnas anal\u00edticas y ofrece comentarios a los medios sobre la <\/span><i><span style=\"font-weight: 400;\">situaci\u00f3n en Ucrania, su pol\u00edtica exterior, relaciones con Am\u00e9rica Latina, aspectos humanitarios de la guerra, desinformaci\u00f3n rusa y cuestiones m\u00e1s amplias de seguridad internacional.<\/span><\/i><span style=\"font-weight: 400;\">\u00a0<\/span><\/p><p><span style=\"font-weight: 400;\">Sus an\u00e1lisis y entrevistas han aparecido en <\/span><i><span style=\"font-weight: 400;\">Infobae (Argentina)<\/span><\/i><span style=\"font-weight: 400;\">, <\/span><i><span style=\"font-weight: 400;\">La Naci\u00f3n (Argentina)<\/span><\/i><span style=\"font-weight: 400;\">, <\/span><i><span style=\"font-weight: 400;\">La Tercera (Chile)<\/span><\/i><span style=\"font-weight: 400;\">, <\/span><i><span style=\"font-weight: 400;\">El Espectador (Colombia)<\/span><\/i><span style=\"font-weight: 400;\">, <\/span><i><span style=\"font-weight: 400;\">Todo Noticias (Argentina)<\/span><\/i><span style=\"font-weight: 400;\">, <\/span><i><span style=\"font-weight: 400;\">Canal 5 (Uruguay)<\/span><\/i><span style=\"font-weight: 400;\">, <\/span><i><span style=\"font-weight: 400;\">\u00daltima Hora (Paraguay), <\/span><\/i><span style=\"font-weight: 400;\">entre otras.\u00a0<\/span><\/p><p><span style=\"font-weight: 400;\">Antes de su puesto actual, Alina trabaj\u00f3 en el <\/span><b>Ministerio de Juventud y Deportes de Ucrania<\/b><span style=\"font-weight: 400;\"> en el Departamento de Cooperaci\u00f3n Internacional e Integraci\u00f3n Europea.  All\u00ed, se dedic\u00f3 a traducir materiales oficiales y anal\u00edticos al ingl\u00e9s, investig\u00f3 modelos comparativos de pol\u00edticas de juventud y deporte a nivel internacional y apoy\u00f3 la agenda de integraci\u00f3n y cooperaci\u00f3n del ministerio.<\/span><\/p><p><span style=\"font-weight: 400;\">Tiene una maestr\u00eda y una licenciatura en Relaciones Internacionales, Comunicaci\u00f3n Social y Estudios Regionales de <\/span><i><span style=\"font-weight: 400;\">Universidad Nacional Tar\u00e1s Shevchenko de Kyiv<\/span><\/i><span style=\"font-weight: 400;\">.<\/span><span style=\"font-weight: 400;\">\u00a0<\/span><\/p><p><span style=\"font-weight: 400;\">Habla ucraniano, ingl\u00e9s y espa\u00f1ol.<\/span><\/p><p data-start=\"99\" data-end=\"471\">\u00a0<\/p>\t\t\t\t\t\t\t\t<\/div>\n\t\t\t\t<\/div>\n\t\t\t\t<div class=\"elementor-element elementor-element-eae17b1 e-grid-align-left elementor-shape-rounded elementor-grid-0 elementor-widget elementor-widget-social-icons\" data-id=\"eae17b1\" data-element_type=\"widget\" data-settings=\"{&quot;ekit_we_effect_on&quot;:&quot;none&quot;}\" data-widget_type=\"social-icons.default\">\n\t\t\t\t<div class=\"elementor-widget-container\">\n\t\t\t\t\t\t\t<div class=\"elementor-social-icons-wrapper elementor-grid\" role=\"list\">\n\t\t\t\t\t\t\t<span class=\"elementor-grid-item\" role=\"listitem\">\n\t\t\t\t\t<a class=\"elementor-icon elementor-social-icon elementor-social-icon-twitter elementor-repeater-item-b0e655f\" href=\"https:\/\/twitter.com\/alinarohach?s=21\" target=\"_blank\">\n\t\t\t\t\t\t<span class=\"elementor-screen-only\">Twitter<\/span>\n\t\t\t\t\t\t<i class=\"fab fa-twitter\"><\/i>\t\t\t\t\t<\/a>\n\t\t\t\t<\/span>\n\t\t\t\t\t\t\t<span class=\"elementor-grid-item\" role=\"listitem\">\n\t\t\t\t\t<a class=\"elementor-icon elementor-social-icon elementor-social-icon-facebook elementor-repeater-item-82eec36\" href=\"https:\/\/www.facebook.com\/alinaroohach\" target=\"_blank\">\n\t\t\t\t\t\t<span class=\"elementor-screen-only\">Facebook<\/span>\n\t\t\t\t\t\t<i class=\"fab fa-facebook\"><\/i>\t\t\t\t\t<\/a>\n\t\t\t\t<\/span>\n\t\t\t\t\t\t\t<span class=\"elementor-grid-item\" role=\"listitem\">\n\t\t\t\t\t<a class=\"elementor-icon elementor-social-icon elementor-social-icon-linkedin-in elementor-repeater-item-90aa614\" href=\"https:\/\/www.linkedin.com\/in\/alina-rohach-6a9a02256\/\" target=\"_blank\">\n\t\t\t\t\t\t<span class=\"elementor-screen-only\">Linkedin-in<\/span>\n\t\t\t\t\t\t<i class=\"fab fa-linkedin-in\"><\/i>\t\t\t\t\t<\/a>\n\t\t\t\t<\/span>\n\t\t\t\t\t<\/div>\n\t\t\t\t\t\t<\/div>\n\t\t\t\t<\/div>\n\t\t\t\t\t<\/div>\n\t\t<\/div>\n\t\t\t\t\t<\/div>\n\t\t<\/section>\n\t\t\t\t<\/div>","protected":false},"excerpt":{"rendered":"<p>Alina Rohach Alina Rohach is a Project Manager of the Spain and Latin America Cooperation Program. She focuses on developing initiatives that strengthen Ukraine\u2019s visibility and partnerships across Spanish-speaking countries.\u00a0 Alina undertakes advocacy visits to Spain, Argentina, Chile and Uruguay, engaging with policymakers, journalists, academics, and civil society representatives. These visits include public events, university [&hellip;]<\/p>","protected":false},"author":1,"featured_media":0,"parent":0,"menu_order":0,"comment_status":"closed","ping_status":"closed","template":"","meta":{"footnotes":""},"class_list":["post-33647","page","type-page","status-publish","hentry"],"mb":[],"yoast_head":"<!-- This site is optimized with the Yoast SEO Premium plugin v25.6 (Yoast SEO v25.6) - https:\/\/yoast.com\/wordpress\/plugins\/seo\/ -->\n<title>Alina Rohach - Transatlantic Dialogue Center<\/title>\n<meta name=\"description\" content=\"As a political analyst and foreign policy expert, Maksym brings extensive knowledge and expertise in Eastern Europe, particularly Ukraine and Russia.\" \/>\n<meta name=\"robots\" content=\"index, follow, max-snippet:-1, max-image-preview:large, max-video-preview:-1\" \/>\n<link rel=\"canonical\" href=\"https:\/\/tdcenter.org\/es\/alina-rohach\/\" \/>\n<meta property=\"og:locale\" content=\"es_ES\" \/>\n<meta property=\"og:type\" content=\"article\" \/>\n<meta property=\"og:title\" content=\"Alina Rohach\" \/>\n<meta property=\"og:description\" content=\"Transatlantic Dialogue Center (TDC) is a non-governmental and non-partisan think tank that provides high-quality policy advice to private and public clients. The network of our friends and partners includes government officials, members of parliaments, businessmen, journalists, experts and analysts.\" \/>\n<meta property=\"og:url\" content=\"https:\/\/tdcenter.org\/es\/alina-rohach\/\" \/>\n<meta property=\"og:site_name\" content=\"Transatlantic Dialogue Center\" \/>\n<meta property=\"article:publisher\" content=\"https:\/\/www.facebook.com\/Transatlantic-Dialogue-Center-105645698740463\" \/>\n<meta property=\"article:modified_time\" content=\"2026-01-07T16:16:22+00:00\" \/>\n<meta property=\"og:image\" content=\"https:\/\/tdcenter.org\/wp-content\/uploads\/2023\/07\/O1G_3213-768x1086-1-e1688652310933.jpg\" \/>\n\t<meta property=\"og:image:width\" content=\"768\" \/>\n\t<meta property=\"og:image:height\" content=\"746\" \/>\n\t<meta property=\"og:image:type\" content=\"image\/jpeg\" \/>\n<meta name=\"twitter:card\" content=\"summary_large_image\" \/>\n<meta name=\"twitter:label1\" content=\"Tiempo de lectura\" \/>\n\t<meta name=\"twitter:data1\" content=\"2 minutos\" \/>\n<script type=\"application\/ld+json\" class=\"yoast-schema-graph\">{\"@context\":\"https:\/\/schema.org\",\"@graph\":[{\"@type\":\"WebPage\",\"@id\":\"https:\/\/tdcenter.org\/alina-rohach\/\",\"url\":\"https:\/\/tdcenter.org\/alina-rohach\/\",\"name\":\"Alina Rohach - Transatlantic Dialogue Center\",\"isPartOf\":{\"@id\":\"https:\/\/tdcenter.org\/#website\"},\"primaryImageOfPage\":{\"@id\":\"https:\/\/tdcenter.org\/alina-rohach\/#primaryimage\"},\"image\":{\"@id\":\"https:\/\/tdcenter.org\/alina-rohach\/#primaryimage\"},\"thumbnailUrl\":\"https:\/\/tdcenter.org\/wp-content\/uploads\/2026\/01\/IMG_1232-678x1024.jpg\",\"datePublished\":\"2026-01-07T16:13:29+00:00\",\"dateModified\":\"2026-01-07T16:16:22+00:00\",\"description\":\"As a political analyst and foreign policy expert, Maksym brings extensive knowledge and expertise in Eastern Europe, particularly Ukraine and Russia.\",\"breadcrumb\":{\"@id\":\"https:\/\/tdcenter.org\/alina-rohach\/#breadcrumb\"},\"inLanguage\":\"es\",\"potentialAction\":[{\"@type\":\"ReadAction\",\"target\":[\"https:\/\/tdcenter.org\/alina-rohach\/\"]}]},{\"@type\":\"ImageObject\",\"inLanguage\":\"es\",\"@id\":\"https:\/\/tdcenter.org\/alina-rohach\/#primaryimage\",\"url\":\"https:\/\/tdcenter.org\/wp-content\/uploads\/2026\/01\/IMG_1232-678x1024.jpg\",\"contentUrl\":\"https:\/\/tdcenter.org\/wp-content\/uploads\/2026\/01\/IMG_1232-678x1024.jpg\"},{\"@type\":\"BreadcrumbList\",\"@id\":\"https:\/\/tdcenter.org\/alina-rohach\/#breadcrumb\",\"itemListElement\":[{\"@type\":\"ListItem\",\"position\":1,\"name\":\"Home\",\"item\":\"https:\/\/tdcenter.org\/\"},{\"@type\":\"ListItem\",\"position\":2,\"name\":\"Alina Rohach\"}]},{\"@type\":\"WebSite\",\"@id\":\"https:\/\/tdcenter.org\/#website\",\"url\":\"https:\/\/tdcenter.org\/\",\"name\":\"Transatlantic Dialogue Center\",\"description\":\"Promoting International Peace and Security\",\"publisher\":{\"@id\":\"https:\/\/tdcenter.org\/#organization\"},\"potentialAction\":[{\"@type\":\"SearchAction\",\"target\":{\"@type\":\"EntryPoint\",\"urlTemplate\":\"https:\/\/tdcenter.org\/?s={search_term_string}\"},\"query-input\":{\"@type\":\"PropertyValueSpecification\",\"valueRequired\":true,\"valueName\":\"search_term_string\"}}],\"inLanguage\":\"es\"},{\"@type\":\"Organization\",\"@id\":\"https:\/\/tdcenter.org\/#organization\",\"name\":\"Transatlantic Dialogue Center\",\"url\":\"https:\/\/tdcenter.org\/\",\"logo\":{\"@type\":\"ImageObject\",\"inLanguage\":\"es\",\"@id\":\"https:\/\/tdcenter.org\/#\/schema\/logo\/image\/\",\"url\":\"https:\/\/tdcenter.org\/wp-content\/uploads\/2022\/04\/google.png\",\"contentUrl\":\"https:\/\/tdcenter.org\/wp-content\/uploads\/2022\/04\/google.png\",\"width\":2568,\"height\":2487,\"caption\":\"Transatlantic Dialogue Center\"},\"image\":{\"@id\":\"https:\/\/tdcenter.org\/#\/schema\/logo\/image\/\"},\"sameAs\":[\"https:\/\/www.facebook.com\/Transatlantic-Dialogue-Center-105645698740463\",\"https:\/\/www.youtube.com\/channel\/UCpJuhU4JBfpv_jsldNOc5LA\"]}]}<\/script>\n<!-- \/ Yoast SEO Premium plugin. -->","yoast_head_json":{"title":"Alina Rohach - Transatlantic Dialogue Center","description":"As a political analyst and foreign policy expert, Maksym brings extensive knowledge and expertise in Eastern Europe, particularly Ukraine and Russia.","robots":{"index":"index","follow":"follow","max-snippet":"max-snippet:-1","max-image-preview":"max-image-preview:large","max-video-preview":"max-video-preview:-1"},"canonical":"https:\/\/tdcenter.org\/es\/alina-rohach\/","og_locale":"es_ES","og_type":"article","og_title":"Alina Rohach","og_description":"Transatlantic Dialogue Center (TDC) is a non-governmental and non-partisan think tank that provides high-quality policy advice to private and public clients. The network of our friends and partners includes government officials, members of parliaments, businessmen, journalists, experts and analysts.","og_url":"https:\/\/tdcenter.org\/es\/alina-rohach\/","og_site_name":"Transatlantic Dialogue Center","article_publisher":"https:\/\/www.facebook.com\/Transatlantic-Dialogue-Center-105645698740463","article_modified_time":"2026-01-07T16:16:22+00:00","og_image":[{"width":768,"height":746,"url":"https:\/\/tdcenter.org\/wp-content\/uploads\/2023\/07\/O1G_3213-768x1086-1-e1688652310933.jpg","type":"image\/jpeg"}],"twitter_card":"summary_large_image","twitter_misc":{"Tiempo de lectura":"2 minutos"},"schema":{"@context":"https:\/\/schema.org","@graph":[{"@type":"WebPage","@id":"https:\/\/tdcenter.org\/alina-rohach\/","url":"https:\/\/tdcenter.org\/alina-rohach\/","name":"Alina Rohach - Transatlantic Dialogue Center","isPartOf":{"@id":"https:\/\/tdcenter.org\/#website"},"primaryImageOfPage":{"@id":"https:\/\/tdcenter.org\/alina-rohach\/#primaryimage"},"image":{"@id":"https:\/\/tdcenter.org\/alina-rohach\/#primaryimage"},"thumbnailUrl":"https:\/\/tdcenter.org\/wp-content\/uploads\/2026\/01\/IMG_1232-678x1024.jpg","datePublished":"2026-01-07T16:13:29+00:00","dateModified":"2026-01-07T16:16:22+00:00","description":"As a political analyst and foreign policy expert, Maksym brings extensive knowledge and expertise in Eastern Europe, particularly Ukraine and Russia.","breadcrumb":{"@id":"https:\/\/tdcenter.org\/alina-rohach\/#breadcrumb"},"inLanguage":"es","potentialAction":[{"@type":"ReadAction","target":["https:\/\/tdcenter.org\/alina-rohach\/"]}]},{"@type":"ImageObject","inLanguage":"es","@id":"https:\/\/tdcenter.org\/alina-rohach\/#primaryimage","url":"https:\/\/tdcenter.org\/wp-content\/uploads\/2026\/01\/IMG_1232-678x1024.jpg","contentUrl":"https:\/\/tdcenter.org\/wp-content\/uploads\/2026\/01\/IMG_1232-678x1024.jpg"},{"@type":"BreadcrumbList","@id":"https:\/\/tdcenter.org\/alina-rohach\/#breadcrumb","itemListElement":[{"@type":"ListItem","position":1,"name":"Home","item":"https:\/\/tdcenter.org\/"},{"@type":"ListItem","position":2,"name":"Alina Rohach"}]},{"@type":"WebSite","@id":"https:\/\/tdcenter.org\/#website","url":"https:\/\/tdcenter.org\/","name":"Transatlantic Dialogue Center","description":"Promovemos la paz y la seguridad internacionales","publisher":{"@id":"https:\/\/tdcenter.org\/#organization"},"potentialAction":[{"@type":"SearchAction","target":{"@type":"EntryPoint","urlTemplate":"https:\/\/tdcenter.org\/?s={search_term_string}"},"query-input":{"@type":"PropertyValueSpecification","valueRequired":true,"valueName":"search_term_string"}}],"inLanguage":"es"},{"@type":"Organization","@id":"https:\/\/tdcenter.org\/#organization","name":"Transatlantic Dialogue Center","url":"https:\/\/tdcenter.org\/","logo":{"@type":"ImageObject","inLanguage":"es","@id":"https:\/\/tdcenter.org\/#\/schema\/logo\/image\/","url":"https:\/\/tdcenter.org\/wp-content\/uploads\/2022\/04\/google.png","contentUrl":"https:\/\/tdcenter.org\/wp-content\/uploads\/2022\/04\/google.png","width":2568,"height":2487,"caption":"Transatlantic Dialogue Center"},"image":{"@id":"https:\/\/tdcenter.org\/#\/schema\/logo\/image\/"},"sameAs":["https:\/\/www.facebook.com\/Transatlantic-Dialogue-Center-105645698740463","https:\/\/www.youtube.com\/channel\/UCpJuhU4JBfpv_jsldNOc5LA"]}]}},"mfb_rest_fields":["title","yoast_head","yoast_head_json","gutenberg_elementor_mode"],"_links":{"self":[{"href":"https:\/\/tdcenter.org\/es\/wp-json\/wp\/v2\/pages\/33647","targetHints":{"allow":["GET"]}}],"collection":[{"href":"https:\/\/tdcenter.org\/es\/wp-json\/wp\/v2\/pages"}],"about":[{"href":"https:\/\/tdcenter.org\/es\/wp-json\/wp\/v2\/types\/page"}],"author":[{"embeddable":true,"href":"https:\/\/tdcenter.org\/es\/wp-json\/wp\/v2\/users\/1"}],"replies":[{"embeddable":true,"href":"https:\/\/tdcenter.org\/es\/wp-json\/wp\/v2\/comments?post=33647"}],"version-history":[{"count":14,"href":"https:\/\/tdcenter.org\/es\/wp-json\/wp\/v2\/pages\/33647\/revisions"}],"predecessor-version":[{"id":33671,"href":"https:\/\/tdcenter.org\/es\/wp-json\/wp\/v2\/pages\/33647\/revisions\/33671"}],"wp:attachment":[{"href":"https:\/\/tdcenter.org\/es\/wp-json\/wp\/v2\/media?parent=33647"}],"curies":[{"name":"wp","href":"https:\/\/api.w.org\/{rel}","templated":true}]}}