{"id":12619,"date":"2023-07-03T17:26:26","date_gmt":"2023-07-03T14:26:26","guid":{"rendered":"https:\/\/tdcenter.org\/?page_id=12619"},"modified":"2023-07-03T18:53:01","modified_gmt":"2023-07-03T15:53:01","slug":"corporate-partners","status":"publish","type":"page","link":"https:\/\/tdcenter.org\/es\/corporate-partners\/","title":{"rendered":"Colabore con nosotros: Donaciones corporativas"},"content":{"rendered":"<div data-elementor-type=\"wp-page\" data-elementor-id=\"12619\" class=\"elementor elementor-12619\" data-elementor-post-type=\"page\">\n\t\t\t\t\t\t<section class=\"elementor-section elementor-top-section elementor-element elementor-element-d88129d elementor-section-boxed elementor-section-height-default elementor-section-height-default\" data-id=\"d88129d\" data-element_type=\"section\" data-settings=\"{&quot;ekit_has_onepagescroll_dot&quot;:&quot;yes&quot;}\">\n\t\t\t\t\t\t<div class=\"elementor-container elementor-column-gap-default\">\n\t\t\t\t\t<div class=\"elementor-column elementor-col-100 elementor-top-column elementor-element elementor-element-d129a10\" data-id=\"d129a10\" data-element_type=\"column\">\n\t\t\t<div class=\"elementor-widget-wrap elementor-element-populated\">\n\t\t\t\t\t\t<div class=\"elementor-element elementor-element-2bc3f13 elementor-widget elementor-widget-heading\" data-id=\"2bc3f13\" data-element_type=\"widget\" data-settings=\"{&quot;ekit_we_effect_on&quot;:&quot;none&quot;}\" data-widget_type=\"heading.default\">\n\t\t\t\t<div class=\"elementor-widget-container\">\n\t\t\t\t\t<h2 class=\"elementor-heading-title elementor-size-default\">Colabore con nosotros: Donaciones corporativas<\/h2>\t\t\t\t<\/div>\n\t\t\t\t<\/div>\n\t\t\t\t\t<\/div>\n\t\t<\/div>\n\t\t\t\t\t<\/div>\n\t\t<\/section>\n\t\t\t\t<section class=\"elementor-section elementor-top-section elementor-element elementor-element-c3d38fd elementor-section-boxed elementor-section-height-default elementor-section-height-default\" data-id=\"c3d38fd\" data-element_type=\"section\" data-settings=\"{&quot;ekit_has_onepagescroll_dot&quot;:&quot;yes&quot;}\">\n\t\t\t\t\t\t<div class=\"elementor-container elementor-column-gap-default\">\n\t\t\t\t\t<div class=\"elementor-column elementor-col-100 elementor-top-column elementor-element elementor-element-3c0d0cb\" data-id=\"3c0d0cb\" data-element_type=\"column\">\n\t\t\t<div class=\"elementor-widget-wrap elementor-element-populated\">\n\t\t\t\t\t\t<div class=\"elementor-element elementor-element-b2aae11 elementor-widget elementor-widget-text-editor\" data-id=\"b2aae11\" data-element_type=\"widget\" data-settings=\"{&quot;ekit_we_effect_on&quot;:&quot;none&quot;}\" data-widget_type=\"text-editor.default\">\n\t\t\t\t<div class=\"elementor-widget-container\">\n\t\t\t\t\t\t\t\t\t<p>En el Transatlantic Dialogue Center (TDC) creemos en el poder de la colaboraci\u00f3n. Nuestra labor de asesoramiento pol\u00edtico de alta calidad y de investigaci\u00f3n en profundidad sobre los retos de la pol\u00edtica exterior es posible gracias al generoso apoyo de particulares, fundaciones y empresas que comparten nuestro compromiso con el an\u00e1lisis independiente y el di\u00e1logo abierto.<\/p>\n<p>Apoyando al TDC, su organizaci\u00f3n puede:<\/p>\n<ol>\n<li>Demostrar su compromiso con la democracia, el Estado de Derecho y la paz en Ucrania y en todo el mundo.<\/li>\n<li>Acceda a nuestra investigaci\u00f3n exclusiva y a nuestros conocimientos sobre la situaci\u00f3n geopol\u00edtica actual en Ucrania, adaptados a las necesidades espec\u00edficas de su organizaci\u00f3n. Benef\u00edciese de nuestra amplia red de contactos en Ucrania y en todo el mundo, incluidas destacadas personalidades de la pol\u00edtica y la econom\u00eda.<\/li>\n<li>Mejorar su perfil de responsabilidad social corporativa y su reputaci\u00f3n p\u00fablica apoyando a Ucrania en su resistencia contra la invasi\u00f3n a gran escala de Rusia. Su apoyo a la labor del TDC es una forma concreta de estar junto a Ucrania en estos tiempos dif\u00edciles.<\/li>\n<\/ol>\n<p>Ofrecemos una amplia gama de oportunidades de patrocinio y nos comprometemos a trabajar con nuestros socios corporativos para crear asociaciones mutuamente beneficiosas.<\/p>\n<p>Para obtener m\u00e1s informaci\u00f3n sobre c\u00f3mo empresa puede apoyar al Transatlantic Dialogue Center, por favor cont\u00e1ctenos en <a href=\"mailto:partnerships@tdcenter.org\"><b>partnerships@tdcenter.org<\/b><\/a>.<\/p>\n<p>Tambi\u00e9n ofrecemos la opci\u00f3n de donar r\u00e1pidamente mediante transferencia bancaria. Consulte los datos bancarios m\u00e1s abajo:<\/p>\n<p><strong>Informaci\u00f3n bancaria<\/strong>:<\/p>\n<ul>\n<li>Banco beneficiario: JSB \u201cUKRGASBANK\u201d<\/li>\n<li>C\u00d3DIGO BIC SWIFT: UGASUAUKXXX<\/li>\n<li>N\u00famero de cuenta: UA043204780000026005924918510<\/li>\n<li>Divisas aceptadas: USD, GBP y EUR<\/li>\n<\/ul>\n<div>&nbsp;<\/div>\n<p>Por favor, indique la referencia \"Contribuci\u00f3n ben\u00e9fica irrevocable\" en la secci\u00f3n de prop\u00f3sito del pago. Esto nos permitir\u00e1 identificar y asignar f\u00e1cilmente la donaci\u00f3n.<\/p>\n<p>Esperamos colaborar estrechamente para promover decisiones pol\u00edticas informadas y avanzar en el di\u00e1logo sobre cuestiones cr\u00edticas.<\/p>\n<p><\/p>\n<p>Gracias por considerar una donaci\u00f3n de empresa al Transatlantic Dialogue Center para ayudarnos a continuar nuestra vital labor.<\/p>\t\t\t\t\t\t\t\t<\/div>\n\t\t\t\t<\/div>\n\t\t\t\t\t<\/div>\n\t\t<\/div>\n\t\t\t\t\t<\/div>\n\t\t<\/section>\n\t\t\t\t<\/div>","protected":false},"excerpt":{"rendered":"<p>Partner with Us: Corporate Donations At the Transatlantic Dialogue Center (TDC), we believe in the power of partnership. Our work, providing high-quality policy advice and conducting in-depth research on foreign policy challenges, is made possible through the generous support of individuals, foundations, and corporations who share our commitment to independent analysis and open dialogue. By [&hellip;]<\/p>","protected":false},"author":1,"featured_media":0,"parent":0,"menu_order":0,"comment_status":"closed","ping_status":"closed","template":"","meta":{"footnotes":""},"class_list":["post-12619","page","type-page","status-publish","hentry"],"mb":[],"yoast_head":"<!-- This site is optimized with the Yoast SEO Premium plugin v25.6 (Yoast SEO v25.6) - https:\/\/yoast.com\/wordpress\/plugins\/seo\/ -->\n<title>Partner with Us: Corporate Donations - Transatlantic Dialogue Center<\/title>\n<meta name=\"description\" content=\"Support Ukraine&#039;s cause. Make a difference. Donate to the Transatlantic Dialogue Center - helping Ukraine in the face of invasion\" \/>\n<meta name=\"robots\" content=\"index, follow, max-snippet:-1, max-image-preview:large, max-video-preview:-1\" \/>\n<link rel=\"canonical\" href=\"https:\/\/tdcenter.org\/es\/corporate-partners\/\" \/>\n<meta property=\"og:locale\" content=\"es_ES\" \/>\n<meta property=\"og:type\" content=\"article\" \/>\n<meta property=\"og:title\" content=\"Partner with Us: Corporate Donations\" \/>\n<meta property=\"og:description\" content=\"Transatlantic Dialogue Center (TDC) is a non-governmental and non-partisan think tank that provides high-quality policy advice to private and public clients. The network of our friends and partners includes government officials, members of parliaments, businessmen, journalists, experts and analysts.\" \/>\n<meta property=\"og:url\" content=\"https:\/\/tdcenter.org\/es\/corporate-partners\/\" \/>\n<meta property=\"og:site_name\" content=\"Transatlantic Dialogue Center\" \/>\n<meta property=\"article:publisher\" content=\"https:\/\/www.facebook.com\/Transatlantic-Dialogue-Center-105645698740463\" \/>\n<meta property=\"article:modified_time\" content=\"2023-07-03T15:53:01+00:00\" \/>\n<meta property=\"og:image\" content=\"https:\/\/tdcenter.org\/wp-content\/uploads\/2023\/02\/\u0411\u0435\u0437-\u043d\u0430\u0437\u0432\u0438-1.png\" \/>\n\t<meta property=\"og:image:width\" content=\"1084\" \/>\n\t<meta property=\"og:image:height\" content=\"1084\" \/>\n\t<meta property=\"og:image:type\" content=\"image\/png\" \/>\n<meta name=\"twitter:card\" content=\"summary_large_image\" \/>\n<meta name=\"twitter:label1\" content=\"Tiempo de lectura\" \/>\n\t<meta name=\"twitter:data1\" content=\"2 minutos\" \/>\n<script type=\"application\/ld+json\" class=\"yoast-schema-graph\">{\"@context\":\"https:\/\/schema.org\",\"@graph\":[{\"@type\":\"WebPage\",\"@id\":\"https:\/\/tdcenter.org\/corporate-partners\/\",\"url\":\"https:\/\/tdcenter.org\/corporate-partners\/\",\"name\":\"Partner with Us: Corporate Donations - Transatlantic Dialogue Center\",\"isPartOf\":{\"@id\":\"https:\/\/tdcenter.org\/#website\"},\"datePublished\":\"2023-07-03T14:26:26+00:00\",\"dateModified\":\"2023-07-03T15:53:01+00:00\",\"description\":\"Support Ukraine's cause. Make a difference. Donate to the Transatlantic Dialogue Center - helping Ukraine in the face of invasion\",\"breadcrumb\":{\"@id\":\"https:\/\/tdcenter.org\/corporate-partners\/#breadcrumb\"},\"inLanguage\":\"es\",\"potentialAction\":[{\"@type\":\"ReadAction\",\"target\":[\"https:\/\/tdcenter.org\/corporate-partners\/\"]}]},{\"@type\":\"BreadcrumbList\",\"@id\":\"https:\/\/tdcenter.org\/corporate-partners\/#breadcrumb\",\"itemListElement\":[{\"@type\":\"ListItem\",\"position\":1,\"name\":\"Home\",\"item\":\"https:\/\/tdcenter.org\/\"},{\"@type\":\"ListItem\",\"position\":2,\"name\":\"Partner with Us: Corporate Donations\"}]},{\"@type\":\"WebSite\",\"@id\":\"https:\/\/tdcenter.org\/#website\",\"url\":\"https:\/\/tdcenter.org\/\",\"name\":\"Transatlantic Dialogue Center\",\"description\":\"Promoting International Peace and Security\",\"publisher\":{\"@id\":\"https:\/\/tdcenter.org\/#organization\"},\"potentialAction\":[{\"@type\":\"SearchAction\",\"target\":{\"@type\":\"EntryPoint\",\"urlTemplate\":\"https:\/\/tdcenter.org\/?s={search_term_string}\"},\"query-input\":{\"@type\":\"PropertyValueSpecification\",\"valueRequired\":true,\"valueName\":\"search_term_string\"}}],\"inLanguage\":\"es\"},{\"@type\":\"Organization\",\"@id\":\"https:\/\/tdcenter.org\/#organization\",\"name\":\"Transatlantic Dialogue Center\",\"url\":\"https:\/\/tdcenter.org\/\",\"logo\":{\"@type\":\"ImageObject\",\"inLanguage\":\"es\",\"@id\":\"https:\/\/tdcenter.org\/#\/schema\/logo\/image\/\",\"url\":\"https:\/\/tdcenter.org\/wp-content\/uploads\/2022\/04\/google.png\",\"contentUrl\":\"https:\/\/tdcenter.org\/wp-content\/uploads\/2022\/04\/google.png\",\"width\":2568,\"height\":2487,\"caption\":\"Transatlantic Dialogue Center\"},\"image\":{\"@id\":\"https:\/\/tdcenter.org\/#\/schema\/logo\/image\/\"},\"sameAs\":[\"https:\/\/www.facebook.com\/Transatlantic-Dialogue-Center-105645698740463\",\"https:\/\/www.youtube.com\/channel\/UCpJuhU4JBfpv_jsldNOc5LA\"]}]}<\/script>\n<!-- \/ Yoast SEO Premium plugin. -->","yoast_head_json":{"title":"Partner with Us: Corporate Donations - Transatlantic Dialogue Center","description":"Support Ukraine's cause. Make a difference. Donate to the Transatlantic Dialogue Center - helping Ukraine in the face of invasion","robots":{"index":"index","follow":"follow","max-snippet":"max-snippet:-1","max-image-preview":"max-image-preview:large","max-video-preview":"max-video-preview:-1"},"canonical":"https:\/\/tdcenter.org\/es\/corporate-partners\/","og_locale":"es_ES","og_type":"article","og_title":"Partner with Us: Corporate Donations","og_description":"Transatlantic Dialogue Center (TDC) is a non-governmental and non-partisan think tank that provides high-quality policy advice to private and public clients. The network of our friends and partners includes government officials, members of parliaments, businessmen, journalists, experts and analysts.","og_url":"https:\/\/tdcenter.org\/es\/corporate-partners\/","og_site_name":"Transatlantic Dialogue Center","article_publisher":"https:\/\/www.facebook.com\/Transatlantic-Dialogue-Center-105645698740463","article_modified_time":"2023-07-03T15:53:01+00:00","og_image":[{"width":1084,"height":1084,"url":"https:\/\/tdcenter.org\/wp-content\/uploads\/2023\/02\/\u0411\u0435\u0437-\u043d\u0430\u0437\u0432\u0438-1.png","type":"image\/png"}],"twitter_card":"summary_large_image","twitter_misc":{"Tiempo de lectura":"2 minutos"},"schema":{"@context":"https:\/\/schema.org","@graph":[{"@type":"WebPage","@id":"https:\/\/tdcenter.org\/corporate-partners\/","url":"https:\/\/tdcenter.org\/corporate-partners\/","name":"Partner with Us: Corporate Donations - Transatlantic Dialogue Center","isPartOf":{"@id":"https:\/\/tdcenter.org\/#website"},"datePublished":"2023-07-03T14:26:26+00:00","dateModified":"2023-07-03T15:53:01+00:00","description":"Support Ukraine's cause. Make a difference. Donate to the Transatlantic Dialogue Center - helping Ukraine in the face of invasion","breadcrumb":{"@id":"https:\/\/tdcenter.org\/corporate-partners\/#breadcrumb"},"inLanguage":"es","potentialAction":[{"@type":"ReadAction","target":["https:\/\/tdcenter.org\/corporate-partners\/"]}]},{"@type":"BreadcrumbList","@id":"https:\/\/tdcenter.org\/corporate-partners\/#breadcrumb","itemListElement":[{"@type":"ListItem","position":1,"name":"Home","item":"https:\/\/tdcenter.org\/"},{"@type":"ListItem","position":2,"name":"Partner with Us: Corporate Donations"}]},{"@type":"WebSite","@id":"https:\/\/tdcenter.org\/#website","url":"https:\/\/tdcenter.org\/","name":"Transatlantic Dialogue Center","description":"Promovemos la paz y la seguridad internacionales","publisher":{"@id":"https:\/\/tdcenter.org\/#organization"},"potentialAction":[{"@type":"SearchAction","target":{"@type":"EntryPoint","urlTemplate":"https:\/\/tdcenter.org\/?s={search_term_string}"},"query-input":{"@type":"PropertyValueSpecification","valueRequired":true,"valueName":"search_term_string"}}],"inLanguage":"es"},{"@type":"Organization","@id":"https:\/\/tdcenter.org\/#organization","name":"Transatlantic Dialogue Center","url":"https:\/\/tdcenter.org\/","logo":{"@type":"ImageObject","inLanguage":"es","@id":"https:\/\/tdcenter.org\/#\/schema\/logo\/image\/","url":"https:\/\/tdcenter.org\/wp-content\/uploads\/2022\/04\/google.png","contentUrl":"https:\/\/tdcenter.org\/wp-content\/uploads\/2022\/04\/google.png","width":2568,"height":2487,"caption":"Transatlantic Dialogue Center"},"image":{"@id":"https:\/\/tdcenter.org\/#\/schema\/logo\/image\/"},"sameAs":["https:\/\/www.facebook.com\/Transatlantic-Dialogue-Center-105645698740463","https:\/\/www.youtube.com\/channel\/UCpJuhU4JBfpv_jsldNOc5LA"]}]}},"mfb_rest_fields":["title","yoast_head","yoast_head_json","gutenberg_elementor_mode"],"_links":{"self":[{"href":"https:\/\/tdcenter.org\/es\/wp-json\/wp\/v2\/pages\/12619","targetHints":{"allow":["GET"]}}],"collection":[{"href":"https:\/\/tdcenter.org\/es\/wp-json\/wp\/v2\/pages"}],"about":[{"href":"https:\/\/tdcenter.org\/es\/wp-json\/wp\/v2\/types\/page"}],"author":[{"embeddable":true,"href":"https:\/\/tdcenter.org\/es\/wp-json\/wp\/v2\/users\/1"}],"replies":[{"embeddable":true,"href":"https:\/\/tdcenter.org\/es\/wp-json\/wp\/v2\/comments?post=12619"}],"version-history":[{"count":0,"href":"https:\/\/tdcenter.org\/es\/wp-json\/wp\/v2\/pages\/12619\/revisions"}],"wp:attachment":[{"href":"https:\/\/tdcenter.org\/es\/wp-json\/wp\/v2\/media?parent=12619"}],"curies":[{"name":"wp","href":"https:\/\/api.w.org\/{rel}","templated":true}]}}