{"id":12514,"date":"2023-07-03T15:12:51","date_gmt":"2023-07-03T12:12:51","guid":{"rendered":"https:\/\/tdcenter.org\/?page_id=12514"},"modified":"2023-07-03T18:09:19","modified_gmt":"2023-07-03T15:09:19","slug":"donate-us","status":"publish","type":"page","link":"https:\/\/tdcenter.org\/es\/donate-us\/","title":{"rendered":"Ap\u00f3yenos"},"content":{"rendered":"<div data-elementor-type=\"wp-page\" data-elementor-id=\"12514\" class=\"elementor elementor-12514\" data-elementor-post-type=\"page\">\n\t\t\t\t\t\t<section class=\"elementor-section elementor-top-section elementor-element elementor-element-ae9cf90 elementor-section-boxed elementor-section-height-default elementor-section-height-default\" data-id=\"ae9cf90\" data-element_type=\"section\" data-settings=\"{&quot;ekit_has_onepagescroll_dot&quot;:&quot;yes&quot;}\">\n\t\t\t\t\t\t<div class=\"elementor-container elementor-column-gap-default\">\n\t\t\t\t\t<div class=\"elementor-column elementor-col-100 elementor-top-column elementor-element elementor-element-ebc2d80\" data-id=\"ebc2d80\" data-element_type=\"column\">\n\t\t\t<div class=\"elementor-widget-wrap elementor-element-populated\">\n\t\t\t\t\t\t<div class=\"elementor-element elementor-element-c61cf91 elementor-widget elementor-widget-heading\" data-id=\"c61cf91\" data-element_type=\"widget\" data-settings=\"{&quot;ekit_we_effect_on&quot;:&quot;none&quot;}\" data-widget_type=\"heading.default\">\n\t\t\t\t<div class=\"elementor-widget-container\">\n\t\t\t\t\t<h2 class=\"elementor-heading-title elementor-size-default\">Haga una donaci\u00f3n a nosotros<\/h2>\t\t\t\t<\/div>\n\t\t\t\t<\/div>\n\t\t\t\t\t<\/div>\n\t\t<\/div>\n\t\t\t\t\t<\/div>\n\t\t<\/section>\n\t\t\t\t<section class=\"elementor-section elementor-top-section elementor-element elementor-element-15c6d09 elementor-section-boxed elementor-section-height-default elementor-section-height-default\" data-id=\"15c6d09\" data-element_type=\"section\" data-settings=\"{&quot;ekit_has_onepagescroll_dot&quot;:&quot;yes&quot;}\">\n\t\t\t\t\t\t<div class=\"elementor-container elementor-column-gap-default\">\n\t\t\t\t\t<div class=\"elementor-column elementor-col-100 elementor-top-column elementor-element elementor-element-f59b4af\" data-id=\"f59b4af\" data-element_type=\"column\">\n\t\t\t<div class=\"elementor-widget-wrap elementor-element-populated\">\n\t\t\t\t\t\t<div class=\"elementor-element elementor-element-75d86f6 elementor-align-justify elementor-widget elementor-widget-button\" data-id=\"75d86f6\" data-element_type=\"widget\" data-settings=\"{&quot;ekit_we_effect_on&quot;:&quot;none&quot;}\" data-widget_type=\"button.default\">\n\t\t\t\t<div class=\"elementor-widget-container\">\n\t\t\t\t\t\t\t\t\t<div class=\"elementor-button-wrapper\">\n\t\t\t\t\t<a class=\"elementor-button elementor-button-link elementor-size-sm\" href=\"https:\/\/pay.fondy.eu\/s\/GLVoa\">\n\t\t\t\t\t\t<span class=\"elementor-button-content-wrapper\">\n\t\t\t\t\t\t\t\t\t<span class=\"elementor-button-text\">HACER DONACI\u00d3N CON APPLE PAY \/ GOOGLE PAY \/ MASTERCARD \/ VISA<\/span>\n\t\t\t\t\t<\/span>\n\t\t\t\t\t<\/a>\n\t\t\t\t<\/div>\n\t\t\t\t\t\t\t\t<\/div>\n\t\t\t\t<\/div>\n\t\t\t\t\t<\/div>\n\t\t<\/div>\n\t\t\t\t\t<\/div>\n\t\t<\/section>\n\t\t\t\t<section class=\"elementor-section elementor-top-section elementor-element elementor-element-6b7fb2d elementor-section-boxed elementor-section-height-default elementor-section-height-default\" data-id=\"6b7fb2d\" data-element_type=\"section\" data-settings=\"{&quot;ekit_has_onepagescroll_dot&quot;:&quot;yes&quot;}\">\n\t\t\t\t\t\t<div class=\"elementor-container elementor-column-gap-default\">\n\t\t\t\t\t<div class=\"elementor-column elementor-col-50 elementor-top-column elementor-element elementor-element-b5719cd\" data-id=\"b5719cd\" data-element_type=\"column\">\n\t\t\t<div class=\"elementor-widget-wrap elementor-element-populated\">\n\t\t\t\t\t\t<div class=\"elementor-element elementor-element-682c1cec elementor-widget elementor-widget-text-editor\" data-id=\"682c1cec\" data-element_type=\"widget\" data-settings=\"{&quot;ekit_we_effect_on&quot;:&quot;none&quot;}\" data-widget_type=\"text-editor.default\">\n\t\t\t\t<div class=\"elementor-widget-container\">\n\t\t\t\t\t\t\t\t\t\n<p>Ay\u00fadenos a dar forma al futuro de Ucrania haciendo una donaci\u00f3n al Transatlantic Dialogue Center. Con su generosidad apoyaremos directamente nuestra misi\u00f3n de proporcionar asesoramiento pol\u00edtico de alta calidad, an\u00e1lisis exhaustivos y perspicaces sesiones informativas semanales sobre la situaci\u00f3n en Ucrania y el panorama m\u00e1s amplio de las relaciones internacionales.<\/p>\n\n<p>Desde la invasi\u00f3n a gran escala de Ucrania por parte de Rusia en febrero de 2022, nuestro think tank no solo ha sobrevivido, sino que ha ampliado sus actividades. Hemos sido implacables a la hora de ofrecer al mundo la perspectiva de Ucrania sobre la crisis y otros asuntos internacionales, trabajando sin descanso para garantizar que la voz de nuestro pa\u00eds se escuche en la escena mundial.<\/p>\n\n<p>Su donaci\u00f3n nos ayudar\u00e1 a:<\/p>\n\n<ul class=\"wp-block-list\">\n<li><strong>Elaborar informes semanales<\/strong>: Mantener informados a los responsables pol\u00edticos, los medios de comunicaci\u00f3n y el p\u00fablico en general sobre la situaci\u00f3n en Ucrania.<\/li>\n\n<li><strong>Realizar un an\u00e1lisis en profundidad<\/strong>: Permitir a nuestro equipo de expertos profundizar en las complejidades de las relaciones internacionales, produciendo asesoramiento pol\u00edtico basado en pruebas y perspectivas estrat\u00e9gicas.<\/li>\n\n<li><strong>Crear infograf\u00edas<\/strong>: Contribuir al dise\u00f1o y distribuci\u00f3n de infograf\u00edas visualmente atractivas que simplifiquen datos complejos, haci\u00e9ndolos accesibles y comprensibles para un p\u00fablico amplio.<\/li>\n\n<li><strong>Empoderar a la juventud ucraniana<\/strong>: Apoyar proyectos dise\u00f1ados para implicar y capacitar a los j\u00f3venes de Ucrania, prepar\u00e1ndolos para convertirse en los l\u00edderes del ma\u00f1ana.<\/li>\n<\/ul>\n\n<p>Creemos en el poder de la informaci\u00f3n, la fuerza del an\u00e1lisis estrat\u00e9gico y el potencial de la juventud ucraniana. Nuestro trabajo es fundamental para dar forma a la pol\u00edtica exterior de Ucrania y a su narrativa global. Con su donaci\u00f3n, no solo nos apoya a nosotros, sino que contribuye a un mundo m\u00e1s informado, comprensivo y pac\u00edfico.<\/p>\n\n<p>Las donaciones de cualquier cantidad marcan una diferencia significativa. Cada contribuci\u00f3n nos permite continuar y ampliar nuestro trabajo, garantizando el flujo ininterrumpido de informaci\u00f3n crucial desde Ucrania al resto del mundo. Agradecemos su apoyo y prometemos aprovechar al m\u00e1ximo cada donaci\u00f3n.<\/p>\n\n<p>Hag una donaci\u00f3n a Ucrania. Apoya al TDC. Defienda la democracia y la paz.<\/p>\n\t\t\t\t\t\t\t\t<\/div>\n\t\t\t\t<\/div>\n\t\t\t\t\t<\/div>\n\t\t<\/div>\n\t\t\t\t<div class=\"elementor-column elementor-col-50 elementor-top-column elementor-element elementor-element-97e0a2c\" data-id=\"97e0a2c\" data-element_type=\"column\">\n\t\t\t<div class=\"elementor-widget-wrap elementor-element-populated\">\n\t\t\t\t\t\t<div class=\"elementor-element elementor-element-172ee17 elementor-hidden-mobile elementor-widget elementor-widget-image\" data-id=\"172ee17\" data-element_type=\"widget\" data-settings=\"{&quot;ekit_we_effect_on&quot;:&quot;none&quot;}\" data-widget_type=\"image.default\">\n\t\t\t\t<div class=\"elementor-widget-container\">\n\t\t\t\t\t\t\t\t\t\t\t\t\t\t\t<img fetchpriority=\"high\" decoding=\"async\" width=\"800\" height=\"800\" src=\"https:\/\/tdcenter.org\/wp-content\/uploads\/2023\/07\/a5985032-dd25-4cc3-9241-7256c41a4acc-1.svg\" class=\"attachment-large size-large wp-image-12581\" alt=\"\" \/>\t\t\t\t\t\t\t\t\t\t\t\t\t\t\t<\/div>\n\t\t\t\t<\/div>\n\t\t\t\t<section class=\"elementor-section elementor-inner-section elementor-element elementor-element-1801d70 elementor-section-boxed elementor-section-height-default elementor-section-height-default\" data-id=\"1801d70\" data-element_type=\"section\" data-settings=\"{&quot;ekit_has_onepagescroll_dot&quot;:&quot;yes&quot;}\">\n\t\t\t\t\t\t<div class=\"elementor-container elementor-column-gap-default\">\n\t\t\t\t\t<div class=\"elementor-column elementor-col-100 elementor-inner-column elementor-element elementor-element-f69ddb3\" data-id=\"f69ddb3\" data-element_type=\"column\">\n\t\t\t<div class=\"elementor-widget-wrap elementor-element-populated\">\n\t\t\t\t\t\t<div class=\"elementor-element elementor-element-cdaba8a elementor-widget elementor-widget-text-editor\" data-id=\"cdaba8a\" data-element_type=\"widget\" data-settings=\"{&quot;ekit_we_effect_on&quot;:&quot;none&quot;}\" data-widget_type=\"text-editor.default\">\n\t\t\t\t<div class=\"elementor-widget-container\">\n\t\t\t\t\t\t\t\t\t<p><strong>Informaci\u00f3n bancaria:<\/strong><\/p>\n<ul>\n<li>Banco beneficiario: JSB \u201cUKRGASBANK\u201d<\/li>\n<li>C\u00d3DIGO BIC SWIFT: UGASUAUKXXX<\/li>\n<li>N\u00famero de cuenta: UA043204780000026005924918510<\/li>\n<li>Divisas aceptadas: USD, GBP y EUR<\/li>\n<\/ul>\n<p>\u00a0<\/p>\n<p>Por favor, indique la referencia \"Contribuci\u00f3n ben\u00e9fica irrevocable\" en la secci\u00f3n de prop\u00f3sito del pago. Esto nos permitir\u00e1 identificar y asignar f\u00e1cilmente la donaci\u00f3n.<\/p>\t\t\t\t\t\t\t\t<\/div>\n\t\t\t\t<\/div>\n\t\t\t\t\t<\/div>\n\t\t<\/div>\n\t\t\t\t\t<\/div>\n\t\t<\/section>\n\t\t\t\t\t<\/div>\n\t\t<\/div>\n\t\t\t\t\t<\/div>\n\t\t<\/section>\n\t\t\t\t<section class=\"elementor-section elementor-top-section elementor-element elementor-element-b866715 elementor-section-boxed elementor-section-height-default elementor-section-height-default\" data-id=\"b866715\" data-element_type=\"section\" data-settings=\"{&quot;ekit_has_onepagescroll_dot&quot;:&quot;yes&quot;}\">\n\t\t\t\t\t\t<div class=\"elementor-container elementor-column-gap-default\">\n\t\t\t\t\t<div class=\"elementor-column elementor-col-100 elementor-top-column elementor-element elementor-element-f59b4af\" data-id=\"f59b4af\" data-element_type=\"column\">\n\t\t\t<div class=\"elementor-widget-wrap elementor-element-populated\">\n\t\t\t\t\t\t<div class=\"elementor-element elementor-element-75d86f6 elementor-align-justify elementor-widget elementor-widget-button\" data-id=\"75d86f6\" data-element_type=\"widget\" data-settings=\"{&quot;ekit_we_effect_on&quot;:&quot;none&quot;}\" data-widget_type=\"button.default\">\n\t\t\t\t<div class=\"elementor-widget-container\">\n\t\t\t\t\t\t\t\t\t<div class=\"elementor-button-wrapper\">\n\t\t\t\t\t<a class=\"elementor-button elementor-button-link elementor-size-sm\" href=\"https:\/\/pay.fondy.eu\/s\/GLVoa\">\n\t\t\t\t\t\t<span class=\"elementor-button-content-wrapper\">\n\t\t\t\t\t\t\t\t\t<span class=\"elementor-button-text\">HACER DONACI\u00d3N CON APPLE PAY \/ GOOGLE PAY \/ MASTERCARD \/ VISA<\/span>\n\t\t\t\t\t<\/span>\n\t\t\t\t\t<\/a>\n\t\t\t\t<\/div>\n\t\t\t\t\t\t\t\t<\/div>\n\t\t\t\t<\/div>\n\t\t\t\t\t<\/div>\n\t\t<\/div>\n\t\t\t\t\t<\/div>\n\t\t<\/section>\n\t\t\t\t<\/div>","protected":false},"excerpt":{"rendered":"<p>Donate Us DONATE WITH APPLE PAY \/ GOOGLE PAY\/ MASTERCARD \/ VISA Help us shape the future of Ukraine by donating to the Transatlantic Dialogue Center. Your generosity will directly support our mission of providing high-quality policy advice, comprehensive analysis, and insightful weekly briefings on the situation in Ukraine and the broader international relations landscape. [&hellip;]<\/p>","protected":false},"author":1,"featured_media":0,"parent":0,"menu_order":0,"comment_status":"closed","ping_status":"closed","template":"","meta":{"footnotes":""},"class_list":["post-12514","page","type-page","status-publish","hentry"],"mb":[],"yoast_head":"<!-- This site is optimized with the Yoast SEO Premium plugin v25.6 (Yoast SEO v25.6) - https:\/\/yoast.com\/wordpress\/plugins\/seo\/ -->\n<title>Donate us - Transatlantic Dialogue Center<\/title>\n<meta name=\"description\" content=\"Your donation can help the Transatlantic Dialogue Center continue its crucial work in Ukraine. Donate Ukraine, support democracy, and contribute to peace.\" \/>\n<meta name=\"robots\" content=\"index, follow, max-snippet:-1, max-image-preview:large, max-video-preview:-1\" \/>\n<link rel=\"canonical\" href=\"https:\/\/tdcenter.org\/es\/donate-us\/\" \/>\n<meta property=\"og:locale\" content=\"es_ES\" \/>\n<meta property=\"og:type\" content=\"article\" \/>\n<meta property=\"og:title\" content=\"Donate us\" \/>\n<meta property=\"og:description\" content=\"Transatlantic Dialogue Center (TDC) is a non-governmental and non-partisan think tank that provides high-quality policy advice to private and public clients. The network of our friends and partners includes government officials, members of parliaments, businessmen, journalists, experts and analysts.\" \/>\n<meta property=\"og:url\" content=\"https:\/\/tdcenter.org\/es\/donate-us\/\" \/>\n<meta property=\"og:site_name\" content=\"Transatlantic Dialogue Center\" \/>\n<meta property=\"article:publisher\" content=\"https:\/\/www.facebook.com\/Transatlantic-Dialogue-Center-105645698740463\" \/>\n<meta property=\"article:modified_time\" content=\"2023-07-03T15:09:19+00:00\" \/>\n<meta property=\"og:image\" content=\"https:\/\/tdcenter.org\/wp-content\/uploads\/2023\/07\/a5985032-dd25-4cc3-9241-7256c41a4acc-1.svg\" \/>\n<meta name=\"twitter:card\" content=\"summary_large_image\" \/>\n<meta name=\"twitter:label1\" content=\"Tiempo de lectura\" \/>\n\t<meta name=\"twitter:data1\" content=\"2 minutos\" \/>\n<script type=\"application\/ld+json\" class=\"yoast-schema-graph\">{\"@context\":\"https:\/\/schema.org\",\"@graph\":[{\"@type\":\"WebPage\",\"@id\":\"https:\/\/tdcenter.org\/donate-us\/\",\"url\":\"https:\/\/tdcenter.org\/donate-us\/\",\"name\":\"Donate us - Transatlantic Dialogue Center\",\"isPartOf\":{\"@id\":\"https:\/\/tdcenter.org\/#website\"},\"primaryImageOfPage\":{\"@id\":\"https:\/\/tdcenter.org\/donate-us\/#primaryimage\"},\"image\":{\"@id\":\"https:\/\/tdcenter.org\/donate-us\/#primaryimage\"},\"thumbnailUrl\":\"https:\/\/tdcenter.org\/wp-content\/uploads\/2023\/07\/a5985032-dd25-4cc3-9241-7256c41a4acc-1.svg\",\"datePublished\":\"2023-07-03T12:12:51+00:00\",\"dateModified\":\"2023-07-03T15:09:19+00:00\",\"description\":\"Your donation can help the Transatlantic Dialogue Center continue its crucial work in Ukraine. Donate Ukraine, support democracy, and contribute to peace.\",\"breadcrumb\":{\"@id\":\"https:\/\/tdcenter.org\/donate-us\/#breadcrumb\"},\"inLanguage\":\"es\",\"potentialAction\":[{\"@type\":\"ReadAction\",\"target\":[\"https:\/\/tdcenter.org\/donate-us\/\"]}]},{\"@type\":\"ImageObject\",\"inLanguage\":\"es\",\"@id\":\"https:\/\/tdcenter.org\/donate-us\/#primaryimage\",\"url\":\"https:\/\/tdcenter.org\/wp-content\/uploads\/2023\/07\/a5985032-dd25-4cc3-9241-7256c41a4acc-1.svg\",\"contentUrl\":\"https:\/\/tdcenter.org\/wp-content\/uploads\/2023\/07\/a5985032-dd25-4cc3-9241-7256c41a4acc-1.svg\"},{\"@type\":\"BreadcrumbList\",\"@id\":\"https:\/\/tdcenter.org\/donate-us\/#breadcrumb\",\"itemListElement\":[{\"@type\":\"ListItem\",\"position\":1,\"name\":\"Home\",\"item\":\"https:\/\/tdcenter.org\/\"},{\"@type\":\"ListItem\",\"position\":2,\"name\":\"Donate us\"}]},{\"@type\":\"WebSite\",\"@id\":\"https:\/\/tdcenter.org\/#website\",\"url\":\"https:\/\/tdcenter.org\/\",\"name\":\"Transatlantic Dialogue Center\",\"description\":\"Promoting International Peace and Security\",\"publisher\":{\"@id\":\"https:\/\/tdcenter.org\/#organization\"},\"potentialAction\":[{\"@type\":\"SearchAction\",\"target\":{\"@type\":\"EntryPoint\",\"urlTemplate\":\"https:\/\/tdcenter.org\/?s={search_term_string}\"},\"query-input\":{\"@type\":\"PropertyValueSpecification\",\"valueRequired\":true,\"valueName\":\"search_term_string\"}}],\"inLanguage\":\"es\"},{\"@type\":\"Organization\",\"@id\":\"https:\/\/tdcenter.org\/#organization\",\"name\":\"Transatlantic Dialogue Center\",\"url\":\"https:\/\/tdcenter.org\/\",\"logo\":{\"@type\":\"ImageObject\",\"inLanguage\":\"es\",\"@id\":\"https:\/\/tdcenter.org\/#\/schema\/logo\/image\/\",\"url\":\"https:\/\/tdcenter.org\/wp-content\/uploads\/2022\/04\/google.png\",\"contentUrl\":\"https:\/\/tdcenter.org\/wp-content\/uploads\/2022\/04\/google.png\",\"width\":2568,\"height\":2487,\"caption\":\"Transatlantic Dialogue Center\"},\"image\":{\"@id\":\"https:\/\/tdcenter.org\/#\/schema\/logo\/image\/\"},\"sameAs\":[\"https:\/\/www.facebook.com\/Transatlantic-Dialogue-Center-105645698740463\",\"https:\/\/www.youtube.com\/channel\/UCpJuhU4JBfpv_jsldNOc5LA\"]}]}<\/script>\n<!-- \/ Yoast SEO Premium plugin. -->","yoast_head_json":{"title":"Donate us - Transatlantic Dialogue Center","description":"Your donation can help the Transatlantic Dialogue Center continue its crucial work in Ukraine. Donate Ukraine, support democracy, and contribute to peace.","robots":{"index":"index","follow":"follow","max-snippet":"max-snippet:-1","max-image-preview":"max-image-preview:large","max-video-preview":"max-video-preview:-1"},"canonical":"https:\/\/tdcenter.org\/es\/donate-us\/","og_locale":"es_ES","og_type":"article","og_title":"Donate us","og_description":"Transatlantic Dialogue Center (TDC) is a non-governmental and non-partisan think tank that provides high-quality policy advice to private and public clients. The network of our friends and partners includes government officials, members of parliaments, businessmen, journalists, experts and analysts.","og_url":"https:\/\/tdcenter.org\/es\/donate-us\/","og_site_name":"Transatlantic Dialogue Center","article_publisher":"https:\/\/www.facebook.com\/Transatlantic-Dialogue-Center-105645698740463","article_modified_time":"2023-07-03T15:09:19+00:00","og_image":[{"url":"https:\/\/tdcenter.org\/wp-content\/uploads\/2023\/07\/a5985032-dd25-4cc3-9241-7256c41a4acc-1.svg","type":"","width":"","height":""}],"twitter_card":"summary_large_image","twitter_misc":{"Tiempo de lectura":"2 minutos"},"schema":{"@context":"https:\/\/schema.org","@graph":[{"@type":"WebPage","@id":"https:\/\/tdcenter.org\/donate-us\/","url":"https:\/\/tdcenter.org\/donate-us\/","name":"Donate us - Transatlantic Dialogue Center","isPartOf":{"@id":"https:\/\/tdcenter.org\/#website"},"primaryImageOfPage":{"@id":"https:\/\/tdcenter.org\/donate-us\/#primaryimage"},"image":{"@id":"https:\/\/tdcenter.org\/donate-us\/#primaryimage"},"thumbnailUrl":"https:\/\/tdcenter.org\/wp-content\/uploads\/2023\/07\/a5985032-dd25-4cc3-9241-7256c41a4acc-1.svg","datePublished":"2023-07-03T12:12:51+00:00","dateModified":"2023-07-03T15:09:19+00:00","description":"Your donation can help the Transatlantic Dialogue Center continue its crucial work in Ukraine. Donate Ukraine, support democracy, and contribute to peace.","breadcrumb":{"@id":"https:\/\/tdcenter.org\/donate-us\/#breadcrumb"},"inLanguage":"es","potentialAction":[{"@type":"ReadAction","target":["https:\/\/tdcenter.org\/donate-us\/"]}]},{"@type":"ImageObject","inLanguage":"es","@id":"https:\/\/tdcenter.org\/donate-us\/#primaryimage","url":"https:\/\/tdcenter.org\/wp-content\/uploads\/2023\/07\/a5985032-dd25-4cc3-9241-7256c41a4acc-1.svg","contentUrl":"https:\/\/tdcenter.org\/wp-content\/uploads\/2023\/07\/a5985032-dd25-4cc3-9241-7256c41a4acc-1.svg"},{"@type":"BreadcrumbList","@id":"https:\/\/tdcenter.org\/donate-us\/#breadcrumb","itemListElement":[{"@type":"ListItem","position":1,"name":"Home","item":"https:\/\/tdcenter.org\/"},{"@type":"ListItem","position":2,"name":"Donate us"}]},{"@type":"WebSite","@id":"https:\/\/tdcenter.org\/#website","url":"https:\/\/tdcenter.org\/","name":"Transatlantic Dialogue Center","description":"Promovemos la paz y la seguridad internacionales","publisher":{"@id":"https:\/\/tdcenter.org\/#organization"},"potentialAction":[{"@type":"SearchAction","target":{"@type":"EntryPoint","urlTemplate":"https:\/\/tdcenter.org\/?s={search_term_string}"},"query-input":{"@type":"PropertyValueSpecification","valueRequired":true,"valueName":"search_term_string"}}],"inLanguage":"es"},{"@type":"Organization","@id":"https:\/\/tdcenter.org\/#organization","name":"Transatlantic Dialogue Center","url":"https:\/\/tdcenter.org\/","logo":{"@type":"ImageObject","inLanguage":"es","@id":"https:\/\/tdcenter.org\/#\/schema\/logo\/image\/","url":"https:\/\/tdcenter.org\/wp-content\/uploads\/2022\/04\/google.png","contentUrl":"https:\/\/tdcenter.org\/wp-content\/uploads\/2022\/04\/google.png","width":2568,"height":2487,"caption":"Transatlantic Dialogue Center"},"image":{"@id":"https:\/\/tdcenter.org\/#\/schema\/logo\/image\/"},"sameAs":["https:\/\/www.facebook.com\/Transatlantic-Dialogue-Center-105645698740463","https:\/\/www.youtube.com\/channel\/UCpJuhU4JBfpv_jsldNOc5LA"]}]}},"mfb_rest_fields":["title","yoast_head","yoast_head_json","gutenberg_elementor_mode"],"_links":{"self":[{"href":"https:\/\/tdcenter.org\/es\/wp-json\/wp\/v2\/pages\/12514","targetHints":{"allow":["GET"]}}],"collection":[{"href":"https:\/\/tdcenter.org\/es\/wp-json\/wp\/v2\/pages"}],"about":[{"href":"https:\/\/tdcenter.org\/es\/wp-json\/wp\/v2\/types\/page"}],"author":[{"embeddable":true,"href":"https:\/\/tdcenter.org\/es\/wp-json\/wp\/v2\/users\/1"}],"replies":[{"embeddable":true,"href":"https:\/\/tdcenter.org\/es\/wp-json\/wp\/v2\/comments?post=12514"}],"version-history":[{"count":0,"href":"https:\/\/tdcenter.org\/es\/wp-json\/wp\/v2\/pages\/12514\/revisions"}],"wp:attachment":[{"href":"https:\/\/tdcenter.org\/es\/wp-json\/wp\/v2\/media?parent=12514"}],"curies":[{"name":"wp","href":"https:\/\/api.w.org\/{rel}","templated":true}]}}