{"id":1137,"date":"2022-02-23T13:23:30","date_gmt":"2022-02-23T11:23:30","guid":{"rendered":"https:\/\/tdcenter.org\/?page_id=1137"},"modified":"2026-01-19T12:44:37","modified_gmt":"2026-01-19T10:44:37","slug":"maksym-skrypchenko-2","status":"publish","type":"page","link":"https:\/\/tdcenter.org\/es\/maksym-skrypchenko-2\/","title":{"rendered":"Maksym Skrypchenko"},"content":{"rendered":"<div data-elementor-type=\"wp-page\" data-elementor-id=\"1137\" class=\"elementor elementor-1137\" data-elementor-post-type=\"page\">\n\t\t\t\t\t\t<section class=\"elementor-section elementor-top-section elementor-element elementor-element-d827834 elementor-section-boxed elementor-section-height-default elementor-section-height-default\" data-id=\"d827834\" data-element_type=\"section\" data-settings=\"{&quot;ekit_has_onepagescroll_dot&quot;:&quot;yes&quot;}\">\n\t\t\t\t\t\t<div class=\"elementor-container elementor-column-gap-default\">\n\t\t\t\t\t<div class=\"elementor-column elementor-col-100 elementor-top-column elementor-element elementor-element-1bcd2be\" data-id=\"1bcd2be\" data-element_type=\"column\">\n\t\t\t<div class=\"elementor-widget-wrap elementor-element-populated\">\n\t\t\t\t\t\t<div class=\"elementor-element elementor-element-49e7b1d6 elementor-widget elementor-widget-heading\" data-id=\"49e7b1d6\" data-element_type=\"widget\" data-settings=\"{&quot;ekit_we_effect_on&quot;:&quot;none&quot;}\" data-widget_type=\"heading.default\">\n\t\t\t\t<div class=\"elementor-widget-container\">\n\t\t\t\t\t<h2 class=\"elementor-heading-title elementor-size-default\"><strong>Maksym Skrypchenko<\/strong><\/h2>\t\t\t\t<\/div>\n\t\t\t\t<\/div>\n\t\t\t\t\t<\/div>\n\t\t<\/div>\n\t\t\t\t\t<\/div>\n\t\t<\/section>\n\t\t\t\t<section class=\"elementor-section elementor-top-section elementor-element elementor-element-1367822 elementor-section-boxed elementor-section-height-default elementor-section-height-default\" data-id=\"1367822\" data-element_type=\"section\" data-settings=\"{&quot;ekit_has_onepagescroll_dot&quot;:&quot;yes&quot;}\">\n\t\t\t\t\t\t<div class=\"elementor-container elementor-column-gap-default\">\n\t\t\t\t\t<div class=\"elementor-column elementor-col-50 elementor-top-column elementor-element elementor-element-4251242\" data-id=\"4251242\" data-element_type=\"column\" data-settings=\"{&quot;background_background&quot;:&quot;classic&quot;}\">\n\t\t\t<div class=\"elementor-widget-wrap elementor-element-populated\">\n\t\t\t\t\t\t<div class=\"elementor-element elementor-element-a25b43c elementor-widget elementor-widget-menu-anchor\" data-id=\"a25b43c\" data-element_type=\"widget\" data-settings=\"{&quot;ekit_we_effect_on&quot;:&quot;none&quot;}\" data-widget_type=\"menu-anchor.default\">\n\t\t\t\t<div class=\"elementor-widget-container\">\n\t\t\t\t\t\t\t<div class=\"elementor-menu-anchor\" id=\"yulia-osmolovska\"><\/div>\n\t\t\t\t\t\t<\/div>\n\t\t\t\t<\/div>\n\t\t\t\t<div class=\"elementor-element elementor-element-6208a61 elementor-widget elementor-widget-image\" data-id=\"6208a61\" data-element_type=\"widget\" data-settings=\"{&quot;ekit_we_effect_on&quot;:&quot;none&quot;}\" data-widget_type=\"image.default\">\n\t\t\t\t<div class=\"elementor-widget-container\">\n\t\t\t\t\t\t\t\t\t\t\t\t\t\t\t<img fetchpriority=\"high\" decoding=\"async\" width=\"678\" height=\"1024\" src=\"https:\/\/tdcenter.org\/wp-content\/uploads\/2025\/06\/IMG_8135-678x1024.jpg\" class=\"attachment-large size-large wp-image-29595\" alt=\"\" srcset=\"https:\/\/tdcenter.org\/wp-content\/uploads\/2025\/06\/IMG_8135-678x1024.jpg 678w, https:\/\/tdcenter.org\/wp-content\/uploads\/2025\/06\/IMG_8135-397x600.jpg 397w, https:\/\/tdcenter.org\/wp-content\/uploads\/2025\/06\/IMG_8135-768x1160.jpg 768w, https:\/\/tdcenter.org\/wp-content\/uploads\/2025\/06\/IMG_8135-1017x1536.jpg 1017w, https:\/\/tdcenter.org\/wp-content\/uploads\/2025\/06\/IMG_8135-1356x2048.jpg 1356w, https:\/\/tdcenter.org\/wp-content\/uploads\/2025\/06\/IMG_8135-8x12.jpg 8w, https:\/\/tdcenter.org\/wp-content\/uploads\/2025\/06\/IMG_8135-scaled.jpg 1695w\" sizes=\"(max-width: 678px) 100vw, 678px\" \/>\t\t\t\t\t\t\t\t\t\t\t\t\t\t\t<\/div>\n\t\t\t\t<\/div>\n\t\t\t\t\t<\/div>\n\t\t<\/div>\n\t\t\t\t<div class=\"elementor-column elementor-col-50 elementor-top-column elementor-element elementor-element-d4ec0b0\" data-id=\"d4ec0b0\" data-element_type=\"column\">\n\t\t\t<div class=\"elementor-widget-wrap elementor-element-populated\">\n\t\t\t\t\t\t<div class=\"elementor-element elementor-element-53595911 elementor-widget elementor-widget-text-editor\" data-id=\"53595911\" data-element_type=\"widget\" data-settings=\"{&quot;ekit_we_effect_on&quot;:&quot;none&quot;}\" data-widget_type=\"text-editor.default\">\n\t\t\t\t<div class=\"elementor-widget-container\">\n\t\t\t\t\t\t\t\t\t<h2><strong>Presidente<\/strong><\/h2>\t\t\t\t\t\t\t\t<\/div>\n\t\t\t\t<\/div>\n\t\t\t\t<div class=\"elementor-element elementor-element-782646a0 elementor-widget elementor-widget-text-editor\" data-id=\"782646a0\" data-element_type=\"widget\" data-settings=\"{&quot;ekit_we_effect_on&quot;:&quot;none&quot;}\" data-widget_type=\"text-editor.default\">\n\t\t\t\t<div class=\"elementor-widget-container\">\n\t\t\t\t\t\t\t\t\t<p data-start=\"99\" data-end=\"471\">Maksym es un autor prol\u00edfico y experto en asuntos exteriores, con un enfoque en Europa del Este, la seguridad nacional de Ucrania y la invasi\u00f3n rusa de Ucrania.  Sus \u00e1reas principales de especializaci\u00f3n incluyen las relaciones bilaterales entre Ucrania y Estados Unidos, el futuro de la seguridad europea, la cooperaci\u00f3n en materia de seguridad entre Estados Unidos, la Uni\u00f3n Europea y Ucrania, y conceptos estrat\u00e9gicos m\u00e1s amplios que dan forma a la pol\u00edtica de seguridad nacional de Ucrania.<\/p><p data-start=\"473\" data-end=\"848\">Tiene una amplia publicaci\u00f3n en medios internacionales l\u00edderes, incluyendo <em data-start=\"231\" data-end=\"256\">The Wall Street Journal<\/em>, <em data-start=\"258\" data-end=\"268\">The Hill<\/em>, el <em data-start=\"274\" data-end=\"292\">Atlantic Council<\/em>, <em data-start=\"294\" data-end=\"306\">Al Jazeera<\/em>, <em data-start=\"312\" data-end=\"328\">Anadolu Agency, etc<\/em>. Tambi\u00e9n ha proporcionado comentarios expertos a numerosos otros medios como\u00a0<em data-start=\"421\" data-end=\"442\">The Washington Post<\/em>, <em data-start=\"444\" data-end=\"464\">The New York Times<\/em>, <em data-start=\"403\" data-end=\"419\">The New Yorker<\/em>, y varias plataformas de televisi\u00f3n y en l\u00ednea ucranianas e internacionales, contribuyendo regularmente a los debates p\u00fablicos y pol\u00edticos sobre seguridad global y cuestiones relacionadas con Ucrania.<\/p><p data-start=\"850\" data-end=\"1229\">Es licenciado en Relaciones Internacionales y m\u00e1ster en Estudios Europeos, ambos por el Instituto de Relaciones Internacionales de la Universidad Nacional Taras Shevchenko de Kiev. Maksym es investigador no residente en la Fundaci\u00f3n Carnegie para la Paz Internacional y miembro activo de varias organizaciones profesionales.<\/p><p data-start=\"1231\" data-end=\"1623\">Desde 2021, se ha desempe\u00f1ado como Presidente del Centro de Di\u00e1logo Transatl\u00e1ntico, donde lidera iniciativas para fortalecer el entendimiento y la cooperaci\u00f3n entre Europa, Ucrania y Estados Unidos.  Bajo su liderazgo, el Centro se ha convertido en una voz destacada en la comunidad pol\u00edtica transatl\u00e1ntica, ofreciendo an\u00e1lisis expertos y recomendaciones estrat\u00e9gicas sobre cuestiones clave de seguridad y geopol\u00edtica.<\/p>\t\t\t\t\t\t\t\t<\/div>\n\t\t\t\t<\/div>\n\t\t\t\t<div class=\"elementor-element elementor-element-eae17b1 e-grid-align-left elementor-shape-rounded elementor-grid-0 elementor-widget elementor-widget-social-icons\" data-id=\"eae17b1\" data-element_type=\"widget\" data-settings=\"{&quot;ekit_we_effect_on&quot;:&quot;none&quot;}\" data-widget_type=\"social-icons.default\">\n\t\t\t\t<div class=\"elementor-widget-container\">\n\t\t\t\t\t\t\t<div class=\"elementor-social-icons-wrapper elementor-grid\" role=\"list\">\n\t\t\t\t\t\t\t<span class=\"elementor-grid-item\" role=\"listitem\">\n\t\t\t\t\t<a class=\"elementor-icon elementor-social-icon elementor-social-icon-twitter elementor-repeater-item-b0e655f\" href=\"https:\/\/twitter.com\/MSkrypchenko\" target=\"_blank\">\n\t\t\t\t\t\t<span class=\"elementor-screen-only\">Twitter<\/span>\n\t\t\t\t\t\t<i class=\"fab fa-twitter\"><\/i>\t\t\t\t\t<\/a>\n\t\t\t\t<\/span>\n\t\t\t\t\t\t\t<span class=\"elementor-grid-item\" role=\"listitem\">\n\t\t\t\t\t<a class=\"elementor-icon elementor-social-icon elementor-social-icon-facebook elementor-repeater-item-82eec36\" href=\"https:\/\/www.facebook.com\/profile.php?id=100001328333368\" target=\"_blank\">\n\t\t\t\t\t\t<span class=\"elementor-screen-only\">Facebook<\/span>\n\t\t\t\t\t\t<i class=\"fab fa-facebook\"><\/i>\t\t\t\t\t<\/a>\n\t\t\t\t<\/span>\n\t\t\t\t\t\t\t<span class=\"elementor-grid-item\" role=\"listitem\">\n\t\t\t\t\t<a class=\"elementor-icon elementor-social-icon elementor-social-icon-linkedin-in elementor-repeater-item-90aa614\" href=\"https:\/\/www.linkedin.com\/in\/maksym-skrypchenko-76a97b171\/\" target=\"_blank\">\n\t\t\t\t\t\t<span class=\"elementor-screen-only\">Linkedin-in<\/span>\n\t\t\t\t\t\t<i class=\"fab fa-linkedin-in\"><\/i>\t\t\t\t\t<\/a>\n\t\t\t\t<\/span>\n\t\t\t\t\t\t\t<span class=\"elementor-grid-item\" role=\"listitem\">\n\t\t\t\t\t<a class=\"elementor-icon elementor-social-icon elementor-social-icon-envelope elementor-repeater-item-b70684b\" href=\"mailto:max@tdcenter.org\" target=\"_blank\">\n\t\t\t\t\t\t<span class=\"elementor-screen-only\">Envelope<\/span>\n\t\t\t\t\t\t<i class=\"fas fa-envelope\"><\/i>\t\t\t\t\t<\/a>\n\t\t\t\t<\/span>\n\t\t\t\t\t<\/div>\n\t\t\t\t\t\t<\/div>\n\t\t\t\t<\/div>\n\t\t\t\t\t<\/div>\n\t\t<\/div>\n\t\t\t\t\t<\/div>\n\t\t<\/section>\n\t\t\t\t<\/div>","protected":false},"excerpt":{"rendered":"<p>Maksym Skrypchenko President Maksym is a prolific author and expert on foreign affairs, with a focus on Eastern Europe, Ukraine\u2019s national security, and the Russian invasion of Ukraine. His core areas of expertise include bilateral Ukraine\u2013US relations, the future of European security, US\u2013EU\u2013Ukraine security cooperation, and broader strategic concepts shaping Ukraine&#8217;s national security policy. He [&hellip;]<\/p>","protected":false},"author":1,"featured_media":0,"parent":0,"menu_order":0,"comment_status":"closed","ping_status":"closed","template":"","meta":{"footnotes":""},"class_list":["post-1137","page","type-page","status-publish","hentry"],"mb":[],"yoast_head":"<!-- This site is optimized with the Yoast SEO Premium plugin v25.6 (Yoast SEO v25.6) - https:\/\/yoast.com\/wordpress\/plugins\/seo\/ -->\n<title>Maksym Skrypchenko - Transatlantic Dialogue Center<\/title>\n<meta name=\"description\" content=\"As a political analyst and foreign policy expert, Maksym brings extensive knowledge and expertise in Eastern Europe, particularly Ukraine and Russia.\" \/>\n<meta name=\"robots\" content=\"index, follow, max-snippet:-1, max-image-preview:large, max-video-preview:-1\" \/>\n<link rel=\"canonical\" href=\"https:\/\/tdcenter.org\/es\/maksym-skrypchenko-2\/\" \/>\n<meta property=\"og:locale\" content=\"es_ES\" \/>\n<meta property=\"og:type\" content=\"article\" \/>\n<meta property=\"og:title\" content=\"Maksym Skrypchenko\" \/>\n<meta property=\"og:description\" content=\"Transatlantic Dialogue Center (TDC) is a non-governmental and non-partisan think tank that provides high-quality policy advice to private and public clients. The network of our friends and partners includes government officials, members of parliaments, businessmen, journalists, experts and analysts.\" \/>\n<meta property=\"og:url\" content=\"https:\/\/tdcenter.org\/es\/maksym-skrypchenko-2\/\" \/>\n<meta property=\"og:site_name\" content=\"Transatlantic Dialogue Center\" \/>\n<meta property=\"article:publisher\" content=\"https:\/\/www.facebook.com\/Transatlantic-Dialogue-Center-105645698740463\" \/>\n<meta property=\"article:modified_time\" content=\"2026-01-19T10:44:37+00:00\" \/>\n<meta property=\"og:image\" content=\"https:\/\/tdcenter.org\/wp-content\/uploads\/2023\/07\/O1G_3213-768x1086-1-e1688652310933.jpg\" \/>\n\t<meta property=\"og:image:width\" content=\"768\" \/>\n\t<meta property=\"og:image:height\" content=\"746\" \/>\n\t<meta property=\"og:image:type\" content=\"image\/jpeg\" \/>\n<meta name=\"twitter:card\" content=\"summary_large_image\" \/>\n<meta name=\"twitter:label1\" content=\"Tiempo de lectura\" \/>\n\t<meta name=\"twitter:data1\" content=\"2 minutos\" \/>\n<script type=\"application\/ld+json\" class=\"yoast-schema-graph\">{\"@context\":\"https:\/\/schema.org\",\"@graph\":[{\"@type\":\"WebPage\",\"@id\":\"https:\/\/tdcenter.org\/maksym-skrypchenko-2\/\",\"url\":\"https:\/\/tdcenter.org\/maksym-skrypchenko-2\/\",\"name\":\"Maksym Skrypchenko - Transatlantic Dialogue Center\",\"isPartOf\":{\"@id\":\"https:\/\/tdcenter.org\/#website\"},\"primaryImageOfPage\":{\"@id\":\"https:\/\/tdcenter.org\/maksym-skrypchenko-2\/#primaryimage\"},\"image\":{\"@id\":\"https:\/\/tdcenter.org\/maksym-skrypchenko-2\/#primaryimage\"},\"thumbnailUrl\":\"https:\/\/tdcenter.org\/wp-content\/uploads\/2025\/06\/IMG_8135-678x1024.jpg\",\"datePublished\":\"2022-02-23T11:23:30+00:00\",\"dateModified\":\"2026-01-19T10:44:37+00:00\",\"description\":\"As a political analyst and foreign policy expert, Maksym brings extensive knowledge and expertise in Eastern Europe, particularly Ukraine and Russia.\",\"breadcrumb\":{\"@id\":\"https:\/\/tdcenter.org\/maksym-skrypchenko-2\/#breadcrumb\"},\"inLanguage\":\"es\",\"potentialAction\":[{\"@type\":\"ReadAction\",\"target\":[\"https:\/\/tdcenter.org\/maksym-skrypchenko-2\/\"]}]},{\"@type\":\"ImageObject\",\"inLanguage\":\"es\",\"@id\":\"https:\/\/tdcenter.org\/maksym-skrypchenko-2\/#primaryimage\",\"url\":\"https:\/\/tdcenter.org\/wp-content\/uploads\/2025\/06\/IMG_8135-678x1024.jpg\",\"contentUrl\":\"https:\/\/tdcenter.org\/wp-content\/uploads\/2025\/06\/IMG_8135-678x1024.jpg\"},{\"@type\":\"BreadcrumbList\",\"@id\":\"https:\/\/tdcenter.org\/maksym-skrypchenko-2\/#breadcrumb\",\"itemListElement\":[{\"@type\":\"ListItem\",\"position\":1,\"name\":\"Home\",\"item\":\"https:\/\/tdcenter.org\/\"},{\"@type\":\"ListItem\",\"position\":2,\"name\":\"Maksym Skrypchenko\"}]},{\"@type\":\"WebSite\",\"@id\":\"https:\/\/tdcenter.org\/#website\",\"url\":\"https:\/\/tdcenter.org\/\",\"name\":\"Transatlantic Dialogue Center\",\"description\":\"Promoting International Peace and Security\",\"publisher\":{\"@id\":\"https:\/\/tdcenter.org\/#organization\"},\"potentialAction\":[{\"@type\":\"SearchAction\",\"target\":{\"@type\":\"EntryPoint\",\"urlTemplate\":\"https:\/\/tdcenter.org\/?s={search_term_string}\"},\"query-input\":{\"@type\":\"PropertyValueSpecification\",\"valueRequired\":true,\"valueName\":\"search_term_string\"}}],\"inLanguage\":\"es\"},{\"@type\":\"Organization\",\"@id\":\"https:\/\/tdcenter.org\/#organization\",\"name\":\"Transatlantic Dialogue Center\",\"url\":\"https:\/\/tdcenter.org\/\",\"logo\":{\"@type\":\"ImageObject\",\"inLanguage\":\"es\",\"@id\":\"https:\/\/tdcenter.org\/#\/schema\/logo\/image\/\",\"url\":\"https:\/\/tdcenter.org\/wp-content\/uploads\/2022\/04\/google.png\",\"contentUrl\":\"https:\/\/tdcenter.org\/wp-content\/uploads\/2022\/04\/google.png\",\"width\":2568,\"height\":2487,\"caption\":\"Transatlantic Dialogue Center\"},\"image\":{\"@id\":\"https:\/\/tdcenter.org\/#\/schema\/logo\/image\/\"},\"sameAs\":[\"https:\/\/www.facebook.com\/Transatlantic-Dialogue-Center-105645698740463\",\"https:\/\/www.youtube.com\/channel\/UCpJuhU4JBfpv_jsldNOc5LA\"]}]}<\/script>\n<!-- \/ Yoast SEO Premium plugin. -->","yoast_head_json":{"title":"Maksym Skrypchenko - Transatlantic Dialogue Center","description":"As a political analyst and foreign policy expert, Maksym brings extensive knowledge and expertise in Eastern Europe, particularly Ukraine and Russia.","robots":{"index":"index","follow":"follow","max-snippet":"max-snippet:-1","max-image-preview":"max-image-preview:large","max-video-preview":"max-video-preview:-1"},"canonical":"https:\/\/tdcenter.org\/es\/maksym-skrypchenko-2\/","og_locale":"es_ES","og_type":"article","og_title":"Maksym Skrypchenko","og_description":"Transatlantic Dialogue Center (TDC) is a non-governmental and non-partisan think tank that provides high-quality policy advice to private and public clients. The network of our friends and partners includes government officials, members of parliaments, businessmen, journalists, experts and analysts.","og_url":"https:\/\/tdcenter.org\/es\/maksym-skrypchenko-2\/","og_site_name":"Transatlantic Dialogue Center","article_publisher":"https:\/\/www.facebook.com\/Transatlantic-Dialogue-Center-105645698740463","article_modified_time":"2026-01-19T10:44:37+00:00","og_image":[{"width":768,"height":746,"url":"https:\/\/tdcenter.org\/wp-content\/uploads\/2023\/07\/O1G_3213-768x1086-1-e1688652310933.jpg","type":"image\/jpeg"}],"twitter_card":"summary_large_image","twitter_misc":{"Tiempo de lectura":"2 minutos"},"schema":{"@context":"https:\/\/schema.org","@graph":[{"@type":"WebPage","@id":"https:\/\/tdcenter.org\/maksym-skrypchenko-2\/","url":"https:\/\/tdcenter.org\/maksym-skrypchenko-2\/","name":"Maksym Skrypchenko - Transatlantic Dialogue Center","isPartOf":{"@id":"https:\/\/tdcenter.org\/#website"},"primaryImageOfPage":{"@id":"https:\/\/tdcenter.org\/maksym-skrypchenko-2\/#primaryimage"},"image":{"@id":"https:\/\/tdcenter.org\/maksym-skrypchenko-2\/#primaryimage"},"thumbnailUrl":"https:\/\/tdcenter.org\/wp-content\/uploads\/2025\/06\/IMG_8135-678x1024.jpg","datePublished":"2022-02-23T11:23:30+00:00","dateModified":"2026-01-19T10:44:37+00:00","description":"As a political analyst and foreign policy expert, Maksym brings extensive knowledge and expertise in Eastern Europe, particularly Ukraine and Russia.","breadcrumb":{"@id":"https:\/\/tdcenter.org\/maksym-skrypchenko-2\/#breadcrumb"},"inLanguage":"es","potentialAction":[{"@type":"ReadAction","target":["https:\/\/tdcenter.org\/maksym-skrypchenko-2\/"]}]},{"@type":"ImageObject","inLanguage":"es","@id":"https:\/\/tdcenter.org\/maksym-skrypchenko-2\/#primaryimage","url":"https:\/\/tdcenter.org\/wp-content\/uploads\/2025\/06\/IMG_8135-678x1024.jpg","contentUrl":"https:\/\/tdcenter.org\/wp-content\/uploads\/2025\/06\/IMG_8135-678x1024.jpg"},{"@type":"BreadcrumbList","@id":"https:\/\/tdcenter.org\/maksym-skrypchenko-2\/#breadcrumb","itemListElement":[{"@type":"ListItem","position":1,"name":"Home","item":"https:\/\/tdcenter.org\/"},{"@type":"ListItem","position":2,"name":"Maksym Skrypchenko"}]},{"@type":"WebSite","@id":"https:\/\/tdcenter.org\/#website","url":"https:\/\/tdcenter.org\/","name":"Transatlantic Dialogue Center","description":"Promovemos la paz y la seguridad internacionales","publisher":{"@id":"https:\/\/tdcenter.org\/#organization"},"potentialAction":[{"@type":"SearchAction","target":{"@type":"EntryPoint","urlTemplate":"https:\/\/tdcenter.org\/?s={search_term_string}"},"query-input":{"@type":"PropertyValueSpecification","valueRequired":true,"valueName":"search_term_string"}}],"inLanguage":"es"},{"@type":"Organization","@id":"https:\/\/tdcenter.org\/#organization","name":"Transatlantic Dialogue Center","url":"https:\/\/tdcenter.org\/","logo":{"@type":"ImageObject","inLanguage":"es","@id":"https:\/\/tdcenter.org\/#\/schema\/logo\/image\/","url":"https:\/\/tdcenter.org\/wp-content\/uploads\/2022\/04\/google.png","contentUrl":"https:\/\/tdcenter.org\/wp-content\/uploads\/2022\/04\/google.png","width":2568,"height":2487,"caption":"Transatlantic Dialogue Center"},"image":{"@id":"https:\/\/tdcenter.org\/#\/schema\/logo\/image\/"},"sameAs":["https:\/\/www.facebook.com\/Transatlantic-Dialogue-Center-105645698740463","https:\/\/www.youtube.com\/channel\/UCpJuhU4JBfpv_jsldNOc5LA"]}]}},"mfb_rest_fields":["title","yoast_head","yoast_head_json","gutenberg_elementor_mode"],"_links":{"self":[{"href":"https:\/\/tdcenter.org\/es\/wp-json\/wp\/v2\/pages\/1137","targetHints":{"allow":["GET"]}}],"collection":[{"href":"https:\/\/tdcenter.org\/es\/wp-json\/wp\/v2\/pages"}],"about":[{"href":"https:\/\/tdcenter.org\/es\/wp-json\/wp\/v2\/types\/page"}],"author":[{"embeddable":true,"href":"https:\/\/tdcenter.org\/es\/wp-json\/wp\/v2\/users\/1"}],"replies":[{"embeddable":true,"href":"https:\/\/tdcenter.org\/es\/wp-json\/wp\/v2\/comments?post=1137"}],"version-history":[{"count":15,"href":"https:\/\/tdcenter.org\/es\/wp-json\/wp\/v2\/pages\/1137\/revisions"}],"predecessor-version":[{"id":33982,"href":"https:\/\/tdcenter.org\/es\/wp-json\/wp\/v2\/pages\/1137\/revisions\/33982"}],"wp:attachment":[{"href":"https:\/\/tdcenter.org\/es\/wp-json\/wp\/v2\/media?parent=1137"}],"curies":[{"name":"wp","href":"https:\/\/api.w.org\/{rel}","templated":true}]}}