{"id":30974,"date":"2025-08-05T13:23:52","date_gmt":"2025-08-05T10:23:52","guid":{"rendered":"https:\/\/tdcenter.org\/?page_id=30974"},"modified":"2025-10-22T15:05:15","modified_gmt":"2025-10-22T12:05:15","slug":"media-mentions-german-ukrainian-partnership-program","status":"publish","type":"page","link":"https:\/\/tdcenter.org\/de\/media-mentions-german-ukrainian-partnership-program\/","title":{"rendered":"Media Mentions German-Ukrainian Partnership Program"},"content":{"rendered":"<div data-elementor-type=\"wp-page\" data-elementor-id=\"30974\" class=\"elementor elementor-30974\" data-elementor-post-type=\"page\">\n\t\t\t\t\t\t<section class=\"elementor-section elementor-top-section elementor-element elementor-element-36c32d9 elementor-section-boxed elementor-section-height-default elementor-section-height-default\" data-id=\"36c32d9\" data-element_type=\"section\" data-settings=\"{&quot;ekit_has_onepagescroll_dot&quot;:&quot;yes&quot;}\">\n\t\t\t\t\t\t<div class=\"elementor-container elementor-column-gap-default\">\n\t\t\t\t\t<div class=\"elementor-column elementor-col-100 elementor-top-column elementor-element elementor-element-aea4970\" data-id=\"aea4970\" data-element_type=\"column\">\n\t\t\t<div class=\"elementor-widget-wrap elementor-element-populated\">\n\t\t\t\t\t\t<div class=\"elementor-element elementor-element-e595f25 elementor-widget elementor-widget-heading\" data-id=\"e595f25\" data-element_type=\"widget\" data-settings=\"{&quot;ekit_we_effect_on&quot;:&quot;none&quot;}\" data-widget_type=\"heading.default\">\n\t\t\t\t<div class=\"elementor-widget-container\">\n\t\t\t\t\t<h2 class=\"elementor-heading-title elementor-size-default\">Erw\u00e4hnungen in den Medien || Deutsch-Ukrainisches Partnerschaftsprogramm<\/h2>\t\t\t\t<\/div>\n\t\t\t\t<\/div>\n\t\t\t\t\t<\/div>\n\t\t<\/div>\n\t\t\t\t\t<\/div>\n\t\t<\/section>\n\t\t\t\t<section class=\"elementor-section elementor-top-section elementor-element elementor-element-9162024 elementor-section-boxed elementor-section-height-default elementor-section-height-default\" data-id=\"9162024\" data-element_type=\"section\" data-settings=\"{&quot;ekit_has_onepagescroll_dot&quot;:&quot;yes&quot;}\">\n\t\t\t\t\t\t<div class=\"elementor-container elementor-column-gap-default\">\n\t\t\t\t\t<div class=\"elementor-column elementor-col-100 elementor-top-column elementor-element elementor-element-b4f5a90\" data-id=\"b4f5a90\" data-element_type=\"column\">\n\t\t\t<div class=\"elementor-widget-wrap elementor-element-populated\">\n\t\t\t\t\t\t<div class=\"elementor-element elementor-element-299681a elementor-grid-eael-col-3 elementor-grid-tablet-eael-col-2 elementor-grid-mobile-eael-col-1 elementor-widget elementor-widget-eael-post-grid\" data-id=\"299681a\" data-element_type=\"widget\" data-settings=\"{&quot;eael_post_grid_columns&quot;:&quot;eael-col-3&quot;,&quot;eael_post_grid_columns_tablet&quot;:&quot;eael-col-2&quot;,&quot;eael_post_grid_columns_mobile&quot;:&quot;eael-col-1&quot;,&quot;ekit_we_effect_on&quot;:&quot;none&quot;}\" data-widget_type=\"eael-post-grid.default\">\n\t\t\t\t<div class=\"elementor-widget-container\">\n\t\t\t\t\t<div id=\"eael-post-grid-299681a\" class=\"eael-post-grid-container\">\n            <div class=\"eael-post-grid eael-post-appender eael-post-appender-299681a eael-post-grid-style-two\" data-layout-mode=\"grid\"><article class=\"eael-grid-post eael-post-grid-column\" data-id=\"34857\">\n    <div class=\"eael-grid-post-holder\">\n        <div class=\"eael-grid-post-holder-inner\"><div class=\"eael-entry-media\"><div class=\"eael-entry-overlay fade-in\"><i class=\"fas fa-long-arrow-alt-right\" aria-hidden=\"true\"><\/i><a href=\"https:\/\/tdcenter.org\/de\/2026\/03\/06\/stepan-rusyn-for-tvp-world-germanys-advocacy-pow-exchanges-and-ukraines-realistic-path-to-eu-membership\/\"><\/a><\/div><div class=\"eael-entry-thumbnail eael-image-ratio\">\n                            <img fetchpriority=\"high\" decoding=\"async\" width=\"800\" height=\"450\" src=\"https:\/\/tdcenter.org\/wp-content\/uploads\/2026\/03\/Stepan-1024x576.png\" class=\"attachment-large size-large wp-image-34859\" alt=\"\" srcset=\"https:\/\/tdcenter.org\/wp-content\/uploads\/2026\/03\/Stepan-1024x576.png 1024w, https:\/\/tdcenter.org\/wp-content\/uploads\/2026\/03\/Stepan-600x337.png 600w, https:\/\/tdcenter.org\/wp-content\/uploads\/2026\/03\/Stepan-768x432.png 768w, https:\/\/tdcenter.org\/wp-content\/uploads\/2026\/03\/Stepan-1536x864.png 1536w, https:\/\/tdcenter.org\/wp-content\/uploads\/2026\/03\/Stepan-18x10.png 18w, https:\/\/tdcenter.org\/wp-content\/uploads\/2026\/03\/Stepan.png 1919w\" sizes=\"(max-width: 800px) 100vw, 800px\" \/>\n                            <\/div>\n                    <\/div><div class=\"eael-entry-wrapper\"><header class=\"eael-entry-header\"><h2 class=\"eael-entry-title\"><a class=\"eael-grid-post-link\" href=\"https:\/\/tdcenter.org\/de\/2026\/03\/06\/stepan-rusyn-for-tvp-world-germanys-advocacy-pow-exchanges-and-ukraines-realistic-path-to-eu-membership\/\" title=\"Stepan Rusyn f\u00fcr TVP World: Deutschlands F\u00fcrsprecherrolle, Gefangenenaustausch und der realistische Weg der Ukraine zur EU-Mitgliedschaft\">Stepan Rusyn f\u00fcr TVP World: Deutschlands F\u00fcrsprecherrolle, Gefangenenaustausch und der realistische Weg der Ukraine zur EU-Mitgliedschaft<\/a><\/h2><\/header><div class=\"eael-entry-header-after style-two\"><div class=\"eael-entry-meta\"><span class=\"eael-meta-posted-on\"><i class=\"far fa-clock\"><\/i><time datetime=\"M\u00e4rz 6, 2026\">M\u00e4rz 6, 2026<\/time><\/span><\/div><\/div><\/div><\/div>\n    <\/div>\n<\/article><article class=\"eael-grid-post eael-post-grid-column\" data-id=\"34866\">\n    <div class=\"eael-grid-post-holder\">\n        <div class=\"eael-grid-post-holder-inner\"><div class=\"eael-entry-media\"><div class=\"eael-entry-overlay fade-in\"><i class=\"fas fa-long-arrow-alt-right\" aria-hidden=\"true\"><\/i><a href=\"https:\/\/tdcenter.org\/de\/2026\/02\/17\/stepan-rusyn-handelsblatt-russian-losses-recruitment\/\"><\/a><\/div><div class=\"eael-entry-thumbnail eael-image-ratio\">\n                            <img decoding=\"async\" width=\"800\" height=\"681\" src=\"https:\/\/tdcenter.org\/wp-content\/uploads\/2026\/03\/image-9.png\" class=\"attachment-large size-large wp-image-34867\" alt=\"\" srcset=\"https:\/\/tdcenter.org\/wp-content\/uploads\/2026\/03\/image-9.png 986w, https:\/\/tdcenter.org\/wp-content\/uploads\/2026\/03\/image-9-600x511.png 600w, https:\/\/tdcenter.org\/wp-content\/uploads\/2026\/03\/image-9-768x654.png 768w, https:\/\/tdcenter.org\/wp-content\/uploads\/2026\/03\/image-9-14x12.png 14w\" sizes=\"(max-width: 800px) 100vw, 800px\" \/>\n                            <\/div>\n                    <\/div><div class=\"eael-entry-wrapper\"><header class=\"eael-entry-header\"><h2 class=\"eael-entry-title\"><a class=\"eael-grid-post-link\" href=\"https:\/\/tdcenter.org\/de\/2026\/02\/17\/stepan-rusyn-handelsblatt-russian-losses-recruitment\/\" title=\"Stepan Rusyn \u00e4u\u00dfert sich im \u201eHandelsblatt\u201c zu den russischen Verlusten und zur Mobilmachung\">Stepan Rusyn \u00e4u\u00dfert sich im \u201eHandelsblatt\u201c zu den russischen Verlusten und zur Mobilmachung<\/a><\/h2><\/header><div class=\"eael-entry-header-after style-two\"><div class=\"eael-entry-meta\"><span class=\"eael-meta-posted-on\"><i class=\"far fa-clock\"><\/i><time datetime=\"Februar 17, 2026\">Februar 17, 2026<\/time><\/span><\/div><\/div><\/div><\/div>\n    <\/div>\n<\/article><article class=\"eael-grid-post eael-post-grid-column\" data-id=\"25357\">\n    <div class=\"eael-grid-post-holder\">\n        <div class=\"eael-grid-post-holder-inner\"><div class=\"eael-entry-media\"><div class=\"eael-entry-overlay fade-in\"><i class=\"fas fa-long-arrow-alt-right\" aria-hidden=\"true\"><\/i><a href=\"https:\/\/tdcenter.org\/de\/2024\/08\/05\/tdc-analyst-of-the-german-ukrainian-partnership-programme-diana-maslianchuk-for-the-new-eastern-europe-and-cpm-defence-network-there-are-new-ways-to-support-ukraine-with-weaponry\/\"><\/a><\/div><div class=\"eael-entry-thumbnail eael-image-ratio\">\n                            <img decoding=\"async\" width=\"800\" height=\"600\" src=\"https:\/\/tdcenter.org\/wp-content\/uploads\/2024\/08\/IMG_0160-1024x768.jpg\" class=\"attachment-large size-large wp-image-25352\" alt=\"\" srcset=\"https:\/\/tdcenter.org\/wp-content\/uploads\/2024\/08\/IMG_0160-1024x768.jpg 1024w, https:\/\/tdcenter.org\/wp-content\/uploads\/2024\/08\/IMG_0160-600x450.jpg 600w, https:\/\/tdcenter.org\/wp-content\/uploads\/2024\/08\/IMG_0160-768x576.jpg 768w, https:\/\/tdcenter.org\/wp-content\/uploads\/2024\/08\/IMG_0160-1536x1152.jpg 1536w, https:\/\/tdcenter.org\/wp-content\/uploads\/2024\/08\/IMG_0160-16x12.jpg 16w, https:\/\/tdcenter.org\/wp-content\/uploads\/2024\/08\/IMG_0160-scaled.jpg 1200w\" sizes=\"(max-width: 800px) 100vw, 800px\" \/>\n                            <\/div>\n                    <\/div><div class=\"eael-entry-wrapper\"><header class=\"eael-entry-header\"><h2 class=\"eael-entry-title\"><a class=\"eael-grid-post-link\" href=\"https:\/\/tdcenter.org\/de\/2024\/08\/05\/tdc-analyst-of-the-german-ukrainian-partnership-programme-diana-maslianchuk-for-the-new-eastern-europe-and-cpm-defence-network-there-are-new-ways-to-support-ukraine-with-weaponry\/\" title=\"TDC Analyst of the German-Ukrainian Partnership Programme Diana Maslianchuk for the New Eastern Europe and cpm Defence Network: There are new ways to support Ukraine with weaponry\">TDC Analyst of the German-Ukrainian Partnership Programme Diana Maslianchuk for the New Eastern Europe and cpm Defence Network: There are new ways to support Ukraine with weaponry<\/a><\/h2><\/header><div class=\"eael-entry-header-after style-two\"><div class=\"eael-entry-meta\"><span class=\"eael-meta-posted-on\"><i class=\"far fa-clock\"><\/i><time datetime=\"August 5, 2024\">August 5, 2024<\/time><\/span><\/div><\/div><\/div><\/div>\n    <\/div>\n<\/article><article class=\"eael-grid-post eael-post-grid-column\" data-id=\"20096\">\n    <div class=\"eael-grid-post-holder\">\n        <div class=\"eael-grid-post-holder-inner\"><div class=\"eael-entry-media\"><div class=\"eael-entry-overlay fade-in\"><i class=\"fas fa-long-arrow-alt-right\" aria-hidden=\"true\"><\/i><a href=\"https:\/\/tdcenter.org\/de\/2023\/10\/10\/unpacking-germanys-reluctance-taurus-missiles-and-ukraine-for-tvp-world\/\"><\/a><\/div><div class=\"eael-entry-thumbnail eael-image-ratio\">\n                            <img loading=\"lazy\" decoding=\"async\" width=\"800\" height=\"453\" src=\"https:\/\/tdcenter.org\/wp-content\/uploads\/2023\/10\/image-16-1024x580.png\" class=\"attachment-large size-large wp-image-20098\" alt=\"\" srcset=\"https:\/\/tdcenter.org\/wp-content\/uploads\/2023\/10\/image-16-1024x580.png 1024w, https:\/\/tdcenter.org\/wp-content\/uploads\/2023\/10\/image-16-600x340.png 600w, https:\/\/tdcenter.org\/wp-content\/uploads\/2023\/10\/image-16-768x435.png 768w, https:\/\/tdcenter.org\/wp-content\/uploads\/2023\/10\/image-16-18x10.png 18w, https:\/\/tdcenter.org\/wp-content\/uploads\/2023\/10\/image-16.png 1280w\" sizes=\"(max-width: 800px) 100vw, 800px\" \/>\n                            <\/div>\n                    <\/div><div class=\"eael-entry-wrapper\"><header class=\"eael-entry-header\"><h2 class=\"eael-entry-title\"><a class=\"eael-grid-post-link\" href=\"https:\/\/tdcenter.org\/de\/2023\/10\/10\/unpacking-germanys-reluctance-taurus-missiles-and-ukraine-for-tvp-world\/\" title=\"Unpacking Germany&#8217;s Reluctance: TAURUS Missiles and Ukraine for TVP WORLD\">Die deutsche Zur\u00fcckhaltung entschl\u00fcsseln: TAURUS-Raketen und die Ukraine f\u00fcr TVP WORLD<\/a><\/h2><\/header><div class=\"eael-entry-header-after style-two\"><div class=\"eael-entry-meta\"><span class=\"eael-meta-posted-on\"><i class=\"far fa-clock\"><\/i><time datetime=\"Oktober 10, 2023\">Oktober 10, 2023<\/time><\/span><\/div><\/div><\/div><\/div>\n    <\/div>\n<\/article><article class=\"eael-grid-post eael-post-grid-column\" data-id=\"8672\">\n    <div class=\"eael-grid-post-holder\">\n        <div class=\"eael-grid-post-holder-inner\"><div class=\"eael-entry-media\"><div class=\"eael-entry-overlay fade-in\"><i class=\"fas fa-long-arrow-alt-right\" aria-hidden=\"true\"><\/i><a href=\"https:\/\/tdcenter.org\/de\/2022\/12\/13\/each-issue-of-behorden-spiegel-now-includes-our-briefings\/\"><\/a><\/div><div class=\"eael-entry-thumbnail eael-image-ratio\">\n                            <img loading=\"lazy\" decoding=\"async\" width=\"800\" height=\"600\" src=\"https:\/\/tdcenter.org\/wp-content\/uploads\/2022\/12\/Gram-1024x768.jpg\" class=\"attachment-large size-large wp-image-8673\" alt=\"\" srcset=\"https:\/\/tdcenter.org\/wp-content\/uploads\/2022\/12\/Gram-1024x768.jpg 1024w, https:\/\/tdcenter.org\/wp-content\/uploads\/2022\/12\/Gram-600x450.jpg 600w, https:\/\/tdcenter.org\/wp-content\/uploads\/2022\/12\/Gram-768x576.jpg 768w, https:\/\/tdcenter.org\/wp-content\/uploads\/2022\/12\/Gram-1536x1152.jpg 1536w, https:\/\/tdcenter.org\/wp-content\/uploads\/2022\/12\/Gram-16x12.jpg 16w, https:\/\/tdcenter.org\/wp-content\/uploads\/2022\/12\/Gram.jpg 2016w\" sizes=\"(max-width: 800px) 100vw, 800px\" \/>\n                            <\/div>\n                    <\/div><div class=\"eael-entry-wrapper\"><header class=\"eael-entry-header\"><h2 class=\"eael-entry-title\"><a class=\"eael-grid-post-link\" href=\"https:\/\/tdcenter.org\/de\/2022\/12\/13\/each-issue-of-behorden-spiegel-now-includes-our-briefings\/\" title=\"Jede Ausgabe des Beh\u00f6rden Spiegel Newsletters &quot;Verteidigung. Streitkr\u00e4fte. Wehrtechnik&quot; enth\u00e4lt jetzt TDC-Briefings\">Jede Ausgabe des Beh\u00f6rden Spiegel Newsletters \"Verteidigung. Streitkr\u00e4fte. Wehrtechnik\" enth\u00e4lt jetzt TDC-Briefings<\/a><\/h2><\/header><div class=\"eael-entry-header-after style-two\"><div class=\"eael-entry-meta\"><span class=\"eael-meta-posted-on\"><i class=\"far fa-clock\"><\/i><time datetime=\"Dezember 13, 2022\">Dezember 13, 2022<\/time><\/span><\/div><\/div><\/div><\/div>\n    <\/div>\n<\/article><\/div>\n            <div class=\"clearfix\"><\/div>\n        <\/div>\t\t\t\t<\/div>\n\t\t\t\t<\/div>\n\t\t\t\t\t<\/div>\n\t\t<\/div>\n\t\t\t\t\t<\/div>\n\t\t<\/section>\n\t\t\t\t<\/div>","protected":false},"excerpt":{"rendered":"<p>Media Mentions || German-Ukrainian Partnership Program TDC Analyst of the German-Ukrainian Partnership Programme Diana Maslianchuk for the New Eastern Europe and cpm Defence Network: There are new ways to support Ukraine with weaponry August 5, 2024 Unpacking Germany&#8217;s Reluctance: TAURUS Missiles and Ukraine for TVP WORLD October 10, 2023 Each issue of Beh\u00f6rden Spiegel now [&hellip;]<\/p>","protected":false},"author":1,"featured_media":0,"parent":0,"menu_order":0,"comment_status":"closed","ping_status":"closed","template":"","meta":{"footnotes":""},"class_list":["post-30974","page","type-page","status-publish","hentry"],"mb":[],"yoast_head":"<!-- This site is optimized with the Yoast SEO Premium plugin v25.6 (Yoast SEO v25.6) - https:\/\/yoast.com\/wordpress\/plugins\/seo\/ -->\n<title>Media Mentions German-Ukrainian Partnership Program - Transatlantic Dialogue Center<\/title>\n<meta name=\"description\" content=\"Transatlantic Dialogue Center (TDC) is a non-governmental and non-partisan think tank that provides high-quality policy advice to private and public clients. The network of our friends and partners includes government officials, members of parliaments, businessmen, journalists, experts and analysts.\" \/>\n<meta name=\"robots\" content=\"index, follow, max-snippet:-1, max-image-preview:large, max-video-preview:-1\" \/>\n<link rel=\"canonical\" href=\"https:\/\/tdcenter.org\/de\/media-mentions-german-ukrainian-partnership-program\/\" \/>\n<meta property=\"og:locale\" content=\"de_DE\" \/>\n<meta property=\"og:type\" content=\"article\" \/>\n<meta property=\"og:title\" content=\"Media Mentions German-Ukrainian Partnership Program\" \/>\n<meta property=\"og:description\" content=\"Transatlantic Dialogue Center (TDC) is a non-governmental and non-partisan think tank that provides high-quality policy advice to private and public clients. The network of our friends and partners includes government officials, members of parliaments, businessmen, journalists, experts and analysts.\" \/>\n<meta property=\"og:url\" content=\"https:\/\/tdcenter.org\/de\/media-mentions-german-ukrainian-partnership-program\/\" \/>\n<meta property=\"og:site_name\" content=\"Transatlantic Dialogue Center\" \/>\n<meta property=\"article:publisher\" content=\"https:\/\/www.facebook.com\/Transatlantic-Dialogue-Center-105645698740463\" \/>\n<meta property=\"article:modified_time\" content=\"2025-10-22T12:05:15+00:00\" \/>\n<meta property=\"og:image\" content=\"https:\/\/tdcenter.org\/wp-content\/uploads\/2024\/08\/IMG_0160-scaled.jpg\" \/>\n\t<meta property=\"og:image:width\" content=\"1200\" \/>\n\t<meta property=\"og:image:height\" content=\"900\" \/>\n\t<meta property=\"og:image:type\" content=\"image\/jpeg\" \/>\n<meta name=\"twitter:card\" content=\"summary_large_image\" \/>\n<meta name=\"twitter:label1\" content=\"Gesch\u00e4tzte Lesezeit\" \/>\n\t<meta name=\"twitter:data1\" content=\"1\u00a0Minute\" \/>\n<script type=\"application\/ld+json\" class=\"yoast-schema-graph\">{\"@context\":\"https:\/\/schema.org\",\"@graph\":[{\"@type\":\"WebPage\",\"@id\":\"https:\/\/tdcenter.org\/media-mentions-german-ukrainian-partnership-program\/\",\"url\":\"https:\/\/tdcenter.org\/media-mentions-german-ukrainian-partnership-program\/\",\"name\":\"Media Mentions German-Ukrainian Partnership Program - Transatlantic Dialogue Center\",\"isPartOf\":{\"@id\":\"https:\/\/tdcenter.org\/#website\"},\"primaryImageOfPage\":{\"@id\":\"https:\/\/tdcenter.org\/media-mentions-german-ukrainian-partnership-program\/#primaryimage\"},\"image\":{\"@id\":\"https:\/\/tdcenter.org\/media-mentions-german-ukrainian-partnership-program\/#primaryimage\"},\"thumbnailUrl\":\"https:\/\/tdcenter.org\/wp-content\/uploads\/2024\/08\/IMG_0160-1024x768.jpg\",\"datePublished\":\"2025-08-05T10:23:52+00:00\",\"dateModified\":\"2025-10-22T12:05:15+00:00\",\"description\":\"Transatlantic Dialogue Center (TDC) is a non-governmental and non-partisan think tank that provides high-quality policy advice to private and public clients. The network of our friends and partners includes government officials, members of parliaments, businessmen, journalists, experts and analysts.\",\"breadcrumb\":{\"@id\":\"https:\/\/tdcenter.org\/media-mentions-german-ukrainian-partnership-program\/#breadcrumb\"},\"inLanguage\":\"de\",\"potentialAction\":[{\"@type\":\"ReadAction\",\"target\":[\"https:\/\/tdcenter.org\/media-mentions-german-ukrainian-partnership-program\/\"]}]},{\"@type\":\"ImageObject\",\"inLanguage\":\"de\",\"@id\":\"https:\/\/tdcenter.org\/media-mentions-german-ukrainian-partnership-program\/#primaryimage\",\"url\":\"https:\/\/tdcenter.org\/wp-content\/uploads\/2024\/08\/IMG_0160-1024x768.jpg\",\"contentUrl\":\"https:\/\/tdcenter.org\/wp-content\/uploads\/2024\/08\/IMG_0160-1024x768.jpg\"},{\"@type\":\"BreadcrumbList\",\"@id\":\"https:\/\/tdcenter.org\/media-mentions-german-ukrainian-partnership-program\/#breadcrumb\",\"itemListElement\":[{\"@type\":\"ListItem\",\"position\":1,\"name\":\"Home\",\"item\":\"https:\/\/tdcenter.org\/\"},{\"@type\":\"ListItem\",\"position\":2,\"name\":\"Media Mentions German-Ukrainian Partnership Program\"}]},{\"@type\":\"WebSite\",\"@id\":\"https:\/\/tdcenter.org\/#website\",\"url\":\"https:\/\/tdcenter.org\/\",\"name\":\"Transatlantic Dialogue Center\",\"description\":\"Promoting International Peace and Security\",\"publisher\":{\"@id\":\"https:\/\/tdcenter.org\/#organization\"},\"potentialAction\":[{\"@type\":\"SearchAction\",\"target\":{\"@type\":\"EntryPoint\",\"urlTemplate\":\"https:\/\/tdcenter.org\/?s={search_term_string}\"},\"query-input\":{\"@type\":\"PropertyValueSpecification\",\"valueRequired\":true,\"valueName\":\"search_term_string\"}}],\"inLanguage\":\"de\"},{\"@type\":\"Organization\",\"@id\":\"https:\/\/tdcenter.org\/#organization\",\"name\":\"Transatlantic Dialogue Center\",\"url\":\"https:\/\/tdcenter.org\/\",\"logo\":{\"@type\":\"ImageObject\",\"inLanguage\":\"de\",\"@id\":\"https:\/\/tdcenter.org\/#\/schema\/logo\/image\/\",\"url\":\"https:\/\/tdcenter.org\/wp-content\/uploads\/2022\/04\/google.png\",\"contentUrl\":\"https:\/\/tdcenter.org\/wp-content\/uploads\/2022\/04\/google.png\",\"width\":2568,\"height\":2487,\"caption\":\"Transatlantic Dialogue Center\"},\"image\":{\"@id\":\"https:\/\/tdcenter.org\/#\/schema\/logo\/image\/\"},\"sameAs\":[\"https:\/\/www.facebook.com\/Transatlantic-Dialogue-Center-105645698740463\",\"https:\/\/www.youtube.com\/channel\/UCpJuhU4JBfpv_jsldNOc5LA\"]}]}<\/script>\n<!-- \/ Yoast SEO Premium plugin. -->","yoast_head_json":{"title":"Media Mentions German-Ukrainian Partnership Program - Transatlantic Dialogue Center","description":"Transatlantic Dialogue Center (TDC) is a non-governmental and non-partisan think tank that provides high-quality policy advice to private and public clients. The network of our friends and partners includes government officials, members of parliaments, businessmen, journalists, experts and analysts.","robots":{"index":"index","follow":"follow","max-snippet":"max-snippet:-1","max-image-preview":"max-image-preview:large","max-video-preview":"max-video-preview:-1"},"canonical":"https:\/\/tdcenter.org\/de\/media-mentions-german-ukrainian-partnership-program\/","og_locale":"de_DE","og_type":"article","og_title":"Media Mentions German-Ukrainian Partnership Program","og_description":"Transatlantic Dialogue Center (TDC) is a non-governmental and non-partisan think tank that provides high-quality policy advice to private and public clients. The network of our friends and partners includes government officials, members of parliaments, businessmen, journalists, experts and analysts.","og_url":"https:\/\/tdcenter.org\/de\/media-mentions-german-ukrainian-partnership-program\/","og_site_name":"Transatlantic Dialogue Center","article_publisher":"https:\/\/www.facebook.com\/Transatlantic-Dialogue-Center-105645698740463","article_modified_time":"2025-10-22T12:05:15+00:00","og_image":[{"width":1200,"height":900,"url":"https:\/\/tdcenter.org\/wp-content\/uploads\/2024\/08\/IMG_0160-scaled.jpg","type":"image\/jpeg"}],"twitter_card":"summary_large_image","twitter_misc":{"Gesch\u00e4tzte Lesezeit":"1\u00a0Minute"},"schema":{"@context":"https:\/\/schema.org","@graph":[{"@type":"WebPage","@id":"https:\/\/tdcenter.org\/media-mentions-german-ukrainian-partnership-program\/","url":"https:\/\/tdcenter.org\/media-mentions-german-ukrainian-partnership-program\/","name":"Media Mentions German-Ukrainian Partnership Program - Transatlantic Dialogue Center","isPartOf":{"@id":"https:\/\/tdcenter.org\/#website"},"primaryImageOfPage":{"@id":"https:\/\/tdcenter.org\/media-mentions-german-ukrainian-partnership-program\/#primaryimage"},"image":{"@id":"https:\/\/tdcenter.org\/media-mentions-german-ukrainian-partnership-program\/#primaryimage"},"thumbnailUrl":"https:\/\/tdcenter.org\/wp-content\/uploads\/2024\/08\/IMG_0160-1024x768.jpg","datePublished":"2025-08-05T10:23:52+00:00","dateModified":"2025-10-22T12:05:15+00:00","description":"Transatlantic Dialogue Center (TDC) is a non-governmental and non-partisan think tank that provides high-quality policy advice to private and public clients. The network of our friends and partners includes government officials, members of parliaments, businessmen, journalists, experts and analysts.","breadcrumb":{"@id":"https:\/\/tdcenter.org\/media-mentions-german-ukrainian-partnership-program\/#breadcrumb"},"inLanguage":"de","potentialAction":[{"@type":"ReadAction","target":["https:\/\/tdcenter.org\/media-mentions-german-ukrainian-partnership-program\/"]}]},{"@type":"ImageObject","inLanguage":"de","@id":"https:\/\/tdcenter.org\/media-mentions-german-ukrainian-partnership-program\/#primaryimage","url":"https:\/\/tdcenter.org\/wp-content\/uploads\/2024\/08\/IMG_0160-1024x768.jpg","contentUrl":"https:\/\/tdcenter.org\/wp-content\/uploads\/2024\/08\/IMG_0160-1024x768.jpg"},{"@type":"BreadcrumbList","@id":"https:\/\/tdcenter.org\/media-mentions-german-ukrainian-partnership-program\/#breadcrumb","itemListElement":[{"@type":"ListItem","position":1,"name":"Home","item":"https:\/\/tdcenter.org\/"},{"@type":"ListItem","position":2,"name":"Media Mentions German-Ukrainian Partnership Program"}]},{"@type":"WebSite","@id":"https:\/\/tdcenter.org\/#website","url":"https:\/\/tdcenter.org\/","name":"Transatlantic Dialogue Center","description":"F\u00f6rderung des internationalen Friedens und der Sicherheit","publisher":{"@id":"https:\/\/tdcenter.org\/#organization"},"potentialAction":[{"@type":"SearchAction","target":{"@type":"EntryPoint","urlTemplate":"https:\/\/tdcenter.org\/?s={search_term_string}"},"query-input":{"@type":"PropertyValueSpecification","valueRequired":true,"valueName":"search_term_string"}}],"inLanguage":"de"},{"@type":"Organization","@id":"https:\/\/tdcenter.org\/#organization","name":"Transatlantic Dialogue Center","url":"https:\/\/tdcenter.org\/","logo":{"@type":"ImageObject","inLanguage":"de","@id":"https:\/\/tdcenter.org\/#\/schema\/logo\/image\/","url":"https:\/\/tdcenter.org\/wp-content\/uploads\/2022\/04\/google.png","contentUrl":"https:\/\/tdcenter.org\/wp-content\/uploads\/2022\/04\/google.png","width":2568,"height":2487,"caption":"Transatlantic Dialogue Center"},"image":{"@id":"https:\/\/tdcenter.org\/#\/schema\/logo\/image\/"},"sameAs":["https:\/\/www.facebook.com\/Transatlantic-Dialogue-Center-105645698740463","https:\/\/www.youtube.com\/channel\/UCpJuhU4JBfpv_jsldNOc5LA"]}]}},"mfb_rest_fields":["title","yoast_head","yoast_head_json","gutenberg_elementor_mode"],"_links":{"self":[{"href":"https:\/\/tdcenter.org\/de\/wp-json\/wp\/v2\/pages\/30974","targetHints":{"allow":["GET"]}}],"collection":[{"href":"https:\/\/tdcenter.org\/de\/wp-json\/wp\/v2\/pages"}],"about":[{"href":"https:\/\/tdcenter.org\/de\/wp-json\/wp\/v2\/types\/page"}],"author":[{"embeddable":true,"href":"https:\/\/tdcenter.org\/de\/wp-json\/wp\/v2\/users\/1"}],"replies":[{"embeddable":true,"href":"https:\/\/tdcenter.org\/de\/wp-json\/wp\/v2\/comments?post=30974"}],"version-history":[{"count":10,"href":"https:\/\/tdcenter.org\/de\/wp-json\/wp\/v2\/pages\/30974\/revisions"}],"predecessor-version":[{"id":32856,"href":"https:\/\/tdcenter.org\/de\/wp-json\/wp\/v2\/pages\/30974\/revisions\/32856"}],"wp:attachment":[{"href":"https:\/\/tdcenter.org\/de\/wp-json\/wp\/v2\/media?parent=30974"}],"curies":[{"name":"wp","href":"https:\/\/api.w.org\/{rel}","templated":true}]}}