{"id":12619,"date":"2023-07-03T17:26:26","date_gmt":"2023-07-03T14:26:26","guid":{"rendered":"https:\/\/tdcenter.org\/?page_id=12619"},"modified":"2023-07-03T18:53:01","modified_gmt":"2023-07-03T15:53:01","slug":"corporate-partners","status":"publish","type":"page","link":"https:\/\/tdcenter.org\/de\/corporate-partners\/","title":{"rendered":"Werden Sie unser Partner: Unternehmensspenden"},"content":{"rendered":"<div data-elementor-type=\"wp-page\" data-elementor-id=\"12619\" class=\"elementor elementor-12619\" data-elementor-post-type=\"page\">\n\t\t\t\t\t\t<section class=\"elementor-section elementor-top-section elementor-element elementor-element-d88129d elementor-section-boxed elementor-section-height-default elementor-section-height-default\" data-id=\"d88129d\" data-element_type=\"section\" data-settings=\"{&quot;ekit_has_onepagescroll_dot&quot;:&quot;yes&quot;}\">\n\t\t\t\t\t\t<div class=\"elementor-container elementor-column-gap-default\">\n\t\t\t\t\t<div class=\"elementor-column elementor-col-100 elementor-top-column elementor-element elementor-element-d129a10\" data-id=\"d129a10\" data-element_type=\"column\">\n\t\t\t<div class=\"elementor-widget-wrap elementor-element-populated\">\n\t\t\t\t\t\t<div class=\"elementor-element elementor-element-2bc3f13 elementor-widget elementor-widget-heading\" data-id=\"2bc3f13\" data-element_type=\"widget\" data-settings=\"{&quot;ekit_we_effect_on&quot;:&quot;none&quot;}\" data-widget_type=\"heading.default\">\n\t\t\t\t<div class=\"elementor-widget-container\">\n\t\t\t\t\t<h2 class=\"elementor-heading-title elementor-size-default\">Werden Sie unser Partner: Unternehmensspenden<\/h2>\t\t\t\t<\/div>\n\t\t\t\t<\/div>\n\t\t\t\t\t<\/div>\n\t\t<\/div>\n\t\t\t\t\t<\/div>\n\t\t<\/section>\n\t\t\t\t<section class=\"elementor-section elementor-top-section elementor-element elementor-element-c3d38fd elementor-section-boxed elementor-section-height-default elementor-section-height-default\" data-id=\"c3d38fd\" data-element_type=\"section\" data-settings=\"{&quot;ekit_has_onepagescroll_dot&quot;:&quot;yes&quot;}\">\n\t\t\t\t\t\t<div class=\"elementor-container elementor-column-gap-default\">\n\t\t\t\t\t<div class=\"elementor-column elementor-col-100 elementor-top-column elementor-element elementor-element-3c0d0cb\" data-id=\"3c0d0cb\" data-element_type=\"column\">\n\t\t\t<div class=\"elementor-widget-wrap elementor-element-populated\">\n\t\t\t\t\t\t<div class=\"elementor-element elementor-element-b2aae11 elementor-widget elementor-widget-text-editor\" data-id=\"b2aae11\" data-element_type=\"widget\" data-settings=\"{&quot;ekit_we_effect_on&quot;:&quot;none&quot;}\" data-widget_type=\"text-editor.default\">\n\t\t\t\t<div class=\"elementor-widget-container\">\n\t\t\t\t\t\t\t\t\t<p>Das Transatlantic Dialogue Center (TDC) ist von der Macht der Partnerschaft \u00fcberzeugt. Unsere Arbeit in Form von hochwertiger politischer Beratung und gr\u00fcndlicher Forschung zu au\u00dfenpolitischen Herausforderungen wird durch die Unterst\u00fctzung von Einzelpersonen, Stiftungen und Unternehmen erm\u00f6glicht, die unser Bestreben nach unabh\u00e4ngigen Analysen und offenem Dialog teilen.<\/p>\n<p>Durch die Unterst\u00fctzung von TDC kann Ihre Organisation:<\/p>\n<ol>\n<li>Ihr Engagement f\u00fcr Demokratie, Rechtsstaatlichkeit und Frieden in der Ukraine und auf der ganzen Welt demonstrieren.<\/li>\n<li>Zugang zu unseren exklusiven Forschungen und Einblicken in die aktuelle geopolitische Lage in der Ukraine erhalten, die auf die spezifischen Bed\u00fcrfnisse Ihrer Organisation zugeschnitten sind. Sie k\u00f6nnen von unserem umfangreichen Netzwerk an Kontakten in der Ukraine und weltweit profitieren, einschlie\u00dflich f\u00fchrender Pers\u00f6nlichkeiten in Politik und Wirtschaft.<\/li>\n<li>Ihr Profil im Bereich der sozialen Verantwortung von Unternehmen und ihr \u00f6ffentliches Ansehen st\u00e4rken, indem Sie die Ukraine in ihrem Widerstand gegen die gro\u00dfangelegte Invasion Russlands zur Seite stehen. Ihre Unterst\u00fctzung f\u00fcr die Arbeit von TDC ist eine greifbare Form, der Ukraine in diesen schwierigen Zeiten beizustehen.<\/li>\n<\/ol>\n<p>Wir bieten eine Reihe von Sponsoring-M\u00f6glichkeiten und sind bestrebt, mit unseren Partnern zusammenzuarbeiten, um gegenseitig vorteilhafte Beziehungen zu schaffen.<\/p>\n<p>F\u00fcr weitere Informationen dar\u00fcber, wie Ihr Unternehmen das Transatlantic Dialogue Center unterst\u00fctzen kann, wenden Sie sich bitte an <a href=\"mailto:partnerships@tdcenter.org\"><b>partnerships@tdcenter.org<\/b><\/a>.<\/p>\n<p>Sie k\u00f6nnen auch schnell per \u00dcberweisung spenden. Die Kontodaten finden Sie unten:<\/p>\n<p><strong>Unser Spendenkonto<\/strong>:<\/p>\n<ul>\n<li>Bankverbindung: JSB \u201cUKRGASBANK\u201d<\/li>\n<li>SWIFT BIC: UGASUAUKXXX<\/li>\n<li>Kontonummer: UA043204780000026005924918510<\/li>\n<li>W\u00e4hrungen: USD, GBP und EUR<\/li>\n<\/ul>\n<div>&nbsp;<\/div>\n<p>Bitte geben Sie im Abschnitt \"Zahlungszweck\" den Vermerk \"Unwiderrufliche gemeinn\u00fctzige Spende\" an. So k\u00f6nnen wir Ihre Spende leicht identifizieren und zuordnen.<\/p>\n<p>Wir freuen uns auf die Zusammenarbeit mit Ihnen, um bewusste politische Entscheidungen zu f\u00f6rdern und den Dialog \u00fcber wichtige Themen voranzutreiben.<\/p>\n<p><\/p>\n<p>Vielen Dank, dass Sie eine Unternehmensspende an das Transatlantic Dialogue Center in Erw\u00e4gung ziehen. Ihre Unterst\u00fctzung hilft uns, unsere wichtige Arbeit fortzusetzen.<\/p>\t\t\t\t\t\t\t\t<\/div>\n\t\t\t\t<\/div>\n\t\t\t\t\t<\/div>\n\t\t<\/div>\n\t\t\t\t\t<\/div>\n\t\t<\/section>\n\t\t\t\t<\/div>","protected":false},"excerpt":{"rendered":"<p>Partner with Us: Corporate Donations At the Transatlantic Dialogue Center (TDC), we believe in the power of partnership. Our work, providing high-quality policy advice and conducting in-depth research on foreign policy challenges, is made possible through the generous support of individuals, foundations, and corporations who share our commitment to independent analysis and open dialogue. By [&hellip;]<\/p>","protected":false},"author":1,"featured_media":0,"parent":0,"menu_order":0,"comment_status":"closed","ping_status":"closed","template":"","meta":{"footnotes":""},"class_list":["post-12619","page","type-page","status-publish","hentry"],"mb":[],"yoast_head":"<!-- This site is optimized with the Yoast SEO Premium plugin v25.6 (Yoast SEO v25.6) - https:\/\/yoast.com\/wordpress\/plugins\/seo\/ -->\n<title>Partner with Us: Corporate Donations - Transatlantic Dialogue Center<\/title>\n<meta name=\"description\" content=\"Support Ukraine&#039;s cause. Make a difference. Donate to the Transatlantic Dialogue Center - helping Ukraine in the face of invasion\" \/>\n<meta name=\"robots\" content=\"index, follow, max-snippet:-1, max-image-preview:large, max-video-preview:-1\" \/>\n<link rel=\"canonical\" href=\"https:\/\/tdcenter.org\/de\/corporate-partners\/\" \/>\n<meta property=\"og:locale\" content=\"de_DE\" \/>\n<meta property=\"og:type\" content=\"article\" \/>\n<meta property=\"og:title\" content=\"Partner with Us: Corporate Donations\" \/>\n<meta property=\"og:description\" content=\"Transatlantic Dialogue Center (TDC) is a non-governmental and non-partisan think tank that provides high-quality policy advice to private and public clients. The network of our friends and partners includes government officials, members of parliaments, businessmen, journalists, experts and analysts.\" \/>\n<meta property=\"og:url\" content=\"https:\/\/tdcenter.org\/de\/corporate-partners\/\" \/>\n<meta property=\"og:site_name\" content=\"Transatlantic Dialogue Center\" \/>\n<meta property=\"article:publisher\" content=\"https:\/\/www.facebook.com\/Transatlantic-Dialogue-Center-105645698740463\" \/>\n<meta property=\"article:modified_time\" content=\"2023-07-03T15:53:01+00:00\" \/>\n<meta property=\"og:image\" content=\"https:\/\/tdcenter.org\/wp-content\/uploads\/2023\/02\/\u0411\u0435\u0437-\u043d\u0430\u0437\u0432\u0438-1.png\" \/>\n\t<meta property=\"og:image:width\" content=\"1084\" \/>\n\t<meta property=\"og:image:height\" content=\"1084\" \/>\n\t<meta property=\"og:image:type\" content=\"image\/png\" \/>\n<meta name=\"twitter:card\" content=\"summary_large_image\" \/>\n<meta name=\"twitter:label1\" content=\"Gesch\u00e4tzte Lesezeit\" \/>\n\t<meta name=\"twitter:data1\" content=\"2\u00a0Minuten\" \/>\n<script type=\"application\/ld+json\" class=\"yoast-schema-graph\">{\"@context\":\"https:\/\/schema.org\",\"@graph\":[{\"@type\":\"WebPage\",\"@id\":\"https:\/\/tdcenter.org\/corporate-partners\/\",\"url\":\"https:\/\/tdcenter.org\/corporate-partners\/\",\"name\":\"Partner with Us: Corporate Donations - Transatlantic Dialogue Center\",\"isPartOf\":{\"@id\":\"https:\/\/tdcenter.org\/#website\"},\"datePublished\":\"2023-07-03T14:26:26+00:00\",\"dateModified\":\"2023-07-03T15:53:01+00:00\",\"description\":\"Support Ukraine's cause. Make a difference. Donate to the Transatlantic Dialogue Center - helping Ukraine in the face of invasion\",\"breadcrumb\":{\"@id\":\"https:\/\/tdcenter.org\/corporate-partners\/#breadcrumb\"},\"inLanguage\":\"de\",\"potentialAction\":[{\"@type\":\"ReadAction\",\"target\":[\"https:\/\/tdcenter.org\/corporate-partners\/\"]}]},{\"@type\":\"BreadcrumbList\",\"@id\":\"https:\/\/tdcenter.org\/corporate-partners\/#breadcrumb\",\"itemListElement\":[{\"@type\":\"ListItem\",\"position\":1,\"name\":\"Home\",\"item\":\"https:\/\/tdcenter.org\/\"},{\"@type\":\"ListItem\",\"position\":2,\"name\":\"Partner with Us: Corporate Donations\"}]},{\"@type\":\"WebSite\",\"@id\":\"https:\/\/tdcenter.org\/#website\",\"url\":\"https:\/\/tdcenter.org\/\",\"name\":\"Transatlantic Dialogue Center\",\"description\":\"Promoting International Peace and Security\",\"publisher\":{\"@id\":\"https:\/\/tdcenter.org\/#organization\"},\"potentialAction\":[{\"@type\":\"SearchAction\",\"target\":{\"@type\":\"EntryPoint\",\"urlTemplate\":\"https:\/\/tdcenter.org\/?s={search_term_string}\"},\"query-input\":{\"@type\":\"PropertyValueSpecification\",\"valueRequired\":true,\"valueName\":\"search_term_string\"}}],\"inLanguage\":\"de\"},{\"@type\":\"Organization\",\"@id\":\"https:\/\/tdcenter.org\/#organization\",\"name\":\"Transatlantic Dialogue Center\",\"url\":\"https:\/\/tdcenter.org\/\",\"logo\":{\"@type\":\"ImageObject\",\"inLanguage\":\"de\",\"@id\":\"https:\/\/tdcenter.org\/#\/schema\/logo\/image\/\",\"url\":\"https:\/\/tdcenter.org\/wp-content\/uploads\/2022\/04\/google.png\",\"contentUrl\":\"https:\/\/tdcenter.org\/wp-content\/uploads\/2022\/04\/google.png\",\"width\":2568,\"height\":2487,\"caption\":\"Transatlantic Dialogue Center\"},\"image\":{\"@id\":\"https:\/\/tdcenter.org\/#\/schema\/logo\/image\/\"},\"sameAs\":[\"https:\/\/www.facebook.com\/Transatlantic-Dialogue-Center-105645698740463\",\"https:\/\/www.youtube.com\/channel\/UCpJuhU4JBfpv_jsldNOc5LA\"]}]}<\/script>\n<!-- \/ Yoast SEO Premium plugin. -->","yoast_head_json":{"title":"Partner with Us: Corporate Donations - Transatlantic Dialogue Center","description":"Support Ukraine's cause. Make a difference. Donate to the Transatlantic Dialogue Center - helping Ukraine in the face of invasion","robots":{"index":"index","follow":"follow","max-snippet":"max-snippet:-1","max-image-preview":"max-image-preview:large","max-video-preview":"max-video-preview:-1"},"canonical":"https:\/\/tdcenter.org\/de\/corporate-partners\/","og_locale":"de_DE","og_type":"article","og_title":"Partner with Us: Corporate Donations","og_description":"Transatlantic Dialogue Center (TDC) is a non-governmental and non-partisan think tank that provides high-quality policy advice to private and public clients. The network of our friends and partners includes government officials, members of parliaments, businessmen, journalists, experts and analysts.","og_url":"https:\/\/tdcenter.org\/de\/corporate-partners\/","og_site_name":"Transatlantic Dialogue Center","article_publisher":"https:\/\/www.facebook.com\/Transatlantic-Dialogue-Center-105645698740463","article_modified_time":"2023-07-03T15:53:01+00:00","og_image":[{"width":1084,"height":1084,"url":"https:\/\/tdcenter.org\/wp-content\/uploads\/2023\/02\/\u0411\u0435\u0437-\u043d\u0430\u0437\u0432\u0438-1.png","type":"image\/png"}],"twitter_card":"summary_large_image","twitter_misc":{"Gesch\u00e4tzte Lesezeit":"2\u00a0Minuten"},"schema":{"@context":"https:\/\/schema.org","@graph":[{"@type":"WebPage","@id":"https:\/\/tdcenter.org\/corporate-partners\/","url":"https:\/\/tdcenter.org\/corporate-partners\/","name":"Partner with Us: Corporate Donations - Transatlantic Dialogue Center","isPartOf":{"@id":"https:\/\/tdcenter.org\/#website"},"datePublished":"2023-07-03T14:26:26+00:00","dateModified":"2023-07-03T15:53:01+00:00","description":"Support Ukraine's cause. Make a difference. Donate to the Transatlantic Dialogue Center - helping Ukraine in the face of invasion","breadcrumb":{"@id":"https:\/\/tdcenter.org\/corporate-partners\/#breadcrumb"},"inLanguage":"de","potentialAction":[{"@type":"ReadAction","target":["https:\/\/tdcenter.org\/corporate-partners\/"]}]},{"@type":"BreadcrumbList","@id":"https:\/\/tdcenter.org\/corporate-partners\/#breadcrumb","itemListElement":[{"@type":"ListItem","position":1,"name":"Home","item":"https:\/\/tdcenter.org\/"},{"@type":"ListItem","position":2,"name":"Partner with Us: Corporate Donations"}]},{"@type":"WebSite","@id":"https:\/\/tdcenter.org\/#website","url":"https:\/\/tdcenter.org\/","name":"Transatlantic Dialogue Center","description":"F\u00f6rderung des internationalen Friedens und der Sicherheit","publisher":{"@id":"https:\/\/tdcenter.org\/#organization"},"potentialAction":[{"@type":"SearchAction","target":{"@type":"EntryPoint","urlTemplate":"https:\/\/tdcenter.org\/?s={search_term_string}"},"query-input":{"@type":"PropertyValueSpecification","valueRequired":true,"valueName":"search_term_string"}}],"inLanguage":"de"},{"@type":"Organization","@id":"https:\/\/tdcenter.org\/#organization","name":"Transatlantic Dialogue Center","url":"https:\/\/tdcenter.org\/","logo":{"@type":"ImageObject","inLanguage":"de","@id":"https:\/\/tdcenter.org\/#\/schema\/logo\/image\/","url":"https:\/\/tdcenter.org\/wp-content\/uploads\/2022\/04\/google.png","contentUrl":"https:\/\/tdcenter.org\/wp-content\/uploads\/2022\/04\/google.png","width":2568,"height":2487,"caption":"Transatlantic Dialogue Center"},"image":{"@id":"https:\/\/tdcenter.org\/#\/schema\/logo\/image\/"},"sameAs":["https:\/\/www.facebook.com\/Transatlantic-Dialogue-Center-105645698740463","https:\/\/www.youtube.com\/channel\/UCpJuhU4JBfpv_jsldNOc5LA"]}]}},"mfb_rest_fields":["title","yoast_head","yoast_head_json","gutenberg_elementor_mode"],"_links":{"self":[{"href":"https:\/\/tdcenter.org\/de\/wp-json\/wp\/v2\/pages\/12619","targetHints":{"allow":["GET"]}}],"collection":[{"href":"https:\/\/tdcenter.org\/de\/wp-json\/wp\/v2\/pages"}],"about":[{"href":"https:\/\/tdcenter.org\/de\/wp-json\/wp\/v2\/types\/page"}],"author":[{"embeddable":true,"href":"https:\/\/tdcenter.org\/de\/wp-json\/wp\/v2\/users\/1"}],"replies":[{"embeddable":true,"href":"https:\/\/tdcenter.org\/de\/wp-json\/wp\/v2\/comments?post=12619"}],"version-history":[{"count":0,"href":"https:\/\/tdcenter.org\/de\/wp-json\/wp\/v2\/pages\/12619\/revisions"}],"wp:attachment":[{"href":"https:\/\/tdcenter.org\/de\/wp-json\/wp\/v2\/media?parent=12619"}],"curies":[{"name":"wp","href":"https:\/\/api.w.org\/{rel}","templated":true}]}}