{"id":12514,"date":"2023-07-03T15:12:51","date_gmt":"2023-07-03T12:12:51","guid":{"rendered":"https:\/\/tdcenter.org\/?page_id=12514"},"modified":"2023-07-03T18:09:19","modified_gmt":"2023-07-03T15:09:19","slug":"donate-us","status":"publish","type":"page","link":"https:\/\/tdcenter.org\/de\/donate-us\/","title":{"rendered":"Unterst\u00fctzen Sie uns"},"content":{"rendered":"<div data-elementor-type=\"wp-page\" data-elementor-id=\"12514\" class=\"elementor elementor-12514\" data-elementor-post-type=\"page\">\n\t\t\t\t\t\t<section class=\"elementor-section elementor-top-section elementor-element elementor-element-ae9cf90 elementor-section-boxed elementor-section-height-default elementor-section-height-default\" data-id=\"ae9cf90\" data-element_type=\"section\" data-settings=\"{&quot;ekit_has_onepagescroll_dot&quot;:&quot;yes&quot;}\">\n\t\t\t\t\t\t<div class=\"elementor-container elementor-column-gap-default\">\n\t\t\t\t\t<div class=\"elementor-column elementor-col-100 elementor-top-column elementor-element elementor-element-ebc2d80\" data-id=\"ebc2d80\" data-element_type=\"column\">\n\t\t\t<div class=\"elementor-widget-wrap elementor-element-populated\">\n\t\t\t\t\t\t<div class=\"elementor-element elementor-element-c61cf91 elementor-widget elementor-widget-heading\" data-id=\"c61cf91\" data-element_type=\"widget\" data-settings=\"{&quot;ekit_we_effect_on&quot;:&quot;none&quot;}\" data-widget_type=\"heading.default\">\n\t\t\t\t<div class=\"elementor-widget-container\">\n\t\t\t\t\t<h2 class=\"elementor-heading-title elementor-size-default\">Unterst\u00fctzen Sie uns<\/h2>\t\t\t\t<\/div>\n\t\t\t\t<\/div>\n\t\t\t\t\t<\/div>\n\t\t<\/div>\n\t\t\t\t\t<\/div>\n\t\t<\/section>\n\t\t\t\t<section class=\"elementor-section elementor-top-section elementor-element elementor-element-15c6d09 elementor-section-boxed elementor-section-height-default elementor-section-height-default\" data-id=\"15c6d09\" data-element_type=\"section\" data-settings=\"{&quot;ekit_has_onepagescroll_dot&quot;:&quot;yes&quot;}\">\n\t\t\t\t\t\t<div class=\"elementor-container elementor-column-gap-default\">\n\t\t\t\t\t<div class=\"elementor-column elementor-col-100 elementor-top-column elementor-element elementor-element-f59b4af\" data-id=\"f59b4af\" data-element_type=\"column\">\n\t\t\t<div class=\"elementor-widget-wrap elementor-element-populated\">\n\t\t\t\t\t\t<div class=\"elementor-element elementor-element-75d86f6 elementor-align-justify elementor-widget elementor-widget-button\" data-id=\"75d86f6\" data-element_type=\"widget\" data-settings=\"{&quot;ekit_we_effect_on&quot;:&quot;none&quot;}\" data-widget_type=\"button.default\">\n\t\t\t\t<div class=\"elementor-widget-container\">\n\t\t\t\t\t\t\t\t\t<div class=\"elementor-button-wrapper\">\n\t\t\t\t\t<a class=\"elementor-button elementor-button-link elementor-size-sm\" href=\"https:\/\/pay.fondy.eu\/s\/GLVoa\">\n\t\t\t\t\t\t<span class=\"elementor-button-content-wrapper\">\n\t\t\t\t\t\t\t\t\t<span class=\"elementor-button-text\">SPENDEN MIT APPLE PAY \/ GOOGLE PAY \/ MASTERCARD \/ VISA<\/span>\n\t\t\t\t\t<\/span>\n\t\t\t\t\t<\/a>\n\t\t\t\t<\/div>\n\t\t\t\t\t\t\t\t<\/div>\n\t\t\t\t<\/div>\n\t\t\t\t\t<\/div>\n\t\t<\/div>\n\t\t\t\t\t<\/div>\n\t\t<\/section>\n\t\t\t\t<section class=\"elementor-section elementor-top-section elementor-element elementor-element-6b7fb2d elementor-section-boxed elementor-section-height-default elementor-section-height-default\" data-id=\"6b7fb2d\" data-element_type=\"section\" data-settings=\"{&quot;ekit_has_onepagescroll_dot&quot;:&quot;yes&quot;}\">\n\t\t\t\t\t\t<div class=\"elementor-container elementor-column-gap-default\">\n\t\t\t\t\t<div class=\"elementor-column elementor-col-50 elementor-top-column elementor-element elementor-element-b5719cd\" data-id=\"b5719cd\" data-element_type=\"column\">\n\t\t\t<div class=\"elementor-widget-wrap elementor-element-populated\">\n\t\t\t\t\t\t<div class=\"elementor-element elementor-element-682c1cec elementor-widget elementor-widget-text-editor\" data-id=\"682c1cec\" data-element_type=\"widget\" data-settings=\"{&quot;ekit_we_effect_on&quot;:&quot;none&quot;}\" data-widget_type=\"text-editor.default\">\n\t\t\t\t<div class=\"elementor-widget-container\">\n\t\t\t\t\t\t\t\t\t\n<p>Mit Spenden an das Transatlantic Dialogue Center k\u00f6nnen Sie uns helfen, die Zukunft der Ukraine zu pr\u00e4gen. Mit Ihrer Unterst\u00fctzung f\u00f6rdern Sie direkt unsere T\u00e4tigkeit, die darin besteht, qualitativ hochwertige politische Beratung, umfassende Analysen und aufschlussreiche w\u00f6chentliche Briefings zur Lage in der Ukraine und zum breiteren Kontext der internationalen Beziehungen anzubieten.<\/p>\n\n<p>Seit der gro\u00dfangelegten Invasion Russlands in der Ukraine im Februar 2022 hat unser Thinktank nicht nur \u00fcberlebt, sondern seine Aktivit\u00e4ten ausgeweitet. Wir haben der Welt unerm\u00fcdlich die ukrainische Perspektive auf die Krise und andere internationale Angelegenheiten vermittelt und arbeiten unabl\u00e4ssig daran, dass die Stimme unseres Landes auf der globalen B\u00fchne geh\u00f6rt wird.<\/p>\n\n<p>Ihre Spende wird uns bei den folgenden Aufgaben helfen:<\/p>\n\n<ul class=\"wp-block-list\">\n<li><strong>W\u00f6chentliche Briefings produzieren<\/strong>: Wir informieren Entscheidungstr\u00e4ger, Medien und die \u00d6ffentlichkeit weltweit \u00fcber die aktuelle Lage in der Ukraine.<\/li>\n\n<li><strong>Gr\u00fcndliche Analysen durchf\u00fchren<\/strong>: Erm\u00f6glichen Sie es unserem Expertenteam, die Komplexit\u00e4t der internationalen Beziehungen zu erforschen und faktengest\u00fctzte politische Beratung sowie strategische Erkenntnisse zu vermitteln.<\/li>\n\n<li><strong>Infografiken erstellen<\/strong>: Tragen Sie zur Ausarbeitung und Verbreitung von visuell ansprechenden Infografiken bei, die komplexe Daten vereinfachen und sie f\u00fcr ein breites Publikum zug\u00e4nglich und verst\u00e4ndlich machen.<\/li>\n\n<li><strong>Ukrainische Jugend bef\u00e4higen<\/strong>: Unterst\u00fctzen Sie Projekte, die darauf abzielen, die ukrainische Jugend zu f\u00f6rdern und sie darauf vorzubereiten, die F\u00fchrungskr\u00e4fte der Zukunft zu werden.<\/li>\n<\/ul>\n\n<p>Wir sind von der Macht der Information, der St\u00e4rke der strategischen Analyse und dem Potenzial der ukrainischen Jugend fest \u00fcberzeugt. Unsere Arbeit ist wichtig f\u00fcr die Gestaltung der ukrainischen Au\u00dfenpolitik und ihrer globalen Perspektive. Mit Ihrer Spende k\u00f6nnen Sie nicht nur uns unterst\u00fctzen, sondern auch einen Beitrag zu einer besser informierten, verst\u00e4ndnisvolleren und friedlicheren Welt leisten.<\/p>\n\n<p>Jede Spende macht einen gro\u00dfen Unterschied. Mit jeder Spende k\u00f6nnen wir unsere Arbeit fortsetzen und ausbauen und somit den st\u00e4ndigen Fluss wichtiger Informationen aus der Ukraine in die Welt sicherstellen. Wir sind dankbar f\u00fcr Ihre Unterst\u00fctzung und versprechen, jede Spende bestm\u00f6glich zu nutzen.<\/p>\n\n<p>Spenden Sie f\u00fcr die Ukraine. Unterst\u00fctzen Sie TDC. Setzen Sie sich f\u00fcr Demokratie und Frieden ein.<\/p>\n\t\t\t\t\t\t\t\t<\/div>\n\t\t\t\t<\/div>\n\t\t\t\t\t<\/div>\n\t\t<\/div>\n\t\t\t\t<div class=\"elementor-column elementor-col-50 elementor-top-column elementor-element elementor-element-97e0a2c\" data-id=\"97e0a2c\" data-element_type=\"column\">\n\t\t\t<div class=\"elementor-widget-wrap elementor-element-populated\">\n\t\t\t\t\t\t<div class=\"elementor-element elementor-element-172ee17 elementor-hidden-mobile elementor-widget elementor-widget-image\" data-id=\"172ee17\" data-element_type=\"widget\" data-settings=\"{&quot;ekit_we_effect_on&quot;:&quot;none&quot;}\" data-widget_type=\"image.default\">\n\t\t\t\t<div class=\"elementor-widget-container\">\n\t\t\t\t\t\t\t\t\t\t\t\t\t\t\t<img fetchpriority=\"high\" decoding=\"async\" width=\"800\" height=\"800\" src=\"https:\/\/tdcenter.org\/wp-content\/uploads\/2023\/07\/a5985032-dd25-4cc3-9241-7256c41a4acc-1.svg\" class=\"attachment-large size-large wp-image-12581\" alt=\"\" \/>\t\t\t\t\t\t\t\t\t\t\t\t\t\t\t<\/div>\n\t\t\t\t<\/div>\n\t\t\t\t<section class=\"elementor-section elementor-inner-section elementor-element elementor-element-1801d70 elementor-section-boxed elementor-section-height-default elementor-section-height-default\" data-id=\"1801d70\" data-element_type=\"section\" data-settings=\"{&quot;ekit_has_onepagescroll_dot&quot;:&quot;yes&quot;}\">\n\t\t\t\t\t\t<div class=\"elementor-container elementor-column-gap-default\">\n\t\t\t\t\t<div class=\"elementor-column elementor-col-100 elementor-inner-column elementor-element elementor-element-f69ddb3\" data-id=\"f69ddb3\" data-element_type=\"column\">\n\t\t\t<div class=\"elementor-widget-wrap elementor-element-populated\">\n\t\t\t\t\t\t<div class=\"elementor-element elementor-element-cdaba8a elementor-widget elementor-widget-text-editor\" data-id=\"cdaba8a\" data-element_type=\"widget\" data-settings=\"{&quot;ekit_we_effect_on&quot;:&quot;none&quot;}\" data-widget_type=\"text-editor.default\">\n\t\t\t\t<div class=\"elementor-widget-container\">\n\t\t\t\t\t\t\t\t\t<p><strong>Unser Spendenkonto:<\/strong><\/p>\n<ul>\n<li>Bankverbindung: JSB \u201cUKRGASBANK\u201d<\/li>\n<li>SWIFT BIC: UGASUAUKXXX<\/li>\n<li>Kontonummer: UA043204780000026005924918510<\/li>\n<li>W\u00e4hrungen: USD, GBP und EUR<\/li>\n<\/ul>\n<p>\u00a0<\/p>\n<p>Bitte geben Sie im Abschnitt \"Zahlungszweck\" den Vermerk \"Unwiderrufliche gemeinn\u00fctzige Spende\" an. So k\u00f6nnen wir Ihre Spende leicht identifizieren und zuordnen.<\/p>\t\t\t\t\t\t\t\t<\/div>\n\t\t\t\t<\/div>\n\t\t\t\t\t<\/div>\n\t\t<\/div>\n\t\t\t\t\t<\/div>\n\t\t<\/section>\n\t\t\t\t\t<\/div>\n\t\t<\/div>\n\t\t\t\t\t<\/div>\n\t\t<\/section>\n\t\t\t\t<section class=\"elementor-section elementor-top-section elementor-element elementor-element-b866715 elementor-section-boxed elementor-section-height-default elementor-section-height-default\" data-id=\"b866715\" data-element_type=\"section\" data-settings=\"{&quot;ekit_has_onepagescroll_dot&quot;:&quot;yes&quot;}\">\n\t\t\t\t\t\t<div class=\"elementor-container elementor-column-gap-default\">\n\t\t\t\t\t<div class=\"elementor-column elementor-col-100 elementor-top-column elementor-element elementor-element-f59b4af\" data-id=\"f59b4af\" data-element_type=\"column\">\n\t\t\t<div class=\"elementor-widget-wrap elementor-element-populated\">\n\t\t\t\t\t\t<div class=\"elementor-element elementor-element-75d86f6 elementor-align-justify elementor-widget elementor-widget-button\" data-id=\"75d86f6\" data-element_type=\"widget\" data-settings=\"{&quot;ekit_we_effect_on&quot;:&quot;none&quot;}\" data-widget_type=\"button.default\">\n\t\t\t\t<div class=\"elementor-widget-container\">\n\t\t\t\t\t\t\t\t\t<div class=\"elementor-button-wrapper\">\n\t\t\t\t\t<a class=\"elementor-button elementor-button-link elementor-size-sm\" href=\"https:\/\/pay.fondy.eu\/s\/GLVoa\">\n\t\t\t\t\t\t<span class=\"elementor-button-content-wrapper\">\n\t\t\t\t\t\t\t\t\t<span class=\"elementor-button-text\">SPENDEN MIT APPLE PAY \/ GOOGLE PAY \/ MASTERCARD \/ VISA<\/span>\n\t\t\t\t\t<\/span>\n\t\t\t\t\t<\/a>\n\t\t\t\t<\/div>\n\t\t\t\t\t\t\t\t<\/div>\n\t\t\t\t<\/div>\n\t\t\t\t\t<\/div>\n\t\t<\/div>\n\t\t\t\t\t<\/div>\n\t\t<\/section>\n\t\t\t\t<\/div>","protected":false},"excerpt":{"rendered":"<p>Donate Us DONATE WITH APPLE PAY \/ GOOGLE PAY\/ MASTERCARD \/ VISA Help us shape the future of Ukraine by donating to the Transatlantic Dialogue Center. Your generosity will directly support our mission of providing high-quality policy advice, comprehensive analysis, and insightful weekly briefings on the situation in Ukraine and the broader international relations landscape. [&hellip;]<\/p>","protected":false},"author":1,"featured_media":0,"parent":0,"menu_order":0,"comment_status":"closed","ping_status":"closed","template":"","meta":{"footnotes":""},"class_list":["post-12514","page","type-page","status-publish","hentry"],"mb":[],"yoast_head":"<!-- This site is optimized with the Yoast SEO Premium plugin v25.6 (Yoast SEO v25.6) - https:\/\/yoast.com\/wordpress\/plugins\/seo\/ -->\n<title>Donate us - Transatlantic Dialogue Center<\/title>\n<meta name=\"description\" content=\"Your donation can help the Transatlantic Dialogue Center continue its crucial work in Ukraine. Donate Ukraine, support democracy, and contribute to peace.\" \/>\n<meta name=\"robots\" content=\"index, follow, max-snippet:-1, max-image-preview:large, max-video-preview:-1\" \/>\n<link rel=\"canonical\" href=\"https:\/\/tdcenter.org\/de\/donate-us\/\" \/>\n<meta property=\"og:locale\" content=\"de_DE\" \/>\n<meta property=\"og:type\" content=\"article\" \/>\n<meta property=\"og:title\" content=\"Donate us\" \/>\n<meta property=\"og:description\" content=\"Transatlantic Dialogue Center (TDC) is a non-governmental and non-partisan think tank that provides high-quality policy advice to private and public clients. The network of our friends and partners includes government officials, members of parliaments, businessmen, journalists, experts and analysts.\" \/>\n<meta property=\"og:url\" content=\"https:\/\/tdcenter.org\/de\/donate-us\/\" \/>\n<meta property=\"og:site_name\" content=\"Transatlantic Dialogue Center\" \/>\n<meta property=\"article:publisher\" content=\"https:\/\/www.facebook.com\/Transatlantic-Dialogue-Center-105645698740463\" \/>\n<meta property=\"article:modified_time\" content=\"2023-07-03T15:09:19+00:00\" \/>\n<meta property=\"og:image\" content=\"https:\/\/tdcenter.org\/wp-content\/uploads\/2023\/07\/a5985032-dd25-4cc3-9241-7256c41a4acc-1.svg\" \/>\n<meta name=\"twitter:card\" content=\"summary_large_image\" \/>\n<meta name=\"twitter:label1\" content=\"Gesch\u00e4tzte Lesezeit\" \/>\n\t<meta name=\"twitter:data1\" content=\"2\u00a0Minuten\" \/>\n<script type=\"application\/ld+json\" class=\"yoast-schema-graph\">{\"@context\":\"https:\/\/schema.org\",\"@graph\":[{\"@type\":\"WebPage\",\"@id\":\"https:\/\/tdcenter.org\/donate-us\/\",\"url\":\"https:\/\/tdcenter.org\/donate-us\/\",\"name\":\"Donate us - Transatlantic Dialogue Center\",\"isPartOf\":{\"@id\":\"https:\/\/tdcenter.org\/#website\"},\"primaryImageOfPage\":{\"@id\":\"https:\/\/tdcenter.org\/donate-us\/#primaryimage\"},\"image\":{\"@id\":\"https:\/\/tdcenter.org\/donate-us\/#primaryimage\"},\"thumbnailUrl\":\"https:\/\/tdcenter.org\/wp-content\/uploads\/2023\/07\/a5985032-dd25-4cc3-9241-7256c41a4acc-1.svg\",\"datePublished\":\"2023-07-03T12:12:51+00:00\",\"dateModified\":\"2023-07-03T15:09:19+00:00\",\"description\":\"Your donation can help the Transatlantic Dialogue Center continue its crucial work in Ukraine. Donate Ukraine, support democracy, and contribute to peace.\",\"breadcrumb\":{\"@id\":\"https:\/\/tdcenter.org\/donate-us\/#breadcrumb\"},\"inLanguage\":\"de\",\"potentialAction\":[{\"@type\":\"ReadAction\",\"target\":[\"https:\/\/tdcenter.org\/donate-us\/\"]}]},{\"@type\":\"ImageObject\",\"inLanguage\":\"de\",\"@id\":\"https:\/\/tdcenter.org\/donate-us\/#primaryimage\",\"url\":\"https:\/\/tdcenter.org\/wp-content\/uploads\/2023\/07\/a5985032-dd25-4cc3-9241-7256c41a4acc-1.svg\",\"contentUrl\":\"https:\/\/tdcenter.org\/wp-content\/uploads\/2023\/07\/a5985032-dd25-4cc3-9241-7256c41a4acc-1.svg\"},{\"@type\":\"BreadcrumbList\",\"@id\":\"https:\/\/tdcenter.org\/donate-us\/#breadcrumb\",\"itemListElement\":[{\"@type\":\"ListItem\",\"position\":1,\"name\":\"Home\",\"item\":\"https:\/\/tdcenter.org\/\"},{\"@type\":\"ListItem\",\"position\":2,\"name\":\"Donate us\"}]},{\"@type\":\"WebSite\",\"@id\":\"https:\/\/tdcenter.org\/#website\",\"url\":\"https:\/\/tdcenter.org\/\",\"name\":\"Transatlantic Dialogue Center\",\"description\":\"Promoting International Peace and Security\",\"publisher\":{\"@id\":\"https:\/\/tdcenter.org\/#organization\"},\"potentialAction\":[{\"@type\":\"SearchAction\",\"target\":{\"@type\":\"EntryPoint\",\"urlTemplate\":\"https:\/\/tdcenter.org\/?s={search_term_string}\"},\"query-input\":{\"@type\":\"PropertyValueSpecification\",\"valueRequired\":true,\"valueName\":\"search_term_string\"}}],\"inLanguage\":\"de\"},{\"@type\":\"Organization\",\"@id\":\"https:\/\/tdcenter.org\/#organization\",\"name\":\"Transatlantic Dialogue Center\",\"url\":\"https:\/\/tdcenter.org\/\",\"logo\":{\"@type\":\"ImageObject\",\"inLanguage\":\"de\",\"@id\":\"https:\/\/tdcenter.org\/#\/schema\/logo\/image\/\",\"url\":\"https:\/\/tdcenter.org\/wp-content\/uploads\/2022\/04\/google.png\",\"contentUrl\":\"https:\/\/tdcenter.org\/wp-content\/uploads\/2022\/04\/google.png\",\"width\":2568,\"height\":2487,\"caption\":\"Transatlantic Dialogue Center\"},\"image\":{\"@id\":\"https:\/\/tdcenter.org\/#\/schema\/logo\/image\/\"},\"sameAs\":[\"https:\/\/www.facebook.com\/Transatlantic-Dialogue-Center-105645698740463\",\"https:\/\/www.youtube.com\/channel\/UCpJuhU4JBfpv_jsldNOc5LA\"]}]}<\/script>\n<!-- \/ Yoast SEO Premium plugin. -->","yoast_head_json":{"title":"Donate us - Transatlantic Dialogue Center","description":"Your donation can help the Transatlantic Dialogue Center continue its crucial work in Ukraine. Donate Ukraine, support democracy, and contribute to peace.","robots":{"index":"index","follow":"follow","max-snippet":"max-snippet:-1","max-image-preview":"max-image-preview:large","max-video-preview":"max-video-preview:-1"},"canonical":"https:\/\/tdcenter.org\/de\/donate-us\/","og_locale":"de_DE","og_type":"article","og_title":"Donate us","og_description":"Transatlantic Dialogue Center (TDC) is a non-governmental and non-partisan think tank that provides high-quality policy advice to private and public clients. The network of our friends and partners includes government officials, members of parliaments, businessmen, journalists, experts and analysts.","og_url":"https:\/\/tdcenter.org\/de\/donate-us\/","og_site_name":"Transatlantic Dialogue Center","article_publisher":"https:\/\/www.facebook.com\/Transatlantic-Dialogue-Center-105645698740463","article_modified_time":"2023-07-03T15:09:19+00:00","og_image":[{"url":"https:\/\/tdcenter.org\/wp-content\/uploads\/2023\/07\/a5985032-dd25-4cc3-9241-7256c41a4acc-1.svg","type":"","width":"","height":""}],"twitter_card":"summary_large_image","twitter_misc":{"Gesch\u00e4tzte Lesezeit":"2\u00a0Minuten"},"schema":{"@context":"https:\/\/schema.org","@graph":[{"@type":"WebPage","@id":"https:\/\/tdcenter.org\/donate-us\/","url":"https:\/\/tdcenter.org\/donate-us\/","name":"Donate us - Transatlantic Dialogue Center","isPartOf":{"@id":"https:\/\/tdcenter.org\/#website"},"primaryImageOfPage":{"@id":"https:\/\/tdcenter.org\/donate-us\/#primaryimage"},"image":{"@id":"https:\/\/tdcenter.org\/donate-us\/#primaryimage"},"thumbnailUrl":"https:\/\/tdcenter.org\/wp-content\/uploads\/2023\/07\/a5985032-dd25-4cc3-9241-7256c41a4acc-1.svg","datePublished":"2023-07-03T12:12:51+00:00","dateModified":"2023-07-03T15:09:19+00:00","description":"Your donation can help the Transatlantic Dialogue Center continue its crucial work in Ukraine. Donate Ukraine, support democracy, and contribute to peace.","breadcrumb":{"@id":"https:\/\/tdcenter.org\/donate-us\/#breadcrumb"},"inLanguage":"de","potentialAction":[{"@type":"ReadAction","target":["https:\/\/tdcenter.org\/donate-us\/"]}]},{"@type":"ImageObject","inLanguage":"de","@id":"https:\/\/tdcenter.org\/donate-us\/#primaryimage","url":"https:\/\/tdcenter.org\/wp-content\/uploads\/2023\/07\/a5985032-dd25-4cc3-9241-7256c41a4acc-1.svg","contentUrl":"https:\/\/tdcenter.org\/wp-content\/uploads\/2023\/07\/a5985032-dd25-4cc3-9241-7256c41a4acc-1.svg"},{"@type":"BreadcrumbList","@id":"https:\/\/tdcenter.org\/donate-us\/#breadcrumb","itemListElement":[{"@type":"ListItem","position":1,"name":"Home","item":"https:\/\/tdcenter.org\/"},{"@type":"ListItem","position":2,"name":"Donate us"}]},{"@type":"WebSite","@id":"https:\/\/tdcenter.org\/#website","url":"https:\/\/tdcenter.org\/","name":"Transatlantic Dialogue Center","description":"F\u00f6rderung des internationalen Friedens und der Sicherheit","publisher":{"@id":"https:\/\/tdcenter.org\/#organization"},"potentialAction":[{"@type":"SearchAction","target":{"@type":"EntryPoint","urlTemplate":"https:\/\/tdcenter.org\/?s={search_term_string}"},"query-input":{"@type":"PropertyValueSpecification","valueRequired":true,"valueName":"search_term_string"}}],"inLanguage":"de"},{"@type":"Organization","@id":"https:\/\/tdcenter.org\/#organization","name":"Transatlantic Dialogue Center","url":"https:\/\/tdcenter.org\/","logo":{"@type":"ImageObject","inLanguage":"de","@id":"https:\/\/tdcenter.org\/#\/schema\/logo\/image\/","url":"https:\/\/tdcenter.org\/wp-content\/uploads\/2022\/04\/google.png","contentUrl":"https:\/\/tdcenter.org\/wp-content\/uploads\/2022\/04\/google.png","width":2568,"height":2487,"caption":"Transatlantic Dialogue Center"},"image":{"@id":"https:\/\/tdcenter.org\/#\/schema\/logo\/image\/"},"sameAs":["https:\/\/www.facebook.com\/Transatlantic-Dialogue-Center-105645698740463","https:\/\/www.youtube.com\/channel\/UCpJuhU4JBfpv_jsldNOc5LA"]}]}},"mfb_rest_fields":["title","yoast_head","yoast_head_json","gutenberg_elementor_mode"],"_links":{"self":[{"href":"https:\/\/tdcenter.org\/de\/wp-json\/wp\/v2\/pages\/12514","targetHints":{"allow":["GET"]}}],"collection":[{"href":"https:\/\/tdcenter.org\/de\/wp-json\/wp\/v2\/pages"}],"about":[{"href":"https:\/\/tdcenter.org\/de\/wp-json\/wp\/v2\/types\/page"}],"author":[{"embeddable":true,"href":"https:\/\/tdcenter.org\/de\/wp-json\/wp\/v2\/users\/1"}],"replies":[{"embeddable":true,"href":"https:\/\/tdcenter.org\/de\/wp-json\/wp\/v2\/comments?post=12514"}],"version-history":[{"count":0,"href":"https:\/\/tdcenter.org\/de\/wp-json\/wp\/v2\/pages\/12514\/revisions"}],"wp:attachment":[{"href":"https:\/\/tdcenter.org\/de\/wp-json\/wp\/v2\/media?parent=12514"}],"curies":[{"name":"wp","href":"https:\/\/api.w.org\/{rel}","templated":true}]}}